{"id":13834,"date":"2024-02-07T14:57:45","date_gmt":"2024-02-07T11:57:45","guid":{"rendered":"https:\/\/armaganas.com\/?post_type=product&#038;p=13834"},"modified":"2026-04-14T15:00:49","modified_gmt":"2026-04-14T12:00:49","slug":"rubio-monocoat-oil-plus-275ml-b-komponent","status":"publish","type":"product","link":"https:\/\/armaganas.com\/en\/product\/rubio-monocoat-oil-plus-275ml-b-komponent\/","title":{"rendered":"Rubio Monocoat Oil Plus &#8211; 100ml  Komponent (B) Sertle\u015ftirici"},"content":{"rendered":"<p><strong>Rubio Monocoat Oil Plus <\/strong>\u00a0 i\u00e7 mek\u00e2n ah\u015fap y\u00fczeyler \u00fczerinde kullan\u0131lan RMC Accelerator (B) bile\u015feni bir sertle\u015ftirici. H\u0131zl\u0131 kuruma gerektiren i\u00e7 mek\u00e2n uygulamalar\u0131 i\u00e7in \u00e7ok uygundur.<br \/>\n*It is suitable for use on solid and coated products with a raw surface. It protects your products and beautifies their appearance without disturbing the natural appearance of the wood and without forming a film on the surface.<\/p>\n<p><strong>* It is produced from 100% natural products, does not contain any harmful chemicals. It is suitable for use in food contact and baby products.<\/strong><\/p>\n<p>*Can be applied without the need for professional skills.<\/p>\n<p>This product is also highly suitable for industrial applications consisting of both oxidative and UV processes.<\/p>\n<p><strong>PACKAGING:<\/strong><\/p>\n<p><strong>100 ml bir kapta:<\/strong><\/p>\n<p>100 ml RMC Accelerator (B)<\/p>\n<p>&nbsp;<\/p>\n<p><strong>\u00dcr\u00fcn Uygulama Videolar\u0131:<\/strong><\/p>\n<p><iframe title=\"Rubio Monocoat Ya\u011flama \u0130\u015flemi ve \u00d6n Haz\u0131rl\u0131klar\u0131\" width=\"640\" height=\"360\" src=\"https:\/\/www.youtube.com\/embed\/UVUsuEB17ow?feature=oembed\" frameborder=\"0\" allow=\"accelerometer; autoplay; clipboard-write; encrypted-media; gyroscope; picture-in-picture; web-share\" referrerpolicy=\"strict-origin-when-cross-origin\" allowfullscreen><\/iframe><\/p>\n<p><iframe title=\"How to oil your wooden table with the Oil Plus 2C | Rubio Monocoat\" width=\"640\" height=\"360\" src=\"https:\/\/www.youtube.com\/embed\/3noy_O2I4FU?feature=oembed\" frameborder=\"0\" allow=\"accelerometer; autoplay; clipboard-write; encrypted-media; gyroscope; picture-in-picture; web-share\" referrerpolicy=\"strict-origin-when-cross-origin\" allowfullscreen><\/iframe><\/p>","protected":false},"excerpt":{"rendered":"<p><strong>Rubio Monocoat Oil Plus <\/strong>\u00a0i\u00e7 mek\u00e2n ah\u015fap y\u00fczeyler \u00fczerinde kullan\u0131lan RMC Accelerator (B) bile\u015feni bir sertle\u015ftirici. H\u0131zl\u0131 kuruma gerektiren i\u00e7 mek\u00e2n uygulamalar\u0131 i\u00e7in \u00e7ok uygundur.<\/p>\n<p>*It is suitable for use on solid and coated products with a raw surface. It protects your products and beautifies their appearance without disturbing the natural appearance of the wood and without forming a film on the surface.<\/p>\n<p><strong>* It is produced from 100% natural products, does not contain any harmful chemicals. It is suitable for use in food contact and baby products.<\/strong><\/p>\n<p>*Can be applied without the need for professional skills.<\/p>\n<p>This product is also highly suitable for industrial applications consisting of both oxidative and UV processes.<\/p>\n<p><strong>PACKAGING:<\/strong><\/p>\n<p><strong>100 ml bir kapta:<\/strong><\/p>\n<p>100 ml RMC Accelerator (B)<\/p>","protected":false},"featured_media":13896,"comment_status":"closed","ping_status":"closed","template":"","meta":[],"product_brand":[],"product_cat":[91],"product_tag":[308,311,313,310,309,314,312],"class_list":{"0":"post-13834","1":"product","2":"type-product","3":"status-publish","4":"has-post-thumbnail","6":"product_cat-ic-mekan-yag","7":"product_tag-ahsap-yaglari","8":"product_tag-dogal-masif-yaglari","9":"product_tag-parke-yagi","10":"product_tag-rmc-turkey","11":"product_tag-rubio-monocoat","12":"product_tag-tik-yagi","13":"product_tag-wood-oil-extra","14":"product_shipping_class-kargo-komp","16":"first","17":"instock","18":"sale","19":"taxable","20":"shipping-taxable","21":"purchasable","22":"product-type-simple"},"_links":{"self":[{"href":"https:\/\/armaganas.com\/en\/wp-json\/wp\/v2\/product\/13834","targetHints":{"allow":["GET"]}}],"collection":[{"href":"https:\/\/armaganas.com\/en\/wp-json\/wp\/v2\/product"}],"about":[{"href":"https:\/\/armaganas.com\/en\/wp-json\/wp\/v2\/types\/product"}],"replies":[{"embeddable":true,"href":"https:\/\/armaganas.com\/en\/wp-json\/wp\/v2\/comments?post=13834"}],"wp:featuredmedia":[{"embeddable":true,"href":"https:\/\/armaganas.com\/en\/wp-json\/wp\/v2\/media\/13896"}],"wp:attachment":[{"href":"https:\/\/armaganas.com\/en\/wp-json\/wp\/v2\/media?parent=13834"}],"wp:term":[{"taxonomy":"product_brand","embeddable":true,"href":"https:\/\/armaganas.com\/en\/wp-json\/wp\/v2\/product_brand?post=13834"},{"taxonomy":"product_cat","embeddable":true,"href":"https:\/\/armaganas.com\/en\/wp-json\/wp\/v2\/product_cat?post=13834"},{"taxonomy":"product_tag","embeddable":true,"href":"https:\/\/armaganas.com\/en\/wp-json\/wp\/v2\/product_tag?post=13834"}],"curies":[{"name":"wp","href":"https:\/\/api.w.org\/{rel}","templated":true}]}}