{"id":13683,"date":"2024-02-02T15:38:50","date_gmt":"2024-02-02T12:38:50","guid":{"rendered":"https:\/\/armaganas.com\/?post_type=product&#038;p=13683"},"modified":"2026-04-14T15:03:51","modified_gmt":"2026-04-14T12:03:51","slug":"bondex-teak-tik-yagi-25l","status":"publish","type":"product","link":"https:\/\/armaganas.com\/en\/product\/bondex-teak-tik-yagi-25l\/","title":{"rendered":"Bondex Teak (Tik) Ya\u011f\u0131 (2,5 L)"},"content":{"rendered":"<p>BONDEX<br \/>\nBondex, 50 y\u0131ll\u0131k arge sonu\u00e7lar\u0131ndan ortaya \u00e7\u0131km\u0131\u015f d\u00fcnya piyasas\u0131ndaki en kaliteli ah\u015fap koruma \u00fcr\u00fcn yelpazesi sunan Danimarka merkezli markad\u0131r.<br \/>\nBondex, Kuzey Avrupa\u2019n\u0131n iklim \u015fartlar\u0131nda yayg\u0131n kullan\u0131lan i\u00e7 ve d\u0131\u015f mekan do\u011fal ah\u015fap \u00fcr\u00fcnlerini, d\u0131\u015f cephe \u00fcr\u00fcnlerini, i\u00e7 ve d\u0131\u015f yer kaplamalar\u0131n\u0131 temel alarak y\u0131llar\u0131n tecr\u00fcbesi ve aral\u0131ks\u0131z arge \u00e7al\u0131\u015fmalar\u0131 sonucunda, en etkili kullan\u0131m sa\u011flayan, en derinlemesine n\u00fcfuz eden ve en uzun s\u00fcre dayanabilen \u00fcr\u00fcnleri d\u00fcnya piyasas\u0131na sunmu\u015ftur.<br \/>\nBondex ah\u015fap koruma \u00fcr\u00fcnleri, d\u00fcnyan\u0131n \u00f6nde gelen otomobil, end\u00fcstriyel, paketleme, dekoratif boya, fiberglas (camy\u00fcn\u00fc) \u00fcr\u00fcn ve hizmet sa\u011flay\u0131c\u0131lar\u0131ndan PPG Industries \u00e7at\u0131s\u0131 alt\u0131nda yer alan ve kendi s\u0131n\u0131f\u0131nda d\u00fcnyan\u0131n en iyisi olarak bilinen ah\u015fap koruma \u00fcr\u00fcnleri markas\u0131d\u0131r.<br \/>\nSat\u0131n alma maliyetinde ekonomik olmas\u0131 dikkate al\u0131nmal\u0131 ve tercihiniz, size uzun vadeli kaliteli sonu\u00e7 verecek \u00fcr\u00fcnlerden yana olmal\u0131d\u0131r. Bondex \u00fcr\u00fcnleri bu noktada tercih sebebidir.<br \/>\nBONDEX Decking Oil &#8211; Solvent Bazl\u0131 Deck Ya\u011f\u0131 \/ D\u0131\u015f Mekan<br \/>\nBONDEX Decking Oil ah\u015fap teras ve deck y\u00fczeyler i\u00e7in solvent bazl\u0131, yar\u0131 \u015feffaf ya\u011fd\u0131r. Y\u00fczeyi k\u00fcf ve mantardan korur.<br \/>\nKullan\u0131m alanlar\u0131:<br \/>\nDeckler, k\u00f6pr\u00fcler, merdivenler, balkon korkuluklar\u0131, \u00e7at\u0131 sa\u00e7aklar\u0131, \u00e7itler, pergolalar.<br \/>\n\u00d6zellikler:<br \/>\n\u2022\tK\u00fcf ve mantara kar\u015f\u0131 ah\u015fab\u0131n y\u00fczeyini korur.<br \/>\n\u2022\tTik, meranti, ipe ve nyatoh vb. egzotik a\u011fa\u00e7 t\u00fcrleri dahil her t\u00fcrl\u00fc ah\u015fap \u00e7e\u015fidine uygundur.<br \/>\n\u2022\tSu iticidir, UV korumal\u0131d\u0131r.<br \/>\nT\u00fcketim:<br \/>\nUygulama metoduna, ah\u015fab\u0131n emicili\u011fine ve y\u00fczeyin kalitesine ba\u011fl\u0131 olarak yakla\u015f\u0131k 7-12 m\u00b2\/ L (2,5 LT ambalaj i\u00e7in 18-30 m2 uygulama alan\u0131 sa\u011flar.)<br \/>\nAmbalaj: 2.5L<br \/>\nRenk: \u015eeffaf<\/p>","protected":false},"excerpt":{"rendered":"<p>BONDEX<br \/>\nBondex, 50 y\u0131ll\u0131k arge sonu\u00e7lar\u0131ndan ortaya \u00e7\u0131km\u0131\u015f d\u00fcnya piyasas\u0131ndaki en kaliteli ah\u015fap koruma \u00fcr\u00fcn yelpazesi sunan Danimarka merkezli markad\u0131r.<br \/>\nBondex, Kuzey Avrupa\u2019n\u0131n iklim \u015fartlar\u0131nda yayg\u0131n kullan\u0131lan i\u00e7 ve d\u0131\u015f mekan do\u011fal ah\u015fap \u00fcr\u00fcnlerini, d\u0131\u015f cephe \u00fcr\u00fcnlerini, i\u00e7 ve d\u0131\u015f yer kaplamalar\u0131n\u0131 temel alarak y\u0131llar\u0131n tecr\u00fcbesi ve aral\u0131ks\u0131z arge \u00e7al\u0131\u015fmalar\u0131 sonucunda, en etkili kullan\u0131m sa\u011flayan, en derinlemesine n\u00fcfuz eden ve en uzun s\u00fcre dayanabilen \u00fcr\u00fcnleri d\u00fcnya piyasas\u0131na sunmu\u015ftur.<br \/>\nBondex ah\u015fap koruma \u00fcr\u00fcnleri, d\u00fcnyan\u0131n \u00f6nde gelen otomobil, end\u00fcstriyel, paketleme, dekoratif boya, fiberglas (camy\u00fcn\u00fc) \u00fcr\u00fcn ve hizmet sa\u011flay\u0131c\u0131lar\u0131ndan PPG Industries \u00e7at\u0131s\u0131 alt\u0131nda yer alan ve kendi s\u0131n\u0131f\u0131nda d\u00fcnyan\u0131n en iyisi olarak bilinen ah\u015fap koruma \u00fcr\u00fcnleri markas\u0131d\u0131r.<br \/>\nSat\u0131n alma maliyetinde ekonomik olmas\u0131 dikkate al\u0131nmal\u0131 ve tercihiniz, size uzun vadeli kaliteli sonu\u00e7 verecek \u00fcr\u00fcnlerden yana olmal\u0131d\u0131r. Bondex \u00fcr\u00fcnleri bu noktada tercih sebebidir.<br \/>\nBONDEX Decking Oil &#8211; Solvent Bazl\u0131 Deck Ya\u011f\u0131 \/ D\u0131\u015f Mekan<br \/>\nBONDEX Decking Oil ah\u015fap teras ve deck y\u00fczeyler i\u00e7in solvent bazl\u0131, yar\u0131 \u015feffaf ya\u011fd\u0131r. Y\u00fczeyi k\u00fcf ve mantardan korur.<br \/>\nKullan\u0131m alanlar\u0131:<br \/>\nDeckler, k\u00f6pr\u00fcler, merdivenler, balkon korkuluklar\u0131, \u00e7at\u0131 sa\u00e7aklar\u0131, \u00e7itler, pergolalar.<br \/>\n\u00d6zellikler:<br \/>\n\u2022\tK\u00fcf ve mantara kar\u015f\u0131 ah\u015fab\u0131n y\u00fczeyini korur.<br \/>\n\u2022\tTik, meranti, ipe ve nyatoh vb. egzotik a\u011fa\u00e7 t\u00fcrleri dahil her t\u00fcrl\u00fc ah\u015fap \u00e7e\u015fidine uygundur.<br \/>\n\u2022\tSu iticidir, UV korumal\u0131d\u0131r.<br \/>\nT\u00fcketim:<br \/>\nUygulama metoduna, ah\u015fab\u0131n emicili\u011fine ve y\u00fczeyin kalitesine ba\u011fl\u0131 olarak yakla\u015f\u0131k 7-12 m\u00b2\/ L (2,5 LT ambalaj i\u00e7in 18-30 m2 uygulama alan\u0131 sa\u011flar.)<br \/>\nAmbalaj: 2.5L<br \/>\nRenk: \u015eeffaf<\/p>","protected":false},"featured_media":13684,"comment_status":"closed","ping_status":"closed","template":"","meta":[],"product_brand":[],"product_cat":[92],"product_tag":[308,311,370,325,312],"class_list":{"0":"post-13683","1":"product","2":"type-product","3":"status-publish","4":"has-post-thumbnail","6":"product_cat-dis-mekan-yag","7":"product_tag-ahsap-yaglari","8":"product_tag-dogal-masif-yaglari","9":"product_tag-teak-yag","10":"product_tag-turkiye","11":"product_tag-wood-oil-extra","12":"product_shipping_class-kargo-yag","14":"first","15":"instock","16":"sale","17":"taxable","18":"shipping-taxable","19":"purchasable","20":"product-type-simple"},"_links":{"self":[{"href":"https:\/\/armaganas.com\/en\/wp-json\/wp\/v2\/product\/13683","targetHints":{"allow":["GET"]}}],"collection":[{"href":"https:\/\/armaganas.com\/en\/wp-json\/wp\/v2\/product"}],"about":[{"href":"https:\/\/armaganas.com\/en\/wp-json\/wp\/v2\/types\/product"}],"replies":[{"embeddable":true,"href":"https:\/\/armaganas.com\/en\/wp-json\/wp\/v2\/comments?post=13683"}],"wp:featuredmedia":[{"embeddable":true,"href":"https:\/\/armaganas.com\/en\/wp-json\/wp\/v2\/media\/13684"}],"wp:attachment":[{"href":"https:\/\/armaganas.com\/en\/wp-json\/wp\/v2\/media?parent=13683"}],"wp:term":[{"taxonomy":"product_brand","embeddable":true,"href":"https:\/\/armaganas.com\/en\/wp-json\/wp\/v2\/product_brand?post=13683"},{"taxonomy":"product_cat","embeddable":true,"href":"https:\/\/armaganas.com\/en\/wp-json\/wp\/v2\/product_cat?post=13683"},{"taxonomy":"product_tag","embeddable":true,"href":"https:\/\/armaganas.com\/en\/wp-json\/wp\/v2\/product_tag?post=13683"}],"curies":[{"name":"wp","href":"https:\/\/api.w.org\/{rel}","templated":true}]}}