{"id":13525,"date":"2023-10-25T14:14:58","date_gmt":"2023-10-25T11:14:58","guid":{"rendered":"https:\/\/armaganas.com\/?post_type=product&#038;p=13525"},"modified":"2023-12-11T13:42:55","modified_gmt":"2023-12-11T10:42:55","slug":"cam-lambri","status":"publish","type":"product","link":"https:\/\/armaganas.com\/en\/product\/cam-lambri\/","title":{"rendered":"Pine Cladding"},"content":{"rendered":"","protected":false},"excerpt":{"rendered":"<p>Kalite: 1.S\u0131n\u0131f, 2.S\u0131n\u0131f<br \/>\nEbatlar\u0131: 16-17 mm Kal\u0131nl\u0131k , 115mm En , 2000-4000mm Boy<br \/>\nHumidity: Kiln Dried 8-10%<\/p>\n<p>Men\u015fei: Sibirya \u00c7am\u0131<\/p>","protected":false},"featured_media":13657,"comment_status":"closed","ping_status":"closed","template":"","meta":[],"product_brand":[],"product_cat":[154],"product_tag":[],"class_list":{"0":"post-13525","1":"product","2":"type-product","3":"status-publish","4":"has-post-thumbnail","6":"product_cat-deck-cephe-lambri","8":"first","9":"instock","10":"taxable","11":"shipping-taxable","12":"product-type-simple"},"_links":{"self":[{"href":"https:\/\/armaganas.com\/en\/wp-json\/wp\/v2\/product\/13525","targetHints":{"allow":["GET"]}}],"collection":[{"href":"https:\/\/armaganas.com\/en\/wp-json\/wp\/v2\/product"}],"about":[{"href":"https:\/\/armaganas.com\/en\/wp-json\/wp\/v2\/types\/product"}],"replies":[{"embeddable":true,"href":"https:\/\/armaganas.com\/en\/wp-json\/wp\/v2\/comments?post=13525"}],"wp:featuredmedia":[{"embeddable":true,"href":"https:\/\/armaganas.com\/en\/wp-json\/wp\/v2\/media\/13657"}],"wp:attachment":[{"href":"https:\/\/armaganas.com\/en\/wp-json\/wp\/v2\/media?parent=13525"}],"wp:term":[{"taxonomy":"product_brand","embeddable":true,"href":"https:\/\/armaganas.com\/en\/wp-json\/wp\/v2\/product_brand?post=13525"},{"taxonomy":"product_cat","embeddable":true,"href":"https:\/\/armaganas.com\/en\/wp-json\/wp\/v2\/product_cat?post=13525"},{"taxonomy":"product_tag","embeddable":true,"href":"https:\/\/armaganas.com\/en\/wp-json\/wp\/v2\/product_tag?post=13525"}],"curies":[{"name":"wp","href":"https:\/\/api.w.org\/{rel}","templated":true}]}}