{"id":13352,"date":"2023-08-17T13:59:25","date_gmt":"2023-08-17T10:59:25","guid":{"rendered":"https:\/\/armaganas.com\/?post_type=product&#038;p=13352"},"modified":"2023-11-23T15:02:19","modified_gmt":"2023-11-23T12:02:19","slug":"thermowood-cam-cephe-lambri","status":"publish","type":"product","link":"https:\/\/armaganas.com\/en\/product\/thermowood-cam-cephe-lambri\/","title":{"rendered":"Thermowood Pine Cladding Panelling"},"content":{"rendered":"<p>Kalite: Budakl\u0131 A Kalite (D\u00fc\u015fmez Kanat Budakl\u0131)<\/p>\n<p>Ebatlar\u0131: 19mm Kal\u0131nl\u0131k,<\/p>\n<p>En: 117mm<\/p>\n<p>Boy: 3000-6000mm<\/p>\n<p>Nem: F\u0131r\u0131n Kurusu 6-8%<\/p>\n<p>Men\u015fei: Finlandiya, \u0130skandinav \u00dclkeleri<\/p>\n<p>Kullan\u0131m alanlar\u0131: Binalarda, tiny house, k\u00fct\u00fck ev ve di\u011fer ah\u015fap yap\u0131larda. D\u0131\u015f mekan cephe, tavan kaplamalar\u0131nda. Havuz kenarlar\u0131, bah\u00e7elerde, teraslarda deck d\u00f6\u015femesi olarak. G\u00fcne\u015f k\u0131r\u0131c\u0131, pergule, garaj kap\u0131lar\u0131 ve bah\u00e7e b\u00f6lmelerinde, saunalarda ve daha pek \u00e7ok farkl\u0131 alanda kullan\u0131lmaktad\u0131r.<\/p>","protected":false},"excerpt":{"rendered":"<p>Kalite: Budakl\u0131 A Kalite (D\u00fc\u015fmez Kanat Budakl\u0131)<\/p>\n<p>Ebatlar\u0131: 19mm Kal\u0131nl\u0131k,<\/p>\n<p>En: 117mm<\/p>\n<p>Boy: 3000-6000mm<\/p>\n<p>Nem: F\u0131r\u0131n Kurusu 6-8%<\/p>\n<p>Men\u015fei: Finlandiya, \u0130skandinav \u00dclkeleri<\/p>\n<p>Kullan\u0131m alanlar\u0131: Binalarda, tiny house, k\u00fct\u00fck ev ve di\u011fer ah\u015fap yap\u0131larda. D\u0131\u015f mekan cephe, tavan kaplamalar\u0131nda. Havuz kenarlar\u0131, bah\u00e7elerde, teraslarda deck d\u00f6\u015femesi olarak. G\u00fcne\u015f k\u0131r\u0131c\u0131, pergule, garaj kap\u0131lar\u0131 ve bah\u00e7e b\u00f6lmelerinde, saunalarda ve daha pek \u00e7ok farkl\u0131 alanda kullan\u0131lmaktad\u0131r.<\/p>","protected":false},"featured_media":13643,"comment_status":"closed","ping_status":"closed","template":"","meta":[],"product_brand":[],"product_cat":[154,156],"product_tag":[296,298,299,297,295],"class_list":{"0":"post-13352","1":"product","2":"type-product","3":"status-publish","4":"has-post-thumbnail","6":"product_cat-deck-cephe-lambri","7":"product_cat-thermowood","8":"product_tag-cam","9":"product_tag-deck","10":"product_tag-decking","11":"product_tag-pine","12":"product_tag-thermowood","14":"first","15":"instock","16":"taxable","17":"shipping-taxable","18":"product-type-simple"},"_links":{"self":[{"href":"https:\/\/armaganas.com\/en\/wp-json\/wp\/v2\/product\/13352","targetHints":{"allow":["GET"]}}],"collection":[{"href":"https:\/\/armaganas.com\/en\/wp-json\/wp\/v2\/product"}],"about":[{"href":"https:\/\/armaganas.com\/en\/wp-json\/wp\/v2\/types\/product"}],"replies":[{"embeddable":true,"href":"https:\/\/armaganas.com\/en\/wp-json\/wp\/v2\/comments?post=13352"}],"wp:featuredmedia":[{"embeddable":true,"href":"https:\/\/armaganas.com\/en\/wp-json\/wp\/v2\/media\/13643"}],"wp:attachment":[{"href":"https:\/\/armaganas.com\/en\/wp-json\/wp\/v2\/media?parent=13352"}],"wp:term":[{"taxonomy":"product_brand","embeddable":true,"href":"https:\/\/armaganas.com\/en\/wp-json\/wp\/v2\/product_brand?post=13352"},{"taxonomy":"product_cat","embeddable":true,"href":"https:\/\/armaganas.com\/en\/wp-json\/wp\/v2\/product_cat?post=13352"},{"taxonomy":"product_tag","embeddable":true,"href":"https:\/\/armaganas.com\/en\/wp-json\/wp\/v2\/product_tag?post=13352"}],"curies":[{"name":"wp","href":"https:\/\/api.w.org\/{rel}","templated":true}]}}