{"id":13216,"date":"2023-08-08T14:11:26","date_gmt":"2023-08-08T11:11:26","guid":{"rendered":"https:\/\/armaganas.com\/?post_type=product&#038;p=13216"},"modified":"2026-01-24T09:08:45","modified_gmt":"2026-01-24T06:08:45","slug":"metal-gizli-deck-doseme-klipsi-aparati","status":"publish","type":"product","link":"https:\/\/armaganas.com\/en\/product\/metal-gizli-deck-doseme-klipsi-aparati\/","title":{"rendered":"Metal Gizli Deck D\u00f6\u015feme Klipsi (Aparat\u0131)"},"content":{"rendered":"<p><strong>Metal Gizli Deck D\u00f6\u015feme Klipsi (Aparat\u0131)<\/strong><\/p>\n<p>Galvaniz y\u00fczey d\u0131\u015f mekan havuz kenarlar\u0131, y\u00fcr\u00fcy\u00fc\u015f yollar\u0131, deck, cephelerde paslanmaz<\/p>\n<p>Kenar kanal\u0131 metal klipse g\u00f6re a\u00e7\u0131lm\u0131\u015f 18-21mm kal\u0131nl\u0131\u011f\u0131nda deck ve cephe kaplamalarda kullan\u0131ma uygundur.<\/p>\n<p>3-4mm kendili\u011finden bo\u015fluk b\u0131rakarak ayarlama yapman\u0131za izin verir<\/p>\n<p>Masif, kompozit veya benzeri malzemelerde kullan\u0131labilir.<\/p>\n<p>Profilinizin olmas\u0131 gerekti\u011fi kesit detay i\u00e7in bilgi al\u0131n\u0131z.<\/p>\n<p>Ah\u015fap karkasa ah\u015fap vidas\u0131yla, metale ak\u0131ll\u0131 vida ile tutturulabilir.<\/p>\n<p>Kolide 500adet olarak sat\u0131lmaktad\u0131r. Ayr\u0131ca adette talep edebilirsiniz<\/p>\n<p>1m2&#8217;ye yakla\u015f\u0131k 20-23adet civar\u0131nda kullan\u0131lmaktad\u0131r<\/p>","protected":false},"excerpt":{"rendered":"<p><strong>Metal Gizli Deck D\u00f6\u015feme Klipsi (Aparat\u0131)<\/strong><\/p>\n<p>Galvaniz y\u00fczey d\u0131\u015f mekan havuz kenarlar\u0131, y\u00fcr\u00fcy\u00fc\u015f yollar\u0131, deck, cephelerde paslanmaz<\/p>\n<p>Kenar kanal\u0131 metal klipse g\u00f6re a\u00e7\u0131lm\u0131\u015f 18-21mm kal\u0131nl\u0131\u011f\u0131nda deck ve cephe kaplamalarda kullan\u0131ma uygundur.<\/p>\n<p>3-4mm kendili\u011finden bo\u015fluk b\u0131rakarak ayarlama yapman\u0131za izin verir<\/p>\n<p>Masif, kompozit veya benzeri malzemelerde kullan\u0131labilir.<\/p>\n<p>Profilinizin olmas\u0131 gerekti\u011fi kesit detay i\u00e7in bilgi al\u0131n\u0131z.<\/p>\n<p>Ah\u015fap karkasa ah\u015fap vidas\u0131yla, metale ak\u0131ll\u0131 vida ile tutturulabilir.<\/p>\n<p>Kolide 500adet olarak sat\u0131lmaktad\u0131r. Ayr\u0131ca adette talep edebilirsiniz<\/p>\n<p>1m2&#8217;ye yakla\u015f\u0131k 20-23adet civar\u0131nda kullan\u0131lmaktad\u0131r<\/p>","protected":false},"featured_media":13655,"comment_status":"closed","ping_status":"closed","template":"","meta":[],"product_brand":[],"product_cat":[96,95],"product_tag":[290,291,292,293],"class_list":{"0":"post-13216","1":"product","2":"type-product","3":"status-publish","4":"has-post-thumbnail","6":"product_cat-ahsap-deck","7":"product_cat-uygulama-urunleri","8":"product_tag-deck-klips","9":"product_tag-gizli-aparat","10":"product_tag-metal-doseme-aparati","11":"product_tag-metal-klips","12":"product_shipping_class-kargo-koli","14":"first","15":"instock","16":"sale","17":"taxable","18":"shipping-taxable","19":"purchasable","20":"product-type-simple"},"_links":{"self":[{"href":"https:\/\/armaganas.com\/en\/wp-json\/wp\/v2\/product\/13216","targetHints":{"allow":["GET"]}}],"collection":[{"href":"https:\/\/armaganas.com\/en\/wp-json\/wp\/v2\/product"}],"about":[{"href":"https:\/\/armaganas.com\/en\/wp-json\/wp\/v2\/types\/product"}],"replies":[{"embeddable":true,"href":"https:\/\/armaganas.com\/en\/wp-json\/wp\/v2\/comments?post=13216"}],"wp:featuredmedia":[{"embeddable":true,"href":"https:\/\/armaganas.com\/en\/wp-json\/wp\/v2\/media\/13655"}],"wp:attachment":[{"href":"https:\/\/armaganas.com\/en\/wp-json\/wp\/v2\/media?parent=13216"}],"wp:term":[{"taxonomy":"product_brand","embeddable":true,"href":"https:\/\/armaganas.com\/en\/wp-json\/wp\/v2\/product_brand?post=13216"},{"taxonomy":"product_cat","embeddable":true,"href":"https:\/\/armaganas.com\/en\/wp-json\/wp\/v2\/product_cat?post=13216"},{"taxonomy":"product_tag","embeddable":true,"href":"https:\/\/armaganas.com\/en\/wp-json\/wp\/v2\/product_tag?post=13216"}],"curies":[{"name":"wp","href":"https:\/\/api.w.org\/{rel}","templated":true}]}}