{"id":13211,"date":"2023-08-08T14:11:18","date_gmt":"2023-08-08T11:11:18","guid":{"rendered":"https:\/\/armaganas.com\/?post_type=product&#038;p=13211"},"modified":"2026-01-24T09:44:39","modified_gmt":"2026-01-24T06:44:39","slug":"rmc-toz-macun-05kg","status":"publish","type":"product","link":"https:\/\/armaganas.com\/en\/product\/rmc-toz-macun-05kg\/","title":{"rendered":"Rubio Monocoat Woodfiller 0,5Kg (Toz Ah\u015fap Dolgu Macunu)"},"content":{"rendered":"<p><strong>Rubio Monocoat Woodfiller Quick<\/strong>\u00a0tek bile\u015fenli, kar\u0131\u015ft\u0131r\u0131labilir pudra yap\u0131s\u0131nda, \u00e7ekmez-k\u00fc\u00e7\u00fclmez bir macundur. Bu \u00fcr\u00fcn i\u00e7 mekan zeminlerine uygulan\u0131r ve onar\u0131m\u0131n h\u0131zl\u0131 bir \u015fekilde yap\u0131lmas\u0131n\u0131 sa\u011flar. Rubio Monocoat Woodfiller Quick kolayl\u0131kla z\u0131mparalanabilir. Bu \u00fcr\u00fcn her renkteki Rubio Monocoat \u00fcr\u00fcn\u00fcn\u00fc m\u00fckemmel \u015fekilde emer.\u00a0 Rubio Monocoat Woodfiller Quick \u00e7evre dostudur.<\/p>\n<p><strong>PACKAGING<\/strong><\/p>\n<p>0,5 \u2013 5\u00a0 \u2013 25 kilograml\u0131k PVC varil halinde<\/p>","protected":false},"excerpt":{"rendered":"<p>Rubio Monocoat Woodfiller Quick\u00a0tek bile\u015fenli, kar\u0131\u015ft\u0131r\u0131labilir pudra yap\u0131s\u0131nda, \u00e7ekmez-k\u00fc\u00e7\u00fclmez bir macundur. Bu \u00fcr\u00fcn i\u00e7 mekan zeminlerine uygulan\u0131r ve onar\u0131m\u0131n h\u0131zl\u0131 bir \u015fekilde yap\u0131lmas\u0131n\u0131 sa\u011flar. Rubio Monocoat Woodfiller Quick kolayl\u0131kla z\u0131mparalanabilir. Bu \u00fcr\u00fcn her renkteki Rubio Monocoat \u00fcr\u00fcn\u00fcn\u00fc m\u00fckemmel \u015fekilde emer.\u00a0 Rubio Monocoat Woodfiller Quick \u00e7evre dostudur. AMBALAJ 0,5 \u2013 5\u00a0 \u2013 25 kilograml\u0131k PVC varil [&hellip;]<\/p>","protected":false},"featured_media":13221,"comment_status":"closed","ping_status":"closed","template":"","meta":[],"product_brand":[],"product_cat":[95],"product_tag":[],"class_list":{"0":"post-13211","1":"product","2":"type-product","3":"status-publish","4":"has-post-thumbnail","6":"product_cat-uygulama-urunleri","8":"first","9":"instock","10":"sale","11":"taxable","12":"shipping-taxable","13":"purchasable","14":"product-type-variable"},"_links":{"self":[{"href":"https:\/\/armaganas.com\/en\/wp-json\/wp\/v2\/product\/13211","targetHints":{"allow":["GET"]}}],"collection":[{"href":"https:\/\/armaganas.com\/en\/wp-json\/wp\/v2\/product"}],"about":[{"href":"https:\/\/armaganas.com\/en\/wp-json\/wp\/v2\/types\/product"}],"replies":[{"embeddable":true,"href":"https:\/\/armaganas.com\/en\/wp-json\/wp\/v2\/comments?post=13211"}],"wp:featuredmedia":[{"embeddable":true,"href":"https:\/\/armaganas.com\/en\/wp-json\/wp\/v2\/media\/13221"}],"wp:attachment":[{"href":"https:\/\/armaganas.com\/en\/wp-json\/wp\/v2\/media?parent=13211"}],"wp:term":[{"taxonomy":"product_brand","embeddable":true,"href":"https:\/\/armaganas.com\/en\/wp-json\/wp\/v2\/product_brand?post=13211"},{"taxonomy":"product_cat","embeddable":true,"href":"https:\/\/armaganas.com\/en\/wp-json\/wp\/v2\/product_cat?post=13211"},{"taxonomy":"product_tag","embeddable":true,"href":"https:\/\/armaganas.com\/en\/wp-json\/wp\/v2\/product_tag?post=13211"}],"curies":[{"name":"wp","href":"https:\/\/api.w.org\/{rel}","templated":true}]}}