{"id":13199,"date":"2023-08-08T14:03:32","date_gmt":"2023-08-08T11:03:32","guid":{"rendered":"https:\/\/armaganas.com\/?post_type=product&#038;p=13199"},"modified":"2023-11-16T08:44:17","modified_gmt":"2023-11-16T05:44:17","slug":"rmc-surface-care-yuzey-temizleyici-750ml","status":"publish","type":"product","link":"https:\/\/armaganas.com\/en\/product\/rmc-surface-care-yuzey-temizleyici-750ml\/","title":{"rendered":"Rubio Monocoat Surface Care 750ml (Ah\u015fap Y\u00fczey Temizleyici)"},"content":{"rendered":"<p><em><strong>Rubio Monocoat Surface Care<\/strong><\/em>,\u00a0<em><strong>Rubio Monocoat Oil Plus<\/strong><\/em>\u00a0uygulanm\u0131\u015f y\u00fczeylerin haftada veya ayda bir temizlenmesine y\u00f6nelik kullan\u0131ma haz\u0131r bir temizlik \u00fcr\u00fcn\u00fcd\u00fcr. Mevzi lekelerin kolayca temizlenmesi i\u00e7in \u00e7ok uygundur.<\/p>\n<p><em><strong>100% do\u011fal \u00fcr\u00fcnlerden \u00fcretilmektedir, hi\u00e7bir zararl\u0131 kimyasal i\u00e7ermemektedir. G\u0131da temas\u0131 olan ve bebek \u00fcr\u00fcnlerinde kullan\u0131ma uygundur.<\/strong><\/em><\/p>\n<p>*Can be applied without the need for professional skills.<\/p>\n<p><strong>PACKAGING<\/strong><\/p>\n<p>750 ml\u00a0sprey \u015fi\u015fesinde<\/p>","protected":false},"excerpt":{"rendered":"<p>Rubio Monocoat Surface Care,\u00a0Rubio Monocoat Oil Plus\u00a0uygulanm\u0131\u015f y\u00fczeylerin haftada veya ayda bir temizlenmesine y\u00f6nelik kullan\u0131ma haz\u0131r bir temizlik \u00fcr\u00fcn\u00fcd\u00fcr. Mevzi lekelerin kolayca temizlenmesi i\u00e7in \u00e7ok uygundur. 100% do\u011fal \u00fcr\u00fcnlerden \u00fcretilmektedir, hi\u00e7bir zararl\u0131 kimyasal i\u00e7ermemektedir. G\u0131da temas\u0131 olan ve bebek \u00fcr\u00fcnlerinde kullan\u0131ma uygundur. *Profesyonel beceri gerektirmeden uygulanabilir. AMBALAJ 750 ml\u00a0sprey \u015fi\u015fesinde<\/p>","protected":false},"featured_media":13208,"comment_status":"closed","ping_status":"closed","template":"","meta":[],"product_brand":[],"product_cat":[93],"product_tag":[],"class_list":{"0":"post-13199","1":"product","2":"type-product","3":"status-publish","4":"has-post-thumbnail","6":"product_cat-bakim-urunleri","7":"product_shipping_class-kargo-koli","9":"first","10":"outofstock","11":"sale","12":"taxable","13":"shipping-taxable","14":"purchasable","15":"product-type-simple"},"_links":{"self":[{"href":"https:\/\/armaganas.com\/en\/wp-json\/wp\/v2\/product\/13199","targetHints":{"allow":["GET"]}}],"collection":[{"href":"https:\/\/armaganas.com\/en\/wp-json\/wp\/v2\/product"}],"about":[{"href":"https:\/\/armaganas.com\/en\/wp-json\/wp\/v2\/types\/product"}],"replies":[{"embeddable":true,"href":"https:\/\/armaganas.com\/en\/wp-json\/wp\/v2\/comments?post=13199"}],"wp:featuredmedia":[{"embeddable":true,"href":"https:\/\/armaganas.com\/en\/wp-json\/wp\/v2\/media\/13208"}],"wp:attachment":[{"href":"https:\/\/armaganas.com\/en\/wp-json\/wp\/v2\/media?parent=13199"}],"wp:term":[{"taxonomy":"product_brand","embeddable":true,"href":"https:\/\/armaganas.com\/en\/wp-json\/wp\/v2\/product_brand?post=13199"},{"taxonomy":"product_cat","embeddable":true,"href":"https:\/\/armaganas.com\/en\/wp-json\/wp\/v2\/product_cat?post=13199"},{"taxonomy":"product_tag","embeddable":true,"href":"https:\/\/armaganas.com\/en\/wp-json\/wp\/v2\/product_tag?post=13199"}],"curies":[{"name":"wp","href":"https:\/\/api.w.org\/{rel}","templated":true}]}}