{"id":13198,"date":"2023-08-08T14:03:32","date_gmt":"2023-08-08T11:03:32","guid":{"rendered":"https:\/\/armaganas.com\/?post_type=product&#038;p=13198"},"modified":"2023-12-28T14:50:56","modified_gmt":"2023-12-28T11:50:56","slug":"rmc-soap-sabun-1l","status":"publish","type":"product","link":"https:\/\/armaganas.com\/en\/product\/rmc-soap-sabun-1l\/","title":{"rendered":"Rubio Monocoat Soap 1Lt (Ah\u015fap Temizleme Sabunu)"},"content":{"rendered":"<p><strong>RMC Soap<\/strong><br \/>\nUygulama yap\u0131lm\u0131\u015f parkenin temizlenmesinde Rubio Monocoat Soap kullan\u0131l\u0131r.\u00a0<em><strong>Rubio Monocoat Oil Plus<\/strong><\/em>\u00a0uygulanm\u0131\u015f y\u00fczeyler bir kova suya (10 litre) kar\u0131\u015ft\u0131r\u0131lm\u0131\u015f 150 mililitre\u00a0<em><strong>Rubio Monocoat Soap<\/strong><\/em>\u00a0ile haftada bir kez temizlenebilirler.<\/p>\n<p><em><strong>*Rubio Monocoat Soap<\/strong><\/em>\u00a0ile haftada bir yap\u0131lan temizlik uygulama yap\u0131lm\u0131\u015f y\u00fczeyin mat g\u00f6r\u00fcnmesini sa\u011flar.<\/p>\n<p><em><strong>* It is produced from 100% natural products, does not contain any harmful chemicals. It is suitable for use in food contact and baby products.<\/strong><\/em><\/p>\n<p>*Can be applied without the need for professional skills.<\/p>\n<p><strong>PACKAGING<\/strong><\/p>\n<p>1 litrelik kutu halinde<\/p>","protected":false},"excerpt":{"rendered":"<p>RMC Soap Uygulama yap\u0131lm\u0131\u015f parkenin temizlenmesinde Rubio Monocoat Soap kullan\u0131l\u0131r.\u00a0Rubio Monocoat Oil Plus\u00a0uygulanm\u0131\u015f y\u00fczeyler bir kova suya (10 litre) kar\u0131\u015ft\u0131r\u0131lm\u0131\u015f 150 mililitre\u00a0Rubio Monocoat Soap\u00a0ile haftada bir kez temizlenebilirler. *Rubio Monocoat Soap\u00a0ile haftada bir yap\u0131lan temizlik uygulama yap\u0131lm\u0131\u015f y\u00fczeyin mat g\u00f6r\u00fcnmesini sa\u011flar. *100% do\u011fal \u00fcr\u00fcnlerden \u00fcretilmektedir, hi\u00e7bir zararl\u0131 kimyasal i\u00e7ermemektedir. G\u0131da temas\u0131 olan ve bebek \u00fcr\u00fcnlerinde [&hellip;]<\/p>","protected":false},"featured_media":0,"comment_status":"closed","ping_status":"closed","template":"","meta":[],"product_brand":[],"product_cat":[93],"product_tag":[],"class_list":{"0":"post-13198","1":"product","2":"type-product","3":"status-publish","5":"product_cat-bakim-urunleri","7":"first","8":"outofstock","9":"sale","10":"taxable","11":"shipping-taxable","12":"purchasable","13":"product-type-simple"},"_links":{"self":[{"href":"https:\/\/armaganas.com\/en\/wp-json\/wp\/v2\/product\/13198","targetHints":{"allow":["GET"]}}],"collection":[{"href":"https:\/\/armaganas.com\/en\/wp-json\/wp\/v2\/product"}],"about":[{"href":"https:\/\/armaganas.com\/en\/wp-json\/wp\/v2\/types\/product"}],"replies":[{"embeddable":true,"href":"https:\/\/armaganas.com\/en\/wp-json\/wp\/v2\/comments?post=13198"}],"wp:attachment":[{"href":"https:\/\/armaganas.com\/en\/wp-json\/wp\/v2\/media?parent=13198"}],"wp:term":[{"taxonomy":"product_brand","embeddable":true,"href":"https:\/\/armaganas.com\/en\/wp-json\/wp\/v2\/product_brand?post=13198"},{"taxonomy":"product_cat","embeddable":true,"href":"https:\/\/armaganas.com\/en\/wp-json\/wp\/v2\/product_cat?post=13198"},{"taxonomy":"product_tag","embeddable":true,"href":"https:\/\/armaganas.com\/en\/wp-json\/wp\/v2\/product_tag?post=13198"}],"curies":[{"name":"wp","href":"https:\/\/api.w.org\/{rel}","templated":true}]}}