{"id":13197,"date":"2023-08-08T14:03:31","date_gmt":"2023-08-08T11:03:31","guid":{"rendered":"https:\/\/armaganas.com\/?post_type=product&#038;p=13197"},"modified":"2023-11-16T08:49:10","modified_gmt":"2023-11-16T05:49:10","slug":"rmc-universal-maintenance-oil-renkli-05l","status":"publish","type":"product","link":"https:\/\/armaganas.com\/en\/product\/rmc-universal-maintenance-oil-renkli-05l\/","title":{"rendered":"Rubio Monocoat Universal Maintenance Oil 0,5lt (Renkli) (Ah\u015fap Bak\u0131m Ya\u011f\u0131)"},"content":{"rendered":"<p><strong>T\u00fcr\u00fcn\u00fcn tek \u00f6rne\u011fi<\/strong>: T\u00fcm ya\u011fl\u0131 y\u00fczeylerin bak\u0131m\u0131 i\u00e7in<\/p>\n<ul>\n<li>Y\u00fczeye parlakl\u0131k verir.<\/li>\n<li>\u00d6zellikle \u2018yo\u011fun kullan\u0131m\u0131n\u2019 oldu\u011fu b\u00f6lgeler i\u00e7in uygundur.<\/li>\n<li>Evrensel kullan\u0131m.<\/li>\n<li>0% VOC \u0130\u00e7erir!<\/li>\n<\/ul>\n<p>Rubio Monocoat Universal Maintenance Oil ile, Rubio Monocoat t\u00fcm ya\u011fl\u0131 ah\u015fap zeminleri korumak i\u00e7in yumu\u015fak ve do\u011fal bir y\u00f6ntem sunar.<\/p>\n<p>Bu \u00fcr\u00fcn ayr\u0131ca mikro \u00e7atlaklar\u0131 g\u00f6stermeye ba\u015flayan cilal\u0131 y\u00fczeylerdede kullan\u0131labilir.<\/p>\n<p>Ekstra koruma gerektiren zeminler i\u00e7in son derece uygundur. ( Halka a\u00e7\u0131k yerlerde, ofislerde, restoranlarda, otellerde v.b. Ekstra satine parlakl\u0131k katar.<\/p>\n<p>5 ayr\u0131 renk se\u00e7ene\u011fi mevcuttur: Beyaz, Siyah, Kahverengi, Gri ve \u015eeffaf. Bu renkler Rubio Monocoat\u2019un t\u00fcm standart ya\u011f renklerinin bak\u0131m\u0131 i\u00e7in uygundur. Ancak bu renklerle birebir ayn\u0131 de\u011fildir.<\/p>\n<p><strong>PACKAGING<\/strong><\/p>\n<p>0,5 litrelik kutu halinde ( Muhtelif Renklerde)<\/p>","protected":false},"excerpt":{"rendered":"<p>T\u00fcr\u00fcn\u00fcn tek \u00f6rne\u011fi: T\u00fcm ya\u011fl\u0131 y\u00fczeylerin bak\u0131m\u0131 i\u00e7in Y\u00fczeye parlakl\u0131k verir. \u00d6zellikle \u2018yo\u011fun kullan\u0131m\u0131n\u2019 oldu\u011fu b\u00f6lgeler i\u00e7in uygundur. Evrensel kullan\u0131m. 0% VOC \u0130\u00e7erir! Rubio Monocoat Universal Maintenance Oil ile, Rubio Monocoat t\u00fcm ya\u011fl\u0131 ah\u015fap zeminleri korumak i\u00e7in yumu\u015fak ve do\u011fal bir y\u00f6ntem sunar. Bu \u00fcr\u00fcn ayr\u0131ca mikro \u00e7atlaklar\u0131 g\u00f6stermeye ba\u015flayan cilal\u0131 y\u00fczeylerdede kullan\u0131labilir. Ekstra koruma [&hellip;]<\/p>","protected":false},"featured_media":13206,"comment_status":"closed","ping_status":"closed","template":"","meta":[],"product_brand":[],"product_cat":[93],"product_tag":[],"class_list":{"0":"post-13197","1":"product","2":"type-product","3":"status-publish","4":"has-post-thumbnail","6":"product_cat-bakim-urunleri","8":"first","9":"outofstock","10":"taxable","11":"shipping-taxable","12":"product-type-variable"},"_links":{"self":[{"href":"https:\/\/armaganas.com\/en\/wp-json\/wp\/v2\/product\/13197","targetHints":{"allow":["GET"]}}],"collection":[{"href":"https:\/\/armaganas.com\/en\/wp-json\/wp\/v2\/product"}],"about":[{"href":"https:\/\/armaganas.com\/en\/wp-json\/wp\/v2\/types\/product"}],"replies":[{"embeddable":true,"href":"https:\/\/armaganas.com\/en\/wp-json\/wp\/v2\/comments?post=13197"}],"wp:featuredmedia":[{"embeddable":true,"href":"https:\/\/armaganas.com\/en\/wp-json\/wp\/v2\/media\/13206"}],"wp:attachment":[{"href":"https:\/\/armaganas.com\/en\/wp-json\/wp\/v2\/media?parent=13197"}],"wp:term":[{"taxonomy":"product_brand","embeddable":true,"href":"https:\/\/armaganas.com\/en\/wp-json\/wp\/v2\/product_brand?post=13197"},{"taxonomy":"product_cat","embeddable":true,"href":"https:\/\/armaganas.com\/en\/wp-json\/wp\/v2\/product_cat?post=13197"},{"taxonomy":"product_tag","embeddable":true,"href":"https:\/\/armaganas.com\/en\/wp-json\/wp\/v2\/product_tag?post=13197"}],"curies":[{"name":"wp","href":"https:\/\/api.w.org\/{rel}","templated":true}]}}