{"id":13180,"date":"2023-08-08T13:47:39","date_gmt":"2023-08-08T10:47:39","guid":{"rendered":"https:\/\/armaganas.com\/?post_type=product&#038;p=13180"},"modified":"2026-04-14T15:46:21","modified_gmt":"2026-04-14T12:46:21","slug":"pre-aging-eskitme-1lt","status":"publish","type":"product","link":"https:\/\/armaganas.com\/en\/product\/pre-aging-eskitme-1lt\/","title":{"rendered":"Rubio Monocoat Pre-Aging 1lt (Ah\u015fap \u00d6n Renklendirme)"},"content":{"rendered":"<p><strong>Pre-Aging (Eskitme)<\/strong><br \/>\nEski g\u00f6r\u00fcn\u00fcme sahip yeni bir zemin. G\u00fcn\u00fcm\u00fczde \u00e7ok pop\u00fcler olan yeni bir zemin ak\u0131m\u0131. Ah\u015fab\u0131n ger\u00e7ekten isli ve t\u00fcts\u00fclenmi\u015f olmas\u0131na ek olarak, ah\u015faba t\u00fcts\u00fclenmi\u015f veya eskimi\u015f g\u00f6r\u00fcn\u00fcm kazand\u0131rmaya yarayan gaz sal\u0131n\u0131m\u0131 yapan bir \u00fcr\u00fcnd\u00fcr.<\/p>\n<p><em><strong>Rubio Monocoat Pre-Aging<\/strong><\/em>\u00a010 farkl\u0131 standart tonda, y\u00fcksek kaliteli ve gaz sal\u0131n\u0131m\u0131 yapmayan bir \u00f6n uygulama \u00fcr\u00fcn\u00fcd\u00fcr. A\u00e7\u0131k tonlu is renginden koyu tonlu is rengine kadar de\u011fi\u015fen ve m\u00fc\u015fteri tercihi do\u011frultusunda birbirleriyle kar\u0131\u015ft\u0131r\u0131labilen geni\u015f bir renk yelpazesine sahiptir. Ayr\u0131ca birbirleriyle kar\u0131\u015ft\u0131r\u0131labilen eskitilmi\u015f g\u00f6r\u00fcn\u00fcml\u00fc renkleri mevcuttur. Bu sayede hafif<br \/>\nvurgulara sahip derin renkler elde edilebilir. Ah\u015fab\u0131n hem sert k\u0131s\u0131mlar\u0131 hem de sap denilen a\u00e7\u0131k renkteki b\u00f6l\u00fcmleri \u00fczerinde m\u00fcmk\u00fcn olan en do\u011fal eskitilmi\u015f etkiyi sa\u011flamak \u00fczere renklendirme sa\u011flan\u0131r.<\/p>\n<p>Bu gaz sal\u0131n\u0131m\u0131 yapmayan \u00f6n uygulaman\u0131n montaj alan\u0131nda yap\u0131lmas\u0131 kolayd\u0131r ve kat izi yapmaz. Bu \u00fcr\u00fcn t\u00fcm ah\u015fap t\u00fcrlerine uygulanabilir, \u00e7\u00fcnk\u00fc \u00fcr\u00fcn ah\u015fab\u0131n i\u00e7erdi\u011fi tanen maddesine duyarl\u0131 de\u011fildir. Bu da \u00fcr\u00fcn\u00fc sadece tanen i\u00e7eren ah\u015fapta kullan\u0131labilen gaz sal\u0131n\u0131m\u0131 yapan di\u011fer \u00fcr\u00fcnlerden ay\u0131ran \u00f6zelli\u011fidir.<\/p>\n<p><strong>\u0130PUCU<\/strong><br \/>\n<strong><em>Ah\u015fab\u0131n ana rengi, damar ve g\u00f6zenek yap\u0131s\u0131n\u0131n uygulama sonucunu de\u011fi\u015ftirebilece\u011fini unutmay\u0131n\u0131z. \u00d6rne\u011fin solmu\u015f k\u0131z\u0131l bir ah\u015fap ile yeni hi\u00e7 i\u015flenmemi\u015f bir \u00e7am \u00fczerindeki uygulama sonu\u00e7lar\u0131 farkl\u0131 olacakt\u0131r. Bu sebeple uygulama \u00f6ncesi numune \u00e7al\u0131\u015f\u0131lmas\u0131 \u00f6nemlidir.<\/em><\/strong><\/p>\n<p>Rubio Monocoat Oil Plus 2C kombinaysonu ile son kat korumay\u0131 sa\u011flaman\u0131n yan\u0131s\u0131ra, bu \u00fcr\u00fcn\u00fcn ge\u00e7irgenli\u011fi sayesinde, neredeyse s\u0131n\u0131rs\u0131z yarat\u0131c\u0131l\u0131k se\u00e7ene\u011fi elde edebilirsiniz. Di\u011fer bir deyi\u015fle, eskimi\u015f g\u00f6r\u00fcn\u00fcm kal\u0131c\u0131 olacakt\u0131r.<\/p>\n<p><em><strong>\u0130lave e\u015fsiz \u00f6zellikleri:<\/strong><\/em><\/p>\n<ul>\n<li>Gaz sal\u0131n\u0131m\u0131 yapmayan su bazl\u0131 \u00f6n uygulama<\/li>\n<li>Uygulamas\u0131 kolay kal\u0131c\u0131 renkler<\/li>\n<li>Rubio Monocoat Oil uyguland\u0131ktan sonra m\u00fckemmel renk dayan\u0131m\u0131<\/li>\n<li>Hafif vurgulara sahip derin renkler<\/li>\n<li>T\u00fcm ah\u015fap t\u00fcrlerinde kullan\u0131labilirlik<\/li>\n<li>Do\u011fal \u00fcr\u00fcn<\/li>\n<li>Son kat olarak uygulanacak \u00fcr\u00fcn\u00fcn kalitesini etkilemez<\/li>\n<li>Minimum koku<\/li>\n<li>Ta\u015f\u0131ma \/ kargo k\u0131s\u0131t\u0131 yoktur<\/li>\n<li>Ah\u015fab\u0131n hem sert damarlar\u0131n\u0131 hem de d\u0131\u015f y\u00fczeye yak\u0131n<br \/>\nsap denilen a\u00e7\u0131k renkteki k\u0131s\u0131mlar\u0131n\u0131 renklendirir<\/li>\n<li>Kat izi yapmaz<\/li>\n<\/ul>\n<p><em><strong>Bu \u00fcr\u00fcn bir \u00f6n uygulama \u00fcr\u00fcn\u00fcd\u00fcr ve ah\u015faba koruma sa\u011flamaz. Maksimum koruma sa\u011flamak i\u00e7in Rubio Monocoat ya\u011flar\u0131ndan biriyle kullan\u0131lmal\u0131d\u0131r.<\/strong><\/em><\/p>","protected":false},"excerpt":{"rendered":"<p>Pre-Aging (Eskitme) Eski g\u00f6r\u00fcn\u00fcme sahip yeni bir zemin. G\u00fcn\u00fcm\u00fczde \u00e7ok pop\u00fcler olan yeni bir zemin ak\u0131m\u0131. Ah\u015fab\u0131n ger\u00e7ekten isli ve t\u00fcts\u00fclenmi\u015f olmas\u0131na ek olarak, ah\u015faba t\u00fcts\u00fclenmi\u015f veya eskimi\u015f g\u00f6r\u00fcn\u00fcm kazand\u0131rmaya yarayan gaz sal\u0131n\u0131m\u0131 yapan bir \u00fcr\u00fcnd\u00fcr. Rubio Monocoat Pre-Aging\u00a010 farkl\u0131 standart tonda, y\u00fcksek kaliteli ve gaz sal\u0131n\u0131m\u0131 yapmayan bir \u00f6n uygulama \u00fcr\u00fcn\u00fcd\u00fcr. A\u00e7\u0131k tonlu is [&hellip;]<\/p>","protected":false},"featured_media":13190,"comment_status":"closed","ping_status":"closed","template":"","meta":[],"product_brand":[],"product_cat":[94],"product_tag":[],"class_list":{"0":"post-13180","1":"product","2":"type-product","3":"status-publish","4":"has-post-thumbnail","6":"product_cat-eskitme-urunleri","7":"product_shipping_class-kargo-yag","9":"first","10":"instock","11":"sale","12":"taxable","13":"shipping-taxable","14":"purchasable","15":"product-type-variable"},"_links":{"self":[{"href":"https:\/\/armaganas.com\/en\/wp-json\/wp\/v2\/product\/13180","targetHints":{"allow":["GET"]}}],"collection":[{"href":"https:\/\/armaganas.com\/en\/wp-json\/wp\/v2\/product"}],"about":[{"href":"https:\/\/armaganas.com\/en\/wp-json\/wp\/v2\/types\/product"}],"replies":[{"embeddable":true,"href":"https:\/\/armaganas.com\/en\/wp-json\/wp\/v2\/comments?post=13180"}],"wp:featuredmedia":[{"embeddable":true,"href":"https:\/\/armaganas.com\/en\/wp-json\/wp\/v2\/media\/13190"}],"wp:attachment":[{"href":"https:\/\/armaganas.com\/en\/wp-json\/wp\/v2\/media?parent=13180"}],"wp:term":[{"taxonomy":"product_brand","embeddable":true,"href":"https:\/\/armaganas.com\/en\/wp-json\/wp\/v2\/product_brand?post=13180"},{"taxonomy":"product_cat","embeddable":true,"href":"https:\/\/armaganas.com\/en\/wp-json\/wp\/v2\/product_cat?post=13180"},{"taxonomy":"product_tag","embeddable":true,"href":"https:\/\/armaganas.com\/en\/wp-json\/wp\/v2\/product_tag?post=13180"}],"curies":[{"name":"wp","href":"https:\/\/api.w.org\/{rel}","templated":true}]}}