{"id":13179,"date":"2023-08-08T13:47:39","date_gmt":"2023-08-08T10:47:39","guid":{"rendered":"https:\/\/armaganas.com\/?post_type=product&#038;p=13179"},"modified":"2025-03-10T12:38:17","modified_gmt":"2025-03-10T09:38:17","slug":"rmc-rubio-smoke-1lt","status":"publish","type":"product","link":"https:\/\/armaganas.com\/en\/product\/rmc-rubio-smoke-1lt\/","title":{"rendered":"Rubio Monocoat Rubio Smoke 1lt (Ah\u015fap T\u00fcts\u00fcleme, Eskitme)"},"content":{"rendered":"<p><strong>Rubio Monocoat Smoke<\/strong>, me\u015fe \u00fczerinde amonyak f\u00fcme etkisi olu\u015fturmak \u00fczere \u00f6zel olarak geli\u015ftirilmi\u015ftir. \u00dcr\u00fcn kullan\u0131c\u0131 dostu olup, zehirli veya rahats\u0131z edici duman veya buhar \u00e7\u0131karmaz. \u00dcr\u00fcn\u00fcn tepkime s\u00fcresi kullan\u0131lan ah\u015fapta bulunan tanen asidinin miktar\u0131na ba\u011fl\u0131 oldu\u011fundan, bu uygulama son derece e\u015fsiz ve ki\u015fiselle\u015ftirilmi\u015f etkiler yarat\u0131lmas\u0131n\u0131 sa\u011flar.<\/p>\n<p><strong>\u00d6ZELL\u0130KLER\u0130<\/strong><\/p>\n<ul>\n<li>Rubio Monocoat Oil ve Rubio Monocoat Varnish uygulamalar\u0131ndan \u00f6nce uygulanabilir.<\/li>\n<li>Amonyak f\u00fcme uygulamas\u0131 ile ayn\u0131 etkiyi sa\u011flar.<\/li>\n<li>Zehirli duman veya buhar \u00e7\u0131karmaz.<\/li>\n<li>Profesyonel beceri gerektirmeden uygulanabilir.<\/li>\n<\/ul>\n<p><strong>PACKAGING<\/strong><\/p>\n<p>1 litre kutu halinde<\/p>","protected":false},"excerpt":{"rendered":"<p>Rubio Monocoat Smoke, me\u015fe \u00fczerinde amonyak f\u00fcme etkisi olu\u015fturmak \u00fczere \u00f6zel olarak geli\u015ftirilmi\u015ftir. \u00dcr\u00fcn kullan\u0131c\u0131 dostu olup, zehirli veya rahats\u0131z edici duman veya buhar \u00e7\u0131karmaz. \u00dcr\u00fcn\u00fcn tepkime s\u00fcresi kullan\u0131lan ah\u015fapta bulunan tanen asidinin miktar\u0131na ba\u011fl\u0131 oldu\u011fundan, bu uygulama son derece e\u015fsiz ve ki\u015fiselle\u015ftirilmi\u015f etkiler yarat\u0131lmas\u0131n\u0131 sa\u011flar. \u00d6ZELL\u0130KLER\u0130 Rubio Monocoat Oil ve Rubio Monocoat Varnish uygulamalar\u0131ndan [&hellip;]<\/p>","protected":false},"featured_media":13651,"comment_status":"closed","ping_status":"closed","template":"","meta":[],"product_brand":[],"product_cat":[94],"product_tag":[],"class_list":{"0":"post-13179","1":"product","2":"type-product","3":"status-publish","4":"has-post-thumbnail","6":"product_cat-eskitme-urunleri","8":"first","9":"outofstock","10":"sale","11":"taxable","12":"shipping-taxable","13":"purchasable","14":"product-type-simple"},"_links":{"self":[{"href":"https:\/\/armaganas.com\/en\/wp-json\/wp\/v2\/product\/13179","targetHints":{"allow":["GET"]}}],"collection":[{"href":"https:\/\/armaganas.com\/en\/wp-json\/wp\/v2\/product"}],"about":[{"href":"https:\/\/armaganas.com\/en\/wp-json\/wp\/v2\/types\/product"}],"replies":[{"embeddable":true,"href":"https:\/\/armaganas.com\/en\/wp-json\/wp\/v2\/comments?post=13179"}],"wp:featuredmedia":[{"embeddable":true,"href":"https:\/\/armaganas.com\/en\/wp-json\/wp\/v2\/media\/13651"}],"wp:attachment":[{"href":"https:\/\/armaganas.com\/en\/wp-json\/wp\/v2\/media?parent=13179"}],"wp:term":[{"taxonomy":"product_brand","embeddable":true,"href":"https:\/\/armaganas.com\/en\/wp-json\/wp\/v2\/product_brand?post=13179"},{"taxonomy":"product_cat","embeddable":true,"href":"https:\/\/armaganas.com\/en\/wp-json\/wp\/v2\/product_cat?post=13179"},{"taxonomy":"product_tag","embeddable":true,"href":"https:\/\/armaganas.com\/en\/wp-json\/wp\/v2\/product_tag?post=13179"}],"curies":[{"name":"wp","href":"https:\/\/api.w.org\/{rel}","templated":true}]}}