{"id":13172,"date":"2023-08-08T13:41:42","date_gmt":"2023-08-08T10:41:42","guid":{"rendered":"https:\/\/armaganas.com\/?post_type=product&#038;p=13172"},"modified":"2025-06-16T21:42:41","modified_gmt":"2025-06-16T18:42:41","slug":"mese-masif-karo-deck-30x30cm","status":"publish","type":"product","link":"https:\/\/armaganas.com\/en\/product\/mese-masif-karo-deck-30x30cm\/","title":{"rendered":"Ah\u015fap Karo Deck 30x30cm 9 Adet ( Pratik Ge\u00e7meli Plastik Altl\u0131k)"},"content":{"rendered":"<p><strong>Masif Ah\u015fap Plastik Ge\u00e7meli Pratik Teras ve Balkon Izgaral\u0131 Yer Karosu<\/strong><\/p>\n<p>D\u0131\u015f mekana uygun 30x30cm Masif Ah\u015fap (Me\u015fe) \u00dcst Katmanl\u0131 alt\u0131 plastik ge\u00e7me kilitli karo zemin d\u00f6\u015femesi.<\/p>\n<p><b>Kullan\u0131m alanlar\u0131:<\/b> Teraslar, balkonlar, bah\u00e7eler, du\u015f zeminleri ve havuz kenarlar\u0131 vb alanlarda.<\/p>\n<p><b>Uygulama:<\/b>\u00a0Uygulama yap\u0131labilmesi i\u00e7in d\u00fczg\u00fcn ve temiz bir zemin olmas\u0131 gerekmektedir. Ayr\u0131ca metal veya ah\u015fap bir karkas gerektirmez. D\u00fcz kenarl\u0131, \u00f6l\u00e7\u00fcs\u00fc uyan mekanlarda ustal\u0131k gerektirmeden rahatl\u0131kla d\u00f6\u015fenebilir. Suyuna ve sokras\u0131na kar\u0131\u015f\u0131k \u015fekliyle veya tek y\u00f6ne do\u011fruda d\u00f6\u015feme se\u00e7ene\u011fi vard\u0131r.<\/p>\n<p><strong><em>*0,81 Metrekare\u00a0 fiyat\u0131d\u0131r.<\/em><\/strong><\/p>\n<p>&nbsp;<\/p>","protected":false},"excerpt":{"rendered":"<p>Masif Ah\u015fap Plastik Ge\u00e7meli Pratik Teras ve Balkon Izgaral\u0131 Yer Karosu D\u0131\u015f mekana uygun 30x30cm Masif Ah\u015fap (Me\u015fe) \u00dcst Katmanl\u0131 alt\u0131 plastik ge\u00e7me kilitli karo zemin d\u00f6\u015femesi. Kullan\u0131m alanlar\u0131: Teraslar, balkonlar, bah\u00e7eler, du\u015f zeminleri ve havuz kenarlar\u0131 vb alanlarda. Uygulama:\u00a0Uygulama yap\u0131labilmesi i\u00e7in d\u00fczg\u00fcn ve temiz bir zemin olmas\u0131 gerekmektedir. Ayr\u0131ca metal veya ah\u015fap bir karkas [&hellip;]<\/p>","protected":false},"featured_media":14222,"comment_status":"closed","ping_status":"closed","template":"","meta":[],"product_brand":[],"product_cat":[96],"product_tag":[363,364,367,368,366,335,365,362],"class_list":{"0":"post-13172","1":"product","2":"type-product","3":"status-publish","4":"has-post-thumbnail","6":"product_cat-ahsap-deck","7":"product_tag-ahsap-zemin-doseme","8":"product_tag-balkon","9":"product_tag-karo","10":"product_tag-karo-deck","11":"product_tag-kis-bahcesi","12":"product_tag-mese","13":"product_tag-teras","14":"product_tag-zemin-doseme","15":"product_shipping_class-kargo-koli","17":"first","18":"instock","19":"sale","20":"taxable","21":"shipping-taxable","22":"purchasable","23":"product-type-simple"},"_links":{"self":[{"href":"https:\/\/armaganas.com\/en\/wp-json\/wp\/v2\/product\/13172","targetHints":{"allow":["GET"]}}],"collection":[{"href":"https:\/\/armaganas.com\/en\/wp-json\/wp\/v2\/product"}],"about":[{"href":"https:\/\/armaganas.com\/en\/wp-json\/wp\/v2\/types\/product"}],"replies":[{"embeddable":true,"href":"https:\/\/armaganas.com\/en\/wp-json\/wp\/v2\/comments?post=13172"}],"wp:featuredmedia":[{"embeddable":true,"href":"https:\/\/armaganas.com\/en\/wp-json\/wp\/v2\/media\/14222"}],"wp:attachment":[{"href":"https:\/\/armaganas.com\/en\/wp-json\/wp\/v2\/media?parent=13172"}],"wp:term":[{"taxonomy":"product_brand","embeddable":true,"href":"https:\/\/armaganas.com\/en\/wp-json\/wp\/v2\/product_brand?post=13172"},{"taxonomy":"product_cat","embeddable":true,"href":"https:\/\/armaganas.com\/en\/wp-json\/wp\/v2\/product_cat?post=13172"},{"taxonomy":"product_tag","embeddable":true,"href":"https:\/\/armaganas.com\/en\/wp-json\/wp\/v2\/product_tag?post=13172"}],"curies":[{"name":"wp","href":"https:\/\/api.w.org\/{rel}","templated":true}]}}