{"id":13091,"date":"2023-07-31T11:15:59","date_gmt":"2023-07-31T08:15:59","guid":{"rendered":"https:\/\/armaganas.com\/?post_type=product&#038;p=13091"},"modified":"2026-01-24T11:09:29","modified_gmt":"2026-01-24T08:09:29","slug":"rmc-hybrid-wood-protector-1l-standart-renkler","status":"publish","type":"product","link":"https:\/\/armaganas.com\/en\/product\/rmc-hybrid-wood-protector-1l-standart-renkler\/","title":{"rendered":"Rubio Monocoat Hybrid Wood Protector 1lt Standart Renkler"},"content":{"rendered":"<p><strong>RMC Hybrid Wood Protector<\/strong><br \/>\n<em><strong>Standart Renklerde<\/strong><\/em><br \/>\nKaliteli ve y\u00fcksek \u00f6zellikli tam koruyucu!<br \/>\n<em><strong>Rubio Monocoat Hybrid Wood Protector<\/strong><\/em>\u00a0ger\u00e7ek bir \u201ctek katl\u0131\u201duygulamad\u0131r. Yenilik\u00e7i yap\u0131s\u0131 ile i\u00e7 ve d\u0131\u015f mekanlarda her \u00e7e\u015fit ah\u015fab\u0131n \u00fczerine uygulanabilir. Basit uygulama tekni\u011fi ve kolay bak\u0131m\u0131 (z\u0131mpara gerektirmeyen) bu y\u00fcksek teknolojili \u00fcr\u00fcn\u00fc tamamen kolay uygulanabilir k\u0131lmaktad\u0131r.<\/p>\n<p><strong>Z\u0131mpara gerektirmeyen bak\u0131m!<\/strong>\u00a0Ayn\u0131 \u00fcr\u00fcn ile yeniden koruma ve renklendirme.<\/p>\n<p>*It is suitable for use on solid and coated products with a raw surface. It protects your products and beautifies their appearance without disturbing the natural appearance of the wood and without forming a film on the surface.<\/p>\n<p><strong>* It is produced from 100% natural products, does not contain any harmful chemicals. It is suitable for use in food contact and baby products.<\/strong><\/p>\n<p>*Can be applied without the need for professional skills.<\/p>\n<p><strong>PACKAGING<\/strong><\/p>\n<p>1 litrelik kutu halinde<\/p>","protected":false},"excerpt":{"rendered":"<p>RMC Hybrid Wood Protector Standart Renklerde Kaliteli ve y\u00fcksek \u00f6zellikli tam koruyucu! Rubio Monocoat Hybrid Wood Protector\u00a0ger\u00e7ek bir \u201ctek katl\u0131\u201duygulamad\u0131r. Yenilik\u00e7i yap\u0131s\u0131 ile i\u00e7 ve d\u0131\u015f mekanlarda her \u00e7e\u015fit ah\u015fab\u0131n \u00fczerine uygulanabilir. Basit uygulama tekni\u011fi ve kolay bak\u0131m\u0131 (z\u0131mpara gerektirmeyen) bu y\u00fcksek teknolojili \u00fcr\u00fcn\u00fc tamamen kolay uygulanabilir k\u0131lmaktad\u0131r. Z\u0131mpara gerektirmeyen bak\u0131m!\u00a0Ayn\u0131 \u00fcr\u00fcn ile yeniden koruma [&hellip;]<\/p>","protected":false},"featured_media":13608,"comment_status":"closed","ping_status":"closed","template":"","meta":[],"product_brand":[],"product_cat":[92],"product_tag":[308,311,313,310,309,314,312],"class_list":{"0":"post-13091","1":"product","2":"type-product","3":"status-publish","4":"has-post-thumbnail","6":"product_cat-dis-mekan-yag","7":"product_tag-ahsap-yaglari","8":"product_tag-dogal-masif-yaglari","9":"product_tag-parke-yagi","10":"product_tag-rmc-turkey","11":"product_tag-rubio-monocoat","12":"product_tag-tik-yagi","13":"product_tag-wood-oil-extra","14":"product_shipping_class-kargo-yag","16":"first","17":"instock","18":"sale","19":"taxable","20":"shipping-taxable","21":"purchasable","22":"product-type-variable","23":"has-default-attributes"},"_links":{"self":[{"href":"https:\/\/armaganas.com\/en\/wp-json\/wp\/v2\/product\/13091","targetHints":{"allow":["GET"]}}],"collection":[{"href":"https:\/\/armaganas.com\/en\/wp-json\/wp\/v2\/product"}],"about":[{"href":"https:\/\/armaganas.com\/en\/wp-json\/wp\/v2\/types\/product"}],"replies":[{"embeddable":true,"href":"https:\/\/armaganas.com\/en\/wp-json\/wp\/v2\/comments?post=13091"}],"wp:featuredmedia":[{"embeddable":true,"href":"https:\/\/armaganas.com\/en\/wp-json\/wp\/v2\/media\/13608"}],"wp:attachment":[{"href":"https:\/\/armaganas.com\/en\/wp-json\/wp\/v2\/media?parent=13091"}],"wp:term":[{"taxonomy":"product_brand","embeddable":true,"href":"https:\/\/armaganas.com\/en\/wp-json\/wp\/v2\/product_brand?post=13091"},{"taxonomy":"product_cat","embeddable":true,"href":"https:\/\/armaganas.com\/en\/wp-json\/wp\/v2\/product_cat?post=13091"},{"taxonomy":"product_tag","embeddable":true,"href":"https:\/\/armaganas.com\/en\/wp-json\/wp\/v2\/product_tag?post=13091"}],"curies":[{"name":"wp","href":"https:\/\/api.w.org\/{rel}","templated":true}]}}