{"id":13034,"date":"2023-07-31T10:10:48","date_gmt":"2023-07-31T07:10:48","guid":{"rendered":"https:\/\/armaganas.com\/?post_type=product&#038;p=13034"},"modified":"2026-04-14T15:31:00","modified_gmt":"2026-04-14T12:31:00","slug":"rmc-wood-cream-1lt-krem-formunda-su-gecirmez-dogal-ahsap-koruyucu","status":"publish","type":"product","link":"https:\/\/armaganas.com\/en\/product\/rmc-wood-cream-1lt-krem-formunda-su-gecirmez-dogal-ahsap-koruyucu\/","title":{"rendered":"Rubio Monocoat Wood Cream 1lt (Krem Formunda Su Bazl\u0131 Su Ge\u00e7irmez Do\u011fal Ah\u015fap Koruyucu)"},"content":{"rendered":"<p>Rubio\u00ae WoodCream, dikey ah\u015faba y\u0131pranm\u0131\u015f bir g\u00f6r\u00fcn\u00fcm veren ve ayn\u0131 zamanda uzun s\u00fcre kal\u0131c\u0131 bir inci etkisi sa\u011flayan su ge\u00e7irmez hale getiren y\u00fcksek kaliteli, su bazl\u0131 bir kremdir. Rubio\u00ae WoodCream, ah\u015faba eskitilmi\u015f bir g\u00f6r\u00fcn\u00fcm veren 27 farkl\u0131 renk tonunda mevcuttur. Ah\u015fab\u0131n do\u011fal olarak ya\u015flanmas\u0131na izin veren, ancak onu koruyan ve su ge\u00e7irmez hale getiren \u015eEFFAF bir versiyon da mevcuttur.<br \/>\nKrem yap\u0131s\u0131, bu \u00fcr\u00fcn\u00fcn \u00f6zellikle dikey ah\u015fap \u00fczerine uygulanmas\u0131n\u0131 kolayla\u015ft\u0131r\u0131r.<\/p>\n<p>Uzun s\u00fcre kal\u0131c\u0131 inci etkisi ile suya dayan\u0131kl\u0131 sonu\u00e7.<br \/>\nKendi kendini temizleme.<br \/>\n%100 ekolojik, %0 tehlikeli maddeler (VOC).<br \/>\nY\u00fczeyde Film olu\u015fturmaz, soyulma, d\u00f6k\u00fclme yapmaz.<br \/>\nHer \u00e7e\u015fit ah\u015fap y\u00fczeyine f\u0131r\u00e7a ile do\u011frudan uygulama yap\u0131labilir.<br \/>\n%10 su eklenerek tabanca ile p\u00fcsk\u00fcrtmeli olarak uygulanabilir.<\/p>","protected":false},"excerpt":{"rendered":"<p>Rubio\u00ae WoodCream, dikey ah\u015faba y\u0131pranm\u0131\u015f bir g\u00f6r\u00fcn\u00fcm veren ve ayn\u0131 zamanda uzun s\u00fcre kal\u0131c\u0131 bir inci etkisi sa\u011flayan su ge\u00e7irmez hale getiren y\u00fcksek kaliteli, su bazl\u0131 bir kremdir. Rubio\u00ae WoodCream, ah\u015faba eskitilmi\u015f bir g\u00f6r\u00fcn\u00fcm veren 27 farkl\u0131 renk tonunda mevcuttur. Ah\u015fab\u0131n do\u011fal olarak ya\u015flanmas\u0131na izin veren, ancak onu koruyan ve su ge\u00e7irmez hale getiren \u015eEFFAF [&hellip;]<\/p>","protected":false},"featured_media":13609,"comment_status":"closed","ping_status":"closed","template":"","meta":[],"product_brand":[],"product_cat":[92],"product_tag":[308,311,313,310,309,314,312],"class_list":{"0":"post-13034","1":"product","2":"type-product","3":"status-publish","4":"has-post-thumbnail","6":"product_cat-dis-mekan-yag","7":"product_tag-ahsap-yaglari","8":"product_tag-dogal-masif-yaglari","9":"product_tag-parke-yagi","10":"product_tag-rmc-turkey","11":"product_tag-rubio-monocoat","12":"product_tag-tik-yagi","13":"product_tag-wood-oil-extra","14":"product_shipping_class-kargo-yag","16":"first","17":"instock","18":"sale","19":"taxable","20":"shipping-taxable","21":"purchasable","22":"product-type-variable","23":"has-default-attributes"},"_links":{"self":[{"href":"https:\/\/armaganas.com\/en\/wp-json\/wp\/v2\/product\/13034","targetHints":{"allow":["GET"]}}],"collection":[{"href":"https:\/\/armaganas.com\/en\/wp-json\/wp\/v2\/product"}],"about":[{"href":"https:\/\/armaganas.com\/en\/wp-json\/wp\/v2\/types\/product"}],"replies":[{"embeddable":true,"href":"https:\/\/armaganas.com\/en\/wp-json\/wp\/v2\/comments?post=13034"}],"wp:featuredmedia":[{"embeddable":true,"href":"https:\/\/armaganas.com\/en\/wp-json\/wp\/v2\/media\/13609"}],"wp:attachment":[{"href":"https:\/\/armaganas.com\/en\/wp-json\/wp\/v2\/media?parent=13034"}],"wp:term":[{"taxonomy":"product_brand","embeddable":true,"href":"https:\/\/armaganas.com\/en\/wp-json\/wp\/v2\/product_brand?post=13034"},{"taxonomy":"product_cat","embeddable":true,"href":"https:\/\/armaganas.com\/en\/wp-json\/wp\/v2\/product_cat?post=13034"},{"taxonomy":"product_tag","embeddable":true,"href":"https:\/\/armaganas.com\/en\/wp-json\/wp\/v2\/product_tag?post=13034"}],"curies":[{"name":"wp","href":"https:\/\/api.w.org\/{rel}","templated":true}]}}