{"id":12237,"date":"2023-07-25T15:22:41","date_gmt":"2023-07-25T12:22:41","guid":{"rendered":"https:\/\/armaganas.com\/?post_type=product&#038;p=12237"},"modified":"2023-07-25T15:23:13","modified_gmt":"2023-07-25T12:23:13","slug":"thermowood-disbudak-boy-ekli-parke-desenli-masif-panel","status":"publish","type":"product","link":"https:\/\/armaganas.com\/en\/product\/thermowood-disbudak-boy-ekli-parke-desenli-masif-panel\/","title":{"rendered":"Thermowood Ash Wood Jointed (Parquet Pattern) Solid Panel"},"content":{"rendered":"","protected":false},"excerpt":{"rendered":"<p>Grade: AB<br \/>\nEbatlar\u0131: 18 mm Kal\u0131nl\u0131k , 1220mm En , 3500mm Boy<br \/>\nHumidity: Kiln Dried 8-10%<br \/>\nGlue: D3-D4<\/p>","protected":false},"featured_media":12039,"comment_status":"closed","ping_status":"closed","template":"","meta":[],"product_brand":[],"product_cat":[155],"product_tag":[],"class_list":{"0":"post-12237","1":"product","2":"type-product","3":"status-publish","4":"has-post-thumbnail","6":"product_cat-masif-panel","8":"first","9":"instock","10":"taxable","11":"shipping-taxable","12":"product-type-simple"},"_links":{"self":[{"href":"https:\/\/armaganas.com\/en\/wp-json\/wp\/v2\/product\/12237","targetHints":{"allow":["GET"]}}],"collection":[{"href":"https:\/\/armaganas.com\/en\/wp-json\/wp\/v2\/product"}],"about":[{"href":"https:\/\/armaganas.com\/en\/wp-json\/wp\/v2\/types\/product"}],"replies":[{"embeddable":true,"href":"https:\/\/armaganas.com\/en\/wp-json\/wp\/v2\/comments?post=12237"}],"wp:featuredmedia":[{"embeddable":true,"href":"https:\/\/armaganas.com\/en\/wp-json\/wp\/v2\/media\/12039"}],"wp:attachment":[{"href":"https:\/\/armaganas.com\/en\/wp-json\/wp\/v2\/media?parent=12237"}],"wp:term":[{"taxonomy":"product_brand","embeddable":true,"href":"https:\/\/armaganas.com\/en\/wp-json\/wp\/v2\/product_brand?post=12237"},{"taxonomy":"product_cat","embeddable":true,"href":"https:\/\/armaganas.com\/en\/wp-json\/wp\/v2\/product_cat?post=12237"},{"taxonomy":"product_tag","embeddable":true,"href":"https:\/\/armaganas.com\/en\/wp-json\/wp\/v2\/product_tag?post=12237"}],"curies":[{"name":"wp","href":"https:\/\/api.w.org\/{rel}","templated":true}]}}