{"id":12233,"date":"2023-07-25T15:19:07","date_gmt":"2023-07-25T12:19:07","guid":{"rendered":"https:\/\/armaganas.com\/?post_type=product&#038;p=12233"},"modified":"2023-07-25T15:19:48","modified_gmt":"2023-07-25T12:19:48","slug":"limba-boy-eksiz-solid-masif-panel","status":"publish","type":"product","link":"https:\/\/armaganas.com\/en\/product\/limba-boy-eksiz-solid-masif-panel\/","title":{"rendered":"Limba Full Stave Solid Glue Edged Panel"},"content":{"rendered":"","protected":false},"excerpt":{"rendered":"<p>Kalite: AB\/BB<br \/>\nEbatlar\u0131: 18-21 mm Kal\u0131nl\u0131k , 1220mm En , 2000-4000mm Boy<br \/>\nHumidity: Kiln Dried 8-10%<br \/>\nGlue: D3-D4<\/p>","protected":false},"featured_media":12037,"comment_status":"closed","ping_status":"closed","template":"","meta":[],"product_brand":[],"product_cat":[155],"product_tag":[],"class_list":{"0":"post-12233","1":"product","2":"type-product","3":"status-publish","4":"has-post-thumbnail","6":"product_cat-masif-panel","8":"first","9":"instock","10":"taxable","11":"shipping-taxable","12":"product-type-simple"},"_links":{"self":[{"href":"https:\/\/armaganas.com\/en\/wp-json\/wp\/v2\/product\/12233","targetHints":{"allow":["GET"]}}],"collection":[{"href":"https:\/\/armaganas.com\/en\/wp-json\/wp\/v2\/product"}],"about":[{"href":"https:\/\/armaganas.com\/en\/wp-json\/wp\/v2\/types\/product"}],"replies":[{"embeddable":true,"href":"https:\/\/armaganas.com\/en\/wp-json\/wp\/v2\/comments?post=12233"}],"wp:featuredmedia":[{"embeddable":true,"href":"https:\/\/armaganas.com\/en\/wp-json\/wp\/v2\/media\/12037"}],"wp:attachment":[{"href":"https:\/\/armaganas.com\/en\/wp-json\/wp\/v2\/media?parent=12233"}],"wp:term":[{"taxonomy":"product_brand","embeddable":true,"href":"https:\/\/armaganas.com\/en\/wp-json\/wp\/v2\/product_brand?post=12233"},{"taxonomy":"product_cat","embeddable":true,"href":"https:\/\/armaganas.com\/en\/wp-json\/wp\/v2\/product_cat?post=12233"},{"taxonomy":"product_tag","embeddable":true,"href":"https:\/\/armaganas.com\/en\/wp-json\/wp\/v2\/product_tag?post=12233"}],"curies":[{"name":"wp","href":"https:\/\/api.w.org\/{rel}","templated":true}]}}