{"id":12232,"date":"2023-07-25T15:16:09","date_gmt":"2023-07-25T12:16:09","guid":{"rendered":"https:\/\/armaganas.com\/urun\/cam-boy-ekli-parke-desen-eksiz-solid-masif-panel-copy\/"},"modified":"2023-07-25T15:17:11","modified_gmt":"2023-07-25T12:17:11","slug":"kayin-boy-ekli-parke-desen-masif-panel","status":"publish","type":"product","link":"https:\/\/armaganas.com\/en\/product\/kayin-boy-ekli-parke-desen-masif-panel\/","title":{"rendered":"Beech Height Attached (Parquet Pattern) Solid Panel"},"content":{"rendered":"","protected":false},"excerpt":{"rendered":"<p>Kalite: AB \/ BB<br \/>\nEbatlar\u0131: 18-30 mm Kal\u0131nl\u0131k , 1220mm En , 2000-4000mm Boy<br \/>\nHumidity: Kiln Dried 8-10%<br \/>\nGlue: D3-D4<\/p>","protected":false},"featured_media":12036,"comment_status":"closed","ping_status":"closed","template":"","meta":[],"product_brand":[],"product_cat":[155],"product_tag":[],"class_list":{"0":"post-12232","1":"product","2":"type-product","3":"status-publish","4":"has-post-thumbnail","6":"product_cat-masif-panel","8":"first","9":"instock","10":"taxable","11":"shipping-taxable","12":"product-type-simple"},"_links":{"self":[{"href":"https:\/\/armaganas.com\/en\/wp-json\/wp\/v2\/product\/12232","targetHints":{"allow":["GET"]}}],"collection":[{"href":"https:\/\/armaganas.com\/en\/wp-json\/wp\/v2\/product"}],"about":[{"href":"https:\/\/armaganas.com\/en\/wp-json\/wp\/v2\/types\/product"}],"replies":[{"embeddable":true,"href":"https:\/\/armaganas.com\/en\/wp-json\/wp\/v2\/comments?post=12232"}],"wp:featuredmedia":[{"embeddable":true,"href":"https:\/\/armaganas.com\/en\/wp-json\/wp\/v2\/media\/12036"}],"wp:attachment":[{"href":"https:\/\/armaganas.com\/en\/wp-json\/wp\/v2\/media?parent=12232"}],"wp:term":[{"taxonomy":"product_brand","embeddable":true,"href":"https:\/\/armaganas.com\/en\/wp-json\/wp\/v2\/product_brand?post=12232"},{"taxonomy":"product_cat","embeddable":true,"href":"https:\/\/armaganas.com\/en\/wp-json\/wp\/v2\/product_cat?post=12232"},{"taxonomy":"product_tag","embeddable":true,"href":"https:\/\/armaganas.com\/en\/wp-json\/wp\/v2\/product_tag?post=12232"}],"curies":[{"name":"wp","href":"https:\/\/api.w.org\/{rel}","templated":true}]}}