{"id":12225,"date":"2023-07-25T15:10:09","date_gmt":"2023-07-25T12:10:09","guid":{"rendered":"https:\/\/armaganas.com\/?post_type=product&#038;p=12225"},"modified":"2023-07-25T15:10:09","modified_gmt":"2023-07-25T12:10:09","slug":"cam-boy-ekli-parke-desen-eksiz-solid-masif-panel","status":"publish","type":"product","link":"https:\/\/armaganas.com\/en\/product\/cam-boy-ekli-parke-desen-eksiz-solid-masif-panel\/","title":{"rendered":"Pine Length Attached (Parquet Pattern) \/ Seamless (Solid) Solid Panel"},"content":{"rendered":"","protected":false},"excerpt":{"rendered":"<p>Kalite: AA\/AB<br \/>\nEbatlar\u0131: 18-30 mm Kal\u0131nl\u0131k , 1220mm En , 2000-4000mm Boy<br \/>\nHumidity: Kiln Dried 8-10%<br \/>\nGlue: D3-D4<\/p>","protected":false},"featured_media":12035,"comment_status":"closed","ping_status":"closed","template":"","meta":[],"product_brand":[],"product_cat":[155],"product_tag":[],"class_list":{"0":"post-12225","1":"product","2":"type-product","3":"status-publish","4":"has-post-thumbnail","6":"product_cat-masif-panel","8":"first","9":"instock","10":"taxable","11":"shipping-taxable","12":"product-type-simple"},"_links":{"self":[{"href":"https:\/\/armaganas.com\/en\/wp-json\/wp\/v2\/product\/12225","targetHints":{"allow":["GET"]}}],"collection":[{"href":"https:\/\/armaganas.com\/en\/wp-json\/wp\/v2\/product"}],"about":[{"href":"https:\/\/armaganas.com\/en\/wp-json\/wp\/v2\/types\/product"}],"replies":[{"embeddable":true,"href":"https:\/\/armaganas.com\/en\/wp-json\/wp\/v2\/comments?post=12225"}],"wp:featuredmedia":[{"embeddable":true,"href":"https:\/\/armaganas.com\/en\/wp-json\/wp\/v2\/media\/12035"}],"wp:attachment":[{"href":"https:\/\/armaganas.com\/en\/wp-json\/wp\/v2\/media?parent=12225"}],"wp:term":[{"taxonomy":"product_brand","embeddable":true,"href":"https:\/\/armaganas.com\/en\/wp-json\/wp\/v2\/product_brand?post=12225"},{"taxonomy":"product_cat","embeddable":true,"href":"https:\/\/armaganas.com\/en\/wp-json\/wp\/v2\/product_cat?post=12225"},{"taxonomy":"product_tag","embeddable":true,"href":"https:\/\/armaganas.com\/en\/wp-json\/wp\/v2\/product_tag?post=12225"}],"curies":[{"name":"wp","href":"https:\/\/api.w.org\/{rel}","templated":true}]}}