{"id":12202,"date":"2023-07-25T13:55:33","date_gmt":"2023-07-25T10:55:33","guid":{"rendered":"https:\/\/armaganas.com\/?post_type=product&#038;p=12202"},"modified":"2023-11-23T15:05:09","modified_gmt":"2023-11-23T12:05:09","slug":"bambu-dasso-deck-xtr-koyu-kahve","status":"publish","type":"product","link":"https:\/\/armaganas.com\/en\/product\/bambu-dasso-deck-xtr-koyu-kahve\/","title":{"rendered":"Bamboo Dasso Deck XTR (Dark Brown)"},"content":{"rendered":"","protected":false},"excerpt":{"rendered":"<p>www.dassoturkiye.com<br \/>\nKalite: Ekstra 1.S\u0131n\u0131f<br \/>\nEbatlar\u0131: 18mm Kal\u0131nl\u0131k, 137mm En, 1850mm Boy<\/p>\n<p>Y\u00fczey: Ya\u011flanm\u0131\u015f \u015fekilde. Tek y\u00fcz\u00fc d\u00fcz, tek y\u00fcz\u00fc kaymaz kanall\u0131<\/p>\n<p>Yanlar: Metal klipse g\u00f6re kanall\u0131<br \/>\nNem: F\u0131r\u0131n Kurusu 8-10% ayr\u0131ca \u0131s\u0131l i\u015flem g\u00f6rm\u00fc\u015ft\u00fcr<br \/>\nMen\u015fei: Uzakdo\u011fu<\/p>","protected":false},"featured_media":13645,"comment_status":"closed","ping_status":"closed","template":"","meta":[],"product_brand":[],"product_cat":[154],"product_tag":[],"class_list":{"0":"post-12202","1":"product","2":"type-product","3":"status-publish","4":"has-post-thumbnail","6":"product_cat-deck-cephe-lambri","8":"first","9":"instock","10":"taxable","11":"shipping-taxable","12":"product-type-simple"},"_links":{"self":[{"href":"https:\/\/armaganas.com\/en\/wp-json\/wp\/v2\/product\/12202","targetHints":{"allow":["GET"]}}],"collection":[{"href":"https:\/\/armaganas.com\/en\/wp-json\/wp\/v2\/product"}],"about":[{"href":"https:\/\/armaganas.com\/en\/wp-json\/wp\/v2\/types\/product"}],"replies":[{"embeddable":true,"href":"https:\/\/armaganas.com\/en\/wp-json\/wp\/v2\/comments?post=12202"}],"wp:featuredmedia":[{"embeddable":true,"href":"https:\/\/armaganas.com\/en\/wp-json\/wp\/v2\/media\/13645"}],"wp:attachment":[{"href":"https:\/\/armaganas.com\/en\/wp-json\/wp\/v2\/media?parent=12202"}],"wp:term":[{"taxonomy":"product_brand","embeddable":true,"href":"https:\/\/armaganas.com\/en\/wp-json\/wp\/v2\/product_brand?post=12202"},{"taxonomy":"product_cat","embeddable":true,"href":"https:\/\/armaganas.com\/en\/wp-json\/wp\/v2\/product_cat?post=12202"},{"taxonomy":"product_tag","embeddable":true,"href":"https:\/\/armaganas.com\/en\/wp-json\/wp\/v2\/product_tag?post=12202"}],"curies":[{"name":"wp","href":"https:\/\/api.w.org\/{rel}","templated":true}]}}