{"id":12200,"date":"2023-07-25T13:54:10","date_gmt":"2023-07-25T10:54:10","guid":{"rendered":"https:\/\/armaganas.com\/?post_type=product&#038;p=12200"},"modified":"2025-04-26T11:59:42","modified_gmt":"2025-04-26T08:59:42","slug":"bambu-dasso-deck-ctech-tik-rengi","status":"publish","type":"product","link":"https:\/\/armaganas.com\/en\/product\/bambu-dasso-deck-ctech-tik-rengi\/","title":{"rendered":"Bamboo Dasso Deck Ctech (Teak Color)"},"content":{"rendered":"","protected":false},"excerpt":{"rendered":"<p>Kalite: Ekstra 1.S\u0131n\u0131f<br \/>\nEbatlar\u0131: 18mm Kal\u0131nl\u0131k, 137mm En, 1850mm Boy<\/p>\n<p>Y\u00fczey: Ya\u011flanm\u0131\u015f \u015fekilde. Tek y\u00fcz\u00fc d\u00fcz, tek y\u00fcz\u00fc kaymaz kanall\u0131<\/p>\n<p>Yanlar: Metal klipse g\u00f6re kanall\u0131<br \/>\nHumidity: Kiln Dried 8-10%<br \/>\nMen\u015fei: Uzakdo\u011fu<\/p>\n<p><strong>DAHA DETAYLI B\u0130LG\u0130 \u0130\u00c7\u0130N:<\/strong><\/p>\n<h5><strong><a href=\"http:\/\/www.dassoturkiye.com\">www.dassoturkiye.com<\/a><\/strong><\/h5>","protected":false},"featured_media":11991,"comment_status":"closed","ping_status":"closed","template":"","meta":[],"product_brand":[],"product_cat":[154],"product_tag":[],"class_list":{"0":"post-12200","1":"product","2":"type-product","3":"status-publish","4":"has-post-thumbnail","6":"product_cat-deck-cephe-lambri","8":"first","9":"instock","10":"taxable","11":"shipping-taxable","12":"product-type-simple"},"_links":{"self":[{"href":"https:\/\/armaganas.com\/en\/wp-json\/wp\/v2\/product\/12200","targetHints":{"allow":["GET"]}}],"collection":[{"href":"https:\/\/armaganas.com\/en\/wp-json\/wp\/v2\/product"}],"about":[{"href":"https:\/\/armaganas.com\/en\/wp-json\/wp\/v2\/types\/product"}],"replies":[{"embeddable":true,"href":"https:\/\/armaganas.com\/en\/wp-json\/wp\/v2\/comments?post=12200"}],"wp:featuredmedia":[{"embeddable":true,"href":"https:\/\/armaganas.com\/en\/wp-json\/wp\/v2\/media\/11991"}],"wp:attachment":[{"href":"https:\/\/armaganas.com\/en\/wp-json\/wp\/v2\/media?parent=12200"}],"wp:term":[{"taxonomy":"product_brand","embeddable":true,"href":"https:\/\/armaganas.com\/en\/wp-json\/wp\/v2\/product_brand?post=12200"},{"taxonomy":"product_cat","embeddable":true,"href":"https:\/\/armaganas.com\/en\/wp-json\/wp\/v2\/product_cat?post=12200"},{"taxonomy":"product_tag","embeddable":true,"href":"https:\/\/armaganas.com\/en\/wp-json\/wp\/v2\/product_tag?post=12200"}],"curies":[{"name":"wp","href":"https:\/\/api.w.org\/{rel}","templated":true}]}}