{"id":12167,"date":"2023-07-25T13:35:30","date_gmt":"2023-07-25T10:35:30","guid":{"rendered":"https:\/\/armaganas.com\/?post_type=product&#038;p=12167"},"modified":"2023-07-25T13:35:31","modified_gmt":"2023-07-25T10:35:31","slug":"iroko-deck","status":"publish","type":"product","link":"https:\/\/armaganas.com\/en\/product\/iroko-deck\/","title":{"rendered":"Iroko Decking"},"content":{"rendered":"","protected":false},"excerpt":{"rendered":"<p>Kalite: Ekstra 1.S\u0131n\u0131f<br \/>\nEbatlar\u0131: 18mm Kal\u0131nl\u0131k, Standart En ve Boy<br \/>\nHumidity: Kiln Dried 8-10%<br \/>\nMen\u015fei: Afrika<\/p>","protected":false},"featured_media":11921,"comment_status":"closed","ping_status":"closed","template":"","meta":[],"product_brand":[],"product_cat":[154],"product_tag":[],"class_list":{"0":"post-12167","1":"product","2":"type-product","3":"status-publish","4":"has-post-thumbnail","6":"product_cat-deck-cephe-lambri","8":"first","9":"instock","10":"taxable","11":"shipping-taxable","12":"product-type-simple"},"_links":{"self":[{"href":"https:\/\/armaganas.com\/en\/wp-json\/wp\/v2\/product\/12167","targetHints":{"allow":["GET"]}}],"collection":[{"href":"https:\/\/armaganas.com\/en\/wp-json\/wp\/v2\/product"}],"about":[{"href":"https:\/\/armaganas.com\/en\/wp-json\/wp\/v2\/types\/product"}],"replies":[{"embeddable":true,"href":"https:\/\/armaganas.com\/en\/wp-json\/wp\/v2\/comments?post=12167"}],"wp:featuredmedia":[{"embeddable":true,"href":"https:\/\/armaganas.com\/en\/wp-json\/wp\/v2\/media\/11921"}],"wp:attachment":[{"href":"https:\/\/armaganas.com\/en\/wp-json\/wp\/v2\/media?parent=12167"}],"wp:term":[{"taxonomy":"product_brand","embeddable":true,"href":"https:\/\/armaganas.com\/en\/wp-json\/wp\/v2\/product_brand?post=12167"},{"taxonomy":"product_cat","embeddable":true,"href":"https:\/\/armaganas.com\/en\/wp-json\/wp\/v2\/product_cat?post=12167"},{"taxonomy":"product_tag","embeddable":true,"href":"https:\/\/armaganas.com\/en\/wp-json\/wp\/v2\/product_tag?post=12167"}],"curies":[{"name":"wp","href":"https:\/\/api.w.org\/{rel}","templated":true}]}}