{"id":12083,"date":"2023-07-25T10:57:14","date_gmt":"2023-07-25T07:57:14","guid":{"rendered":"https:\/\/armaganas.com\/?post_type=product&#038;p=12083"},"modified":"2026-01-24T09:53:27","modified_gmt":"2026-01-24T06:53:27","slug":"oil-plus-2c-375-ml-seffaf-ab","status":"publish","type":"product","link":"https:\/\/armaganas.com\/en\/product\/oil-plus-2c-375-ml-seffaf-ab\/","title":{"rendered":"Rubio Monocoat Oil Plus 2C Pure &#8211; 375ml \u015eeffaf (A+B)"},"content":{"rendered":"<p><strong>Rubio Monocoat Oil Plus 2C<\/strong>\u00a0It is a two component oil consisting of RMC Oil Plus (A) and RMC Accelerator (B) products used on indoor wooden surfaces. It is very suitable for indoor applications that require fast drying. It is applied only in one layer.<\/p>\n<p>*<strong>Pure (\u015eeffaf)<\/strong> i\u00e7erisinde renk pigmenti bulunmayan bu \u00fcr\u00fcn ya\u011f bazl\u0131 olmas\u0131ndan dolay\u0131 a\u011faca s\u00fcr\u00fcld\u00fc\u011f\u00fcnde hafif sarart\u0131r (a\u011fac\u0131n su ile \u0131slat\u0131ld\u0131\u011f\u0131ndaki gibi)\u00a0 ve a\u011fac\u0131n damarlar\u0131n\u0131 daha belirgin hale getirir.<\/p>\n<p>*It is suitable for use on solid and coated products with a raw surface. It protects your products and beautifies their appearance without disturbing the natural appearance of the wood and without forming a film on the surface.<\/p>\n<p><strong>* It is produced from 100% natural products, does not contain any harmful chemicals. It is suitable for use in food contact and baby products.<\/strong><\/p>\n<p>*Can be applied without the need for professional skills.<\/p>\n<p>This product is also highly suitable for industrial applications consisting of both oxidative and UV processes.<\/p>\n<p><strong>PACKAGING:<\/strong><\/p>\n<p><strong>In 350 ml combined container:<\/strong><\/p>\n<p>275 ml RMC Oil Plus 2C (A) ve 75 ml RMC Accelerator (B)<\/p>\n<p>&nbsp;<\/p>\n<p><strong>\u00dcr\u00fcn Uygulama Videolar\u0131:<\/strong><\/p>\n<p><iframe title=\"Rubio Monocoat Ya\u011flama \u0130\u015flemi ve \u00d6n Haz\u0131rl\u0131klar\u0131\" width=\"640\" height=\"360\" src=\"https:\/\/www.youtube.com\/embed\/UVUsuEB17ow?feature=oembed\" frameborder=\"0\" allow=\"accelerometer; autoplay; clipboard-write; encrypted-media; gyroscope; picture-in-picture; web-share\" referrerpolicy=\"strict-origin-when-cross-origin\" allowfullscreen><\/iframe><\/p>\n<p><iframe title=\"How to oil your wooden table with the Oil Plus 2C | Rubio Monocoat\" width=\"640\" height=\"360\" src=\"https:\/\/www.youtube.com\/embed\/3noy_O2I4FU?feature=oembed\" frameborder=\"0\" allow=\"accelerometer; autoplay; clipboard-write; encrypted-media; gyroscope; picture-in-picture; web-share\" referrerpolicy=\"strict-origin-when-cross-origin\" allowfullscreen><\/iframe><\/p>","protected":false},"excerpt":{"rendered":"<p><strong>Rubio Monocoat Oil Plus 2C<\/strong>\u00a0It is a two component oil consisting of RMC Oil Plus (A) and RMC Accelerator (B) products used on indoor wooden surfaces. It is very suitable for indoor applications that require fast drying. It is applied only in one layer.<\/p>\n<p>*<strong>Pure (\u015eeffaf)<\/strong> i\u00e7erisinde renk pigmenti bulunmayan bu \u00fcr\u00fcn ya\u011f bazl\u0131 olmas\u0131ndan dolay\u0131 a\u011faca s\u00fcr\u00fcld\u00fc\u011f\u00fcnde hafif sarart\u0131r (a\u011fac\u0131n su ile \u0131slat\u0131ld\u0131\u011f\u0131ndaki gibi)\u00a0 ve a\u011fac\u0131n damarlar\u0131n\u0131 daha belirgin hale getirir.<\/p>\n<p>*It is suitable for use on solid and coated products with a raw surface. It protects your products and beautifies their appearance without disturbing the natural appearance of the wood and without forming a film on the surface.<\/p>\n<p><strong>* It is produced from 100% natural products, does not contain any harmful chemicals. It is suitable for use in food contact and baby products.<\/strong><\/p>\n<p>*Can be applied without the need for professional skills.<\/p>\n<p>This product is also highly suitable for industrial applications consisting of both oxidative and UV processes.<\/p>\n<p><strong>PACKAGING:<\/strong><\/p>\n<p><strong>In 350 ml combined container:<\/strong><\/p>\n<p>275 ml RMC Oil Plus 2C (A) ve 75 ml RMC Accelerator (B)<\/p>","protected":false},"featured_media":13612,"comment_status":"closed","ping_status":"closed","template":"","meta":[],"product_brand":[],"product_cat":[91],"product_tag":[308,311,313,310,309,314,312],"class_list":{"0":"post-12083","1":"product","2":"type-product","3":"status-publish","4":"has-post-thumbnail","6":"product_cat-ic-mekan-yag","7":"product_tag-ahsap-yaglari","8":"product_tag-dogal-masif-yaglari","9":"product_tag-parke-yagi","10":"product_tag-rmc-turkey","11":"product_tag-rubio-monocoat","12":"product_tag-tik-yagi","13":"product_tag-wood-oil-extra","14":"product_shipping_class-kargo-yag","16":"first","17":"instock","18":"sale","19":"taxable","20":"shipping-taxable","21":"purchasable","22":"product-type-simple"},"_links":{"self":[{"href":"https:\/\/armaganas.com\/en\/wp-json\/wp\/v2\/product\/12083","targetHints":{"allow":["GET"]}}],"collection":[{"href":"https:\/\/armaganas.com\/en\/wp-json\/wp\/v2\/product"}],"about":[{"href":"https:\/\/armaganas.com\/en\/wp-json\/wp\/v2\/types\/product"}],"replies":[{"embeddable":true,"href":"https:\/\/armaganas.com\/en\/wp-json\/wp\/v2\/comments?post=12083"}],"wp:featuredmedia":[{"embeddable":true,"href":"https:\/\/armaganas.com\/en\/wp-json\/wp\/v2\/media\/13612"}],"wp:attachment":[{"href":"https:\/\/armaganas.com\/en\/wp-json\/wp\/v2\/media?parent=12083"}],"wp:term":[{"taxonomy":"product_brand","embeddable":true,"href":"https:\/\/armaganas.com\/en\/wp-json\/wp\/v2\/product_brand?post=12083"},{"taxonomy":"product_cat","embeddable":true,"href":"https:\/\/armaganas.com\/en\/wp-json\/wp\/v2\/product_cat?post=12083"},{"taxonomy":"product_tag","embeddable":true,"href":"https:\/\/armaganas.com\/en\/wp-json\/wp\/v2\/product_tag?post=12083"}],"curies":[{"name":"wp","href":"https:\/\/api.w.org\/{rel}","templated":true}]}}