{"id":11888,"date":"2023-07-16T15:39:29","date_gmt":"2023-07-16T12:39:29","guid":{"rendered":"https:\/\/armaganas.com\/?post_type=product&#038;p=11888"},"modified":"2023-09-20T16:51:33","modified_gmt":"2023-09-20T13:51:33","slug":"amerikan-kizil-mese-kereste","status":"publish","type":"product","link":"https:\/\/armaganas.com\/en\/product\/amerikan-kizil-mese-kereste\/","title":{"rendered":"American Red Oak Sawn Timber"},"content":{"rendered":"","protected":false},"excerpt":{"rendered":"<p><strong>GENEL \u00d6ZELL\u0130KLER\u0130:<\/strong><\/p>\n<p>Familya: Amerikan Sert A\u011fa\u00e7<br \/>\nBotanik ismi: Quercus Rubra<br \/>\nTicari isimleri: Amerikan Me\u015fe, K\u0131rm\u0131z\u0131 Me\u015fe, K\u0131z\u0131l Me\u015fe<br \/>\nYeti\u015fti\u011fi b\u00f6lgeler: Kuzey Amerika<br \/>\nOrtalama yo\u011funluk: 770 kg\/m3<\/p>\n<p>*\u00d6z odunu sar\u0131m\u0131s\u0131-k\u0131z\u0131l ve tonlar\u0131nda beyaz desenlerinde ge\u00e7ti\u011fi, beyaz me\u015feden farkl\u0131 olarak b\u00fcy\u00fcme halkalar\u0131 daha geni\u015ftir. Sertlik olarak beyaz me\u015feden a\u015fa\u011f\u0131 kalmayan bir derecededir.<\/p>\n<p>*Kullan\u0131m Yerleri : Her t\u00fcrl\u00fc mobilya ve dekorasyon i\u015flerinde, yer d\u00f6\u015femesi ve basamak olarak kullan\u0131l\u0131r<\/p>\n<p>*Kullan\u0131m Alan\u0131 : \u0130\u00e7mekan ve D\u0131\u015fmekan<\/p>\n<p><strong>KERESTE \u00d6ZELL\u0130KLER\u0130:<\/strong><\/p>\n<p>Kenars\u0131z<\/p>\n<p>S\u0131n\u0131f: AB<\/p>\n<p>Kal\u0131nl\u0131k: 26-52mm<\/p>\n<p>Nem: 8-12% F\u0131r\u0131n Kurusu<\/p>\n<p>Geni\u015flik: 15cm ve \u00fczeri (20% 10-15cm aras\u0131)<\/p>\n<p>Boy: 200cm ve \u00fczeri<\/p>\n<p>Stok: G\u00fcncel stok bilgisi i\u00e7in bizi aray\u0131n<\/p>","protected":false},"featured_media":11889,"comment_status":"closed","ping_status":"closed","template":"","meta":[],"product_brand":[],"product_cat":[86],"product_tag":[],"class_list":{"0":"post-11888","1":"product","2":"type-product","3":"status-publish","4":"has-post-thumbnail","6":"product_cat-amerikan-kereste","8":"first","9":"instock","10":"taxable","11":"shipping-taxable","12":"product-type-simple"},"_links":{"self":[{"href":"https:\/\/armaganas.com\/en\/wp-json\/wp\/v2\/product\/11888","targetHints":{"allow":["GET"]}}],"collection":[{"href":"https:\/\/armaganas.com\/en\/wp-json\/wp\/v2\/product"}],"about":[{"href":"https:\/\/armaganas.com\/en\/wp-json\/wp\/v2\/types\/product"}],"replies":[{"embeddable":true,"href":"https:\/\/armaganas.com\/en\/wp-json\/wp\/v2\/comments?post=11888"}],"wp:featuredmedia":[{"embeddable":true,"href":"https:\/\/armaganas.com\/en\/wp-json\/wp\/v2\/media\/11889"}],"wp:attachment":[{"href":"https:\/\/armaganas.com\/en\/wp-json\/wp\/v2\/media?parent=11888"}],"wp:term":[{"taxonomy":"product_brand","embeddable":true,"href":"https:\/\/armaganas.com\/en\/wp-json\/wp\/v2\/product_brand?post=11888"},{"taxonomy":"product_cat","embeddable":true,"href":"https:\/\/armaganas.com\/en\/wp-json\/wp\/v2\/product_cat?post=11888"},{"taxonomy":"product_tag","embeddable":true,"href":"https:\/\/armaganas.com\/en\/wp-json\/wp\/v2\/product_tag?post=11888"}],"curies":[{"name":"wp","href":"https:\/\/api.w.org\/{rel}","templated":true}]}}