{"id":11886,"date":"2023-07-16T15:39:03","date_gmt":"2023-07-16T12:39:03","guid":{"rendered":"https:\/\/armaganas.com\/?post_type=product&#038;p=11886"},"modified":"2023-11-21T13:34:47","modified_gmt":"2023-11-21T10:34:47","slug":"amerikan-kiraz","status":"publish","type":"product","link":"https:\/\/armaganas.com\/en\/product\/amerikan-kiraz\/","title":{"rendered":"American Cherry Sawn Timber"},"content":{"rendered":"","protected":false},"excerpt":{"rendered":"<p><strong>GENEL \u00d6ZELL\u0130KLER\u0130:<\/strong><\/p>\n<p>Familya: Amerikan Sert A\u011fa\u00e7<br \/>\nBotanik ismi: Prunus Serotina<br \/>\nTicari isimleri: Amerikan Kiraz<br \/>\nYeti\u015fti\u011fi b\u00f6lgeler: Kuzey Amerika<br \/>\nOrtalama yo\u011funluk: 580 kg\/m3<\/p>\n<p>*Amerikan kiraz a\u011fac\u0131 sert a\u011fa\u00e7lar aras\u0131nda sar\u0131 tondan k\u0131z\u0131l kahve tonlara do\u011fru de\u011fi\u015fen renklerdedir.\u00a0 Planya,torna, frezelenmesi kolay ve iyi sonu\u00e7 veren bir a\u011fa\u00e7t\u0131r. Hareli ve desenleri belirgindir.<\/p>\n<p>*Kullan\u0131m Alanlar\u0131 : \u0130\u00e7 mekan mobilya, genel dekor, yer d\u00f6\u015femesi i\u015flerinde kullan\u0131l\u0131r. Ayr\u0131ca m\u00fczik aletleri (gitar, elektro gitar, keman, saz vb.) ve \u00f6zel el i\u015fleri (b\u0131\u00e7ak kabze, bilardo sopas\u0131 vb.) yap\u0131m\u0131nda kullan\u0131l\u0131r. Janjanl\u0131, ku\u015fg\u00f6z\u00fc ve farkl\u0131 desen yap\u0131s\u0131nda bulunabilmektedir<\/p>\n<p>*Kullan\u0131m Yeri : \u0130\u00e7mekan<\/p>\n<p><strong>KERESTE \u00d6ZELL\u0130KLER\u0130:<\/strong><\/p>\n<p>Kenars\u0131z<\/p>\n<p>S\u0131n\u0131f: AB, B<\/p>\n<p>Kal\u0131nl\u0131k: 26-52mm<\/p>\n<p>Nem: 8-12% F\u0131r\u0131n Kurusu<\/p>\n<p>Geni\u015flik: 15cm ve \u00fczeri (20% 10-15cm aras\u0131)<\/p>\n<p>Boy: 200cm ve \u00fczeri<\/p>\n<p>Stok: G\u00fcncel stok bilgisi i\u00e7in bizi aray\u0131n<\/p>","protected":false},"featured_media":11887,"comment_status":"closed","ping_status":"closed","template":"","meta":[],"product_brand":[],"product_cat":[86],"product_tag":[],"class_list":{"0":"post-11886","1":"product","2":"type-product","3":"status-publish","4":"has-post-thumbnail","6":"product_cat-amerikan-kereste","8":"first","9":"instock","10":"taxable","11":"shipping-taxable","12":"product-type-simple"},"_links":{"self":[{"href":"https:\/\/armaganas.com\/en\/wp-json\/wp\/v2\/product\/11886","targetHints":{"allow":["GET"]}}],"collection":[{"href":"https:\/\/armaganas.com\/en\/wp-json\/wp\/v2\/product"}],"about":[{"href":"https:\/\/armaganas.com\/en\/wp-json\/wp\/v2\/types\/product"}],"replies":[{"embeddable":true,"href":"https:\/\/armaganas.com\/en\/wp-json\/wp\/v2\/comments?post=11886"}],"wp:featuredmedia":[{"embeddable":true,"href":"https:\/\/armaganas.com\/en\/wp-json\/wp\/v2\/media\/11887"}],"wp:attachment":[{"href":"https:\/\/armaganas.com\/en\/wp-json\/wp\/v2\/media?parent=11886"}],"wp:term":[{"taxonomy":"product_brand","embeddable":true,"href":"https:\/\/armaganas.com\/en\/wp-json\/wp\/v2\/product_brand?post=11886"},{"taxonomy":"product_cat","embeddable":true,"href":"https:\/\/armaganas.com\/en\/wp-json\/wp\/v2\/product_cat?post=11886"},{"taxonomy":"product_tag","embeddable":true,"href":"https:\/\/armaganas.com\/en\/wp-json\/wp\/v2\/product_tag?post=11886"}],"curies":[{"name":"wp","href":"https:\/\/api.w.org\/{rel}","templated":true}]}}