{"id":11884,"date":"2023-07-16T15:38:36","date_gmt":"2023-07-16T12:38:36","guid":{"rendered":"https:\/\/armaganas.com\/?post_type=product&#038;p=11884"},"modified":"2023-09-20T16:51:47","modified_gmt":"2023-09-20T13:51:47","slug":"amerikan-ceviz-kereste","status":"publish","type":"product","link":"https:\/\/armaganas.com\/en\/product\/amerikan-ceviz-kereste\/","title":{"rendered":"American Black Walnut Sawn Timber"},"content":{"rendered":"","protected":false},"excerpt":{"rendered":"<p><strong>GENEL \u00d6ZELL\u0130KLER\u0130:<\/strong><\/p>\n<p>Familya: Amerikan Sert A\u011fa\u00e7<br \/>\nBotanik ismi: Juglans nigra<br \/>\nTicari isimleri: Koyu Ceviz, ABD Ceviz<br \/>\nYeti\u015fti\u011fi b\u00f6lgeler: Kuzey Amerika<br \/>\nOrtalama yo\u011funluk: 640 kg\/m3<\/p>\n<p>*Serta\u011fa\u00e7lar aras\u0131nda en koyu tondakiler aras\u0131ndad\u0131r. \u00d6z odun opak s\u00fctl\u00fc kahveden koyu kahve tonlara do\u011fru de\u011fi\u015fir. Rahat i\u015flenebilen ve stabil a\u011fa\u00e7lar aras\u0131ndad\u0131r.<\/p>\n<p>*Kullan\u0131m Yerleri : Genel mobilya ve dekor i\u015flerinde kullan\u0131l\u0131r.<\/p>\n<p>*Kullan\u0131m Alan\u0131 : \u0130\u00e7mekan<\/p>\n<p><strong>KERESTE \u00d6ZELL\u0130KLER\u0130:<\/strong><\/p>\n<p>Kenars\u0131z, Kenarl\u0131 ve Bull kesim<\/p>\n<p>S\u0131n\u0131f: AB, B ve BC<\/p>\n<p>Kal\u0131nl\u0131k: 26-50-75mm<\/p>\n<p>Nem: 8-12% F\u0131r\u0131n Kurusu<\/p>\n<p>Geni\u015flik: 15cm ve \u00fczeri (20% 10-15cm aras\u0131)<\/p>\n<p>Boy: 200cm ve \u00fczeri<\/p>\n<p>Stok: G\u00fcncel stok bilgisi i\u00e7in bizi aray\u0131n<\/p>","protected":false},"featured_media":11885,"comment_status":"closed","ping_status":"closed","template":"","meta":[],"product_brand":[],"product_cat":[86],"product_tag":[],"class_list":{"0":"post-11884","1":"product","2":"type-product","3":"status-publish","4":"has-post-thumbnail","6":"product_cat-amerikan-kereste","8":"first","9":"instock","10":"taxable","11":"shipping-taxable","12":"product-type-simple"},"_links":{"self":[{"href":"https:\/\/armaganas.com\/en\/wp-json\/wp\/v2\/product\/11884","targetHints":{"allow":["GET"]}}],"collection":[{"href":"https:\/\/armaganas.com\/en\/wp-json\/wp\/v2\/product"}],"about":[{"href":"https:\/\/armaganas.com\/en\/wp-json\/wp\/v2\/types\/product"}],"replies":[{"embeddable":true,"href":"https:\/\/armaganas.com\/en\/wp-json\/wp\/v2\/comments?post=11884"}],"wp:featuredmedia":[{"embeddable":true,"href":"https:\/\/armaganas.com\/en\/wp-json\/wp\/v2\/media\/11885"}],"wp:attachment":[{"href":"https:\/\/armaganas.com\/en\/wp-json\/wp\/v2\/media?parent=11884"}],"wp:term":[{"taxonomy":"product_brand","embeddable":true,"href":"https:\/\/armaganas.com\/en\/wp-json\/wp\/v2\/product_brand?post=11884"},{"taxonomy":"product_cat","embeddable":true,"href":"https:\/\/armaganas.com\/en\/wp-json\/wp\/v2\/product_cat?post=11884"},{"taxonomy":"product_tag","embeddable":true,"href":"https:\/\/armaganas.com\/en\/wp-json\/wp\/v2\/product_tag?post=11884"}],"curies":[{"name":"wp","href":"https:\/\/api.w.org\/{rel}","templated":true}]}}