{"id":11882,"date":"2023-07-16T15:38:00","date_gmt":"2023-07-16T12:38:00","guid":{"rendered":"https:\/\/armaganas.com\/?post_type=product&#038;p=11882"},"modified":"2023-09-20T16:52:19","modified_gmt":"2023-09-20T13:52:19","slug":"amerikan-cam-kereste","status":"publish","type":"product","link":"https:\/\/armaganas.com\/en\/product\/amerikan-cam-kereste\/","title":{"rendered":"American Southern Yellow Pine Sawn Timber"},"content":{"rendered":"","protected":false},"excerpt":{"rendered":"<p><strong>GENEL \u00d6ZELL\u0130KLER:<\/strong><\/p>\n<p>Familya: Amerikan Yumu\u015fak A\u011fa\u00e7<br \/>\nBotanik ismi: Pinus Palustris<br \/>\nTicari isimleri: SYP, Amerikan Sar\u0131 \u00c7am<br \/>\nYeti\u015fti\u011fi b\u00f6lgeler: ABDnin g\u00fcney b\u00f6lgelerinde<br \/>\nOrtalama yo\u011funluk: 655 Kg\/m3<\/p>\n<p>*Genel \u00d6zellikleri : A\u00e7\u0131k turuncudan sar\u0131ms\u0131 beyaz tona do\u011fru \u00f6z odunundan olu\u015fur. Yumu\u015fak a\u011fa\u00e7lardan olmas\u0131na ra\u011fmen bir\u00e7ok sert a\u011fa\u00e7tan daha yo\u011fun bir a\u011fa\u00e7t\u0131r. Yerli \u00e7am ve avrupa \u00e7am\u0131na nazaran geni\u015f desen halka aralar\u0131 daha seyrektir.<\/p>\n<p>*Kullan\u0131m Yerleri : Her t\u00fcr mobilya ve dekorasyon i\u015flerinde, ayn\u0131 zamanda d\u0131\u015f mekandaki bir\u00e7ok alanda kullan\u0131labilir, yer d\u00f6\u015femesi, cephe kaplamas\u0131 vb.yerlerde kullan\u0131l\u0131r<\/p>\n<p>*Kullan\u0131m Alan\u0131 : \u0130\u00e7mekan ve D\u0131\u015fmekan<\/p>\n<p><strong>KERESTE \u00d6ZELL\u0130KLER\u0130:<\/strong><\/p>\n<p>Kenars\u0131z<\/p>\n<p>S\u0131n\u0131f: 1sn Budaks\u0131z<\/p>\n<p>Kal\u0131nl\u0131k: 26-75mm<\/p>\n<p>Geni\u015flik: 10cm ve \u00fczeri<\/p>\n<p>Nem: 8-12% F\u0131r\u0131n Kurusu<\/p>\n<p>Boy: 200cm ve \u00fczeri<\/p>\n<p>Stok: G\u00fcncel stok bilgisi i\u00e7in bizi aray\u0131n<\/p>","protected":false},"featured_media":11883,"comment_status":"closed","ping_status":"closed","template":"","meta":[],"product_brand":[],"product_cat":[86],"product_tag":[],"class_list":{"0":"post-11882","1":"product","2":"type-product","3":"status-publish","4":"has-post-thumbnail","6":"product_cat-amerikan-kereste","8":"first","9":"instock","10":"taxable","11":"shipping-taxable","12":"product-type-simple"},"_links":{"self":[{"href":"https:\/\/armaganas.com\/en\/wp-json\/wp\/v2\/product\/11882","targetHints":{"allow":["GET"]}}],"collection":[{"href":"https:\/\/armaganas.com\/en\/wp-json\/wp\/v2\/product"}],"about":[{"href":"https:\/\/armaganas.com\/en\/wp-json\/wp\/v2\/types\/product"}],"replies":[{"embeddable":true,"href":"https:\/\/armaganas.com\/en\/wp-json\/wp\/v2\/comments?post=11882"}],"wp:featuredmedia":[{"embeddable":true,"href":"https:\/\/armaganas.com\/en\/wp-json\/wp\/v2\/media\/11883"}],"wp:attachment":[{"href":"https:\/\/armaganas.com\/en\/wp-json\/wp\/v2\/media?parent=11882"}],"wp:term":[{"taxonomy":"product_brand","embeddable":true,"href":"https:\/\/armaganas.com\/en\/wp-json\/wp\/v2\/product_brand?post=11882"},{"taxonomy":"product_cat","embeddable":true,"href":"https:\/\/armaganas.com\/en\/wp-json\/wp\/v2\/product_cat?post=11882"},{"taxonomy":"product_tag","embeddable":true,"href":"https:\/\/armaganas.com\/en\/wp-json\/wp\/v2\/product_tag?post=11882"}],"curies":[{"name":"wp","href":"https:\/\/api.w.org\/{rel}","templated":true}]}}