{"id":11880,"date":"2023-07-16T15:36:36","date_gmt":"2023-07-16T12:36:36","guid":{"rendered":"https:\/\/armaganas.com\/?post_type=product&#038;p=11880"},"modified":"2023-11-23T14:41:38","modified_gmt":"2023-11-23T11:41:38","slug":"sedir-kereste","status":"publish","type":"product","link":"https:\/\/armaganas.com\/en\/product\/sedir-kereste\/","title":{"rendered":"Cedar Sawn Timber"},"content":{"rendered":"","protected":false},"excerpt":{"rendered":"<p><strong>GENEL \u00d6ZELL\u0130KLER\u0130:<\/strong><\/p>\n<p>Familya: Avrupa Yumu\u015fak A\u011fa\u00e7<br \/>\nBotanik ismi: Cedrus libani<br \/>\nTicari isimleri: Sedir, katran<br \/>\nYeti\u015fti\u011fi b\u00f6lgeler: Akdeniz b\u00f6lgesi<br \/>\nOrtalama yo\u011funluk: 520kg\/m3<\/p>\n<p>*\u00d6z odun kremimsi beyazdan a\u00e7\u0131k k\u0131z\u0131l kahve tonlar\u0131 da i\u00e7erir. Genelde d\u00fczensiz ve da\u011f\u0131n\u0131k desenlerdedir. Kendine has kokusu sayesinde bakteri bar\u0131nd\u0131rmaz ve \u00e7\u00fcr\u00fcmeye kar\u015f\u0131 do\u011fal olarak dire\u00e7lidir.<\/p>\n<p>*Kullan\u0131m Yerleri : Genelde banyo dolaplar\u0131, sauna ve benzeri suya ve neme maruz kalan yerlerde kullan\u0131l\u0131r.<\/p>\n<p>*Kullan\u0131m Alan\u0131: \u0130\u00e7mekan ve D\u0131\u015fmekan<\/p>\n<p><strong>KERESTE \u00d6ZELL\u0130KLER\u0130:<\/strong><\/p>\n<p>Kenars\u0131z<\/p>\n<p>S\u0131n\u0131f: 1-2-3sn<\/p>\n<p>Kal\u0131nl\u0131k: 5-10cm<\/p>\n<p>Nem: Hava kurusu<\/p>\n<p>Geni\u015flik: 15cm ve \u00fczeri (20% 10-15cm aras\u0131)<\/p>\n<p>Boy: 200cm ve \u00fczeri<\/p>\n<p>Stok: G\u00fcncel stok bilgisi i\u00e7in bizi aray\u0131n<\/p>","protected":false},"featured_media":13640,"comment_status":"closed","ping_status":"closed","template":"","meta":[],"product_brand":[],"product_cat":[87],"product_tag":[],"class_list":{"0":"post-11880","1":"product","2":"type-product","3":"status-publish","4":"has-post-thumbnail","6":"product_cat-avrupa-yerli-kereste","8":"first","9":"instock","10":"taxable","11":"shipping-taxable","12":"product-type-simple"},"_links":{"self":[{"href":"https:\/\/armaganas.com\/en\/wp-json\/wp\/v2\/product\/11880","targetHints":{"allow":["GET"]}}],"collection":[{"href":"https:\/\/armaganas.com\/en\/wp-json\/wp\/v2\/product"}],"about":[{"href":"https:\/\/armaganas.com\/en\/wp-json\/wp\/v2\/types\/product"}],"replies":[{"embeddable":true,"href":"https:\/\/armaganas.com\/en\/wp-json\/wp\/v2\/comments?post=11880"}],"wp:featuredmedia":[{"embeddable":true,"href":"https:\/\/armaganas.com\/en\/wp-json\/wp\/v2\/media\/13640"}],"wp:attachment":[{"href":"https:\/\/armaganas.com\/en\/wp-json\/wp\/v2\/media?parent=11880"}],"wp:term":[{"taxonomy":"product_brand","embeddable":true,"href":"https:\/\/armaganas.com\/en\/wp-json\/wp\/v2\/product_brand?post=11880"},{"taxonomy":"product_cat","embeddable":true,"href":"https:\/\/armaganas.com\/en\/wp-json\/wp\/v2\/product_cat?post=11880"},{"taxonomy":"product_tag","embeddable":true,"href":"https:\/\/armaganas.com\/en\/wp-json\/wp\/v2\/product_tag?post=11880"}],"curies":[{"name":"wp","href":"https:\/\/api.w.org\/{rel}","templated":true}]}}