{"id":11878,"date":"2023-07-16T15:36:08","date_gmt":"2023-07-16T12:36:08","guid":{"rendered":"https:\/\/armaganas.com\/?post_type=product&#038;p=11878"},"modified":"2023-09-20T16:52:49","modified_gmt":"2023-09-20T13:52:49","slug":"mese-kereste","status":"publish","type":"product","link":"https:\/\/armaganas.com\/en\/product\/mese-kereste\/","title":{"rendered":"Oak Sawn Timber"},"content":{"rendered":"","protected":false},"excerpt":{"rendered":"<p><strong>GENEL \u00d6ZELL\u0130KLER\u0130:<\/strong><\/p>\n<p>Familya: Avrupa Sert A\u011fa\u00e7<br \/>\nBotanik ismi: Quercus robur<br \/>\nTicari isimleri: Me\u015fe<br \/>\nYeti\u015fti\u011fi b\u00f6lgeler: Avrupa, T\u00fcrkiye<br \/>\nOrtalama yo\u011funluk: 755 kg\/m3<\/p>\n<p>*A\u00e7\u0131k kahve \u00f6z odun ve sar\u0131ms\u0131 sap k\u0131sm\u0131. Genelde d\u00fczenli desenlere sahiptir ancak zaman zaman kar\u0131\u015f\u0131k ve dalgal\u0131 desende olabilir. Avrupadaki en sert a\u011fa\u00e7lardan biridir, kurutulmas\u0131 en zor a\u011fa\u00e7lardan biridir, \u00e7ok iyi renk alma \u00f6zelli\u011fine sahiptir.<\/p>\n<p>*Kullan\u0131m Yerleri : Her t\u00fcrl\u00fc mobilya ve dekorasyon i\u015flerinde, yer d\u00f6\u015femesi ve basamak olarak kullan\u0131l\u0131r<\/p>\n<p>*Kullan\u0131m Alan\u0131 : \u0130\u00e7mekan ve D\u0131\u015fmekan<\/p>\n<p><strong>KERESTE \u00d6ZELL\u0130KLER\u0130:<\/strong><\/p>\n<p>Kenarl\u0131 (Sulamal\u0131) ve Kenars\u0131z, Bull Kesim Masal\u0131k<\/p>\n<p>S\u0131n\u0131f: 1-2sn, 3sn<\/p>\n<p>Kal\u0131nl\u0131k: 25-30-50-60-80-100mm<\/p>\n<p>Nem: Hava kurusu veya 8-12% F\u0131r\u0131n Kurusu<\/p>\n<p>Geni\u015flik: 15cm ve \u00fczeri (20% 10-15cm aras\u0131)<\/p>\n<p>Boy: 200cm ve \u00fczeri (100-180cm k\u0131sa boylarda olabiliyor)<\/p>\n<p>Stok: G\u00fcncel stok bilgisi i\u00e7in bizi aray\u0131n<\/p>","protected":false},"featured_media":11879,"comment_status":"closed","ping_status":"closed","template":"","meta":[],"product_brand":[],"product_cat":[87],"product_tag":[],"class_list":{"0":"post-11878","1":"product","2":"type-product","3":"status-publish","4":"has-post-thumbnail","6":"product_cat-avrupa-yerli-kereste","8":"first","9":"instock","10":"taxable","11":"shipping-taxable","12":"product-type-simple"},"_links":{"self":[{"href":"https:\/\/armaganas.com\/en\/wp-json\/wp\/v2\/product\/11878","targetHints":{"allow":["GET"]}}],"collection":[{"href":"https:\/\/armaganas.com\/en\/wp-json\/wp\/v2\/product"}],"about":[{"href":"https:\/\/armaganas.com\/en\/wp-json\/wp\/v2\/types\/product"}],"replies":[{"embeddable":true,"href":"https:\/\/armaganas.com\/en\/wp-json\/wp\/v2\/comments?post=11878"}],"wp:featuredmedia":[{"embeddable":true,"href":"https:\/\/armaganas.com\/en\/wp-json\/wp\/v2\/media\/11879"}],"wp:attachment":[{"href":"https:\/\/armaganas.com\/en\/wp-json\/wp\/v2\/media?parent=11878"}],"wp:term":[{"taxonomy":"product_brand","embeddable":true,"href":"https:\/\/armaganas.com\/en\/wp-json\/wp\/v2\/product_brand?post=11878"},{"taxonomy":"product_cat","embeddable":true,"href":"https:\/\/armaganas.com\/en\/wp-json\/wp\/v2\/product_cat?post=11878"},{"taxonomy":"product_tag","embeddable":true,"href":"https:\/\/armaganas.com\/en\/wp-json\/wp\/v2\/product_tag?post=11878"}],"curies":[{"name":"wp","href":"https:\/\/api.w.org\/{rel}","templated":true}]}}