{"id":11874,"date":"2023-07-16T15:35:03","date_gmt":"2023-07-16T12:35:03","guid":{"rendered":"https:\/\/armaganas.com\/?post_type=product&#038;p=11874"},"modified":"2023-09-20T16:53:18","modified_gmt":"2023-09-20T13:53:18","slug":"koknar-ladin-kereste","status":"publish","type":"product","link":"https:\/\/armaganas.com\/en\/product\/koknar-ladin-kereste\/","title":{"rendered":"Spruce \/ Fir Sawn Timber"},"content":{"rendered":"","protected":false},"excerpt":{"rendered":"<p><strong>GENEL \u00d6ZELL\u0130KLER\u0130:<\/strong><\/p>\n<p>Familya: Avrupa Yumu\u015fak A\u011fa\u00e7<br \/>\nBotanik ismi: Picea Excelsia.<br \/>\nTicari isimleri: Ladin, k\u00f6knar, beyaz a\u011fa\u00e7<br \/>\nYeti\u015fti\u011fi b\u00f6lgeler: Avrupa, T\u00fcrkiye<br \/>\nOrtalama yo\u011funluk: 450 kg\/m3<\/p>\n<p>*Sar\u0131ms\u0131-beyaz renkte \u00f6z oduna sahiptir. \u00c7ama g\u00f6re daha az re\u00e7ine i\u00e7erir ve kusma yapmaz.<\/p>\n<p>*Kullan\u0131m Yerleri : Mobilya ve dekorasyon i\u015flerinde, kap\u0131 serenlerinde, dolgu malzemesi olarak ve baz\u0131 enstr\u00fcmanlar\u0131n g\u00f6vde k\u0131sm\u0131nda kullan\u0131l\u0131r.<\/p>\n<p>*Kullan\u0131m Alan\u0131 : \u0130\u00e7mekan<\/p>\n<p><strong>KERESTE \u00d6ZELL\u0130KLER\u0130:<\/strong><\/p>\n<p>Kenarlar\u0131 sulamal\u0131 \/ Kenars\u0131z<\/p>\n<p>S\u0131n\u0131f: 1-2sn. (Budaks\u0131z veya ince budakl\u0131 80%), 3sn.<\/p>\n<p>Kal\u0131nl\u0131k: 5-10cm<\/p>\n<p>Geni\u015flik: 15cm ve \u00fczeri muhtelif enler veya fiks en<\/p>\n<p>Boy: 200cm ve \u00fczeri<\/p>\n<p>Stok: G\u00fcncel stok bilgisi i\u00e7in bizi aray\u0131n<\/p>","protected":false},"featured_media":11875,"comment_status":"closed","ping_status":"closed","template":"","meta":[],"product_brand":[],"product_cat":[87],"product_tag":[],"class_list":{"0":"post-11874","1":"product","2":"type-product","3":"status-publish","4":"has-post-thumbnail","6":"product_cat-avrupa-yerli-kereste","8":"first","9":"instock","10":"taxable","11":"shipping-taxable","12":"product-type-simple"},"_links":{"self":[{"href":"https:\/\/armaganas.com\/en\/wp-json\/wp\/v2\/product\/11874","targetHints":{"allow":["GET"]}}],"collection":[{"href":"https:\/\/armaganas.com\/en\/wp-json\/wp\/v2\/product"}],"about":[{"href":"https:\/\/armaganas.com\/en\/wp-json\/wp\/v2\/types\/product"}],"replies":[{"embeddable":true,"href":"https:\/\/armaganas.com\/en\/wp-json\/wp\/v2\/comments?post=11874"}],"wp:featuredmedia":[{"embeddable":true,"href":"https:\/\/armaganas.com\/en\/wp-json\/wp\/v2\/media\/11875"}],"wp:attachment":[{"href":"https:\/\/armaganas.com\/en\/wp-json\/wp\/v2\/media?parent=11874"}],"wp:term":[{"taxonomy":"product_brand","embeddable":true,"href":"https:\/\/armaganas.com\/en\/wp-json\/wp\/v2\/product_brand?post=11874"},{"taxonomy":"product_cat","embeddable":true,"href":"https:\/\/armaganas.com\/en\/wp-json\/wp\/v2\/product_cat?post=11874"},{"taxonomy":"product_tag","embeddable":true,"href":"https:\/\/armaganas.com\/en\/wp-json\/wp\/v2\/product_tag?post=11874"}],"curies":[{"name":"wp","href":"https:\/\/api.w.org\/{rel}","templated":true}]}}