{"id":11866,"date":"2023-07-16T14:02:20","date_gmt":"2023-07-16T11:02:20","guid":{"rendered":"https:\/\/armaganas.com\/?post_type=product&#038;p=11866"},"modified":"2023-09-20T16:54:20","modified_gmt":"2023-09-20T13:54:20","slug":"ihlamur-kereste","status":"publish","type":"product","link":"https:\/\/armaganas.com\/en\/product\/ihlamur-kereste\/","title":{"rendered":"Linden Sawn Timber"},"content":{"rendered":"","protected":false},"excerpt":{"rendered":"<p><strong>GENEL \u00d6ZELL\u0130KLER\u0130:<\/strong><\/p>\n<p>Familya: Avrupa Sert A\u011fa\u00e7<br \/>\nBotanik ismi: Tilia<br \/>\nTicari isimleri: Ihlamur<br \/>\nYeti\u015fti\u011fi b\u00f6lgeler: Avrupa, T\u00fcrkiye<br \/>\nOrtalama yo\u011funluk: 540 kg\/m3.<\/p>\n<p>*Kremsi-sar\u0131 ve beyaza yak\u0131n \u00f6z odun. Genelde d\u00fcz hareli ve d\u00fczenli yap\u0131dad\u0131r.<\/p>\n<p>*Kullan\u0131m Yerleri : Oymac\u0131l\u0131\u011fa en uygun a\u011fa\u00e7lardan biridir, masa ayaklar\u0131nda,\u00e7er\u00e7evelerde, baz\u0131 enstr\u00fcman par\u00e7alar\u0131nda kullan\u0131l\u0131r. Kurutuldu\u011funda stabilitesi en y\u00fcksek olan a\u011fa\u00e7lardan olmas\u0131na ra\u011fmen \u00e7ok fazla derecede yumu\u015fak de\u011fildir.<\/p>\n<p>*Kullan\u0131m Alan\u0131: \u0130\u00e7mekan<\/p>\n<p><strong>KERESTE \u00d6ZELL\u0130KLER\u0130:<\/strong><\/p>\n<p>Kenarl\u0131 (Sulamal\u0131) ve Kenars\u0131z<\/p>\n<p>S\u0131n\u0131f: 1-2sn, 3sn<\/p>\n<p>Kal\u0131nl\u0131k: 60-80-100mm<\/p>\n<p>Nem: Hava kurusu<\/p>\n<p>Geni\u015flik: 15cm ve \u00fczeri (20% 10-15cm aras\u0131)<\/p>\n<p>Boy: 200cm ve \u00fczeri (100-180cm k\u0131sa boylarda olabiliyor)<\/p>\n<p>Stok: G\u00fcncel stok bilgisi i\u00e7in bizi aray\u0131n<\/p>","protected":false},"featured_media":11867,"comment_status":"closed","ping_status":"closed","template":"","meta":[],"product_brand":[],"product_cat":[87],"product_tag":[],"class_list":{"0":"post-11866","1":"product","2":"type-product","3":"status-publish","4":"has-post-thumbnail","6":"product_cat-avrupa-yerli-kereste","8":"first","9":"instock","10":"taxable","11":"shipping-taxable","12":"product-type-simple"},"_links":{"self":[{"href":"https:\/\/armaganas.com\/en\/wp-json\/wp\/v2\/product\/11866","targetHints":{"allow":["GET"]}}],"collection":[{"href":"https:\/\/armaganas.com\/en\/wp-json\/wp\/v2\/product"}],"about":[{"href":"https:\/\/armaganas.com\/en\/wp-json\/wp\/v2\/types\/product"}],"replies":[{"embeddable":true,"href":"https:\/\/armaganas.com\/en\/wp-json\/wp\/v2\/comments?post=11866"}],"wp:featuredmedia":[{"embeddable":true,"href":"https:\/\/armaganas.com\/en\/wp-json\/wp\/v2\/media\/11867"}],"wp:attachment":[{"href":"https:\/\/armaganas.com\/en\/wp-json\/wp\/v2\/media?parent=11866"}],"wp:term":[{"taxonomy":"product_brand","embeddable":true,"href":"https:\/\/armaganas.com\/en\/wp-json\/wp\/v2\/product_brand?post=11866"},{"taxonomy":"product_cat","embeddable":true,"href":"https:\/\/armaganas.com\/en\/wp-json\/wp\/v2\/product_cat?post=11866"},{"taxonomy":"product_tag","embeddable":true,"href":"https:\/\/armaganas.com\/en\/wp-json\/wp\/v2\/product_tag?post=11866"}],"curies":[{"name":"wp","href":"https:\/\/api.w.org\/{rel}","templated":true}]}}