{"id":11864,"date":"2023-07-16T14:01:16","date_gmt":"2023-07-16T11:01:16","guid":{"rendered":"https:\/\/armaganas.com\/?post_type=product&#038;p=11864"},"modified":"2023-10-10T14:24:19","modified_gmt":"2023-10-10T11:24:19","slug":"disbudak-yerli-ve-ithal-kereste","status":"publish","type":"product","link":"https:\/\/armaganas.com\/en\/product\/disbudak-yerli-ve-ithal-kereste\/","title":{"rendered":"Ash Sawn Timber"},"content":{"rendered":"","protected":false},"excerpt":{"rendered":"<p>Familya: Avrupa Sert A\u011fa\u00e7<br \/>\nBotanik ismi: Fraxinus Excelsior.<br \/>\nTicari isimleri: Men\u015feine g\u00f6re de\u011fi\u015fiklik g\u00f6sterir<br \/>\nYeti\u015fti\u011fi b\u00f6lgeler: Avrupa, T\u00fcrkiye<br \/>\nOrtalama yo\u011funluk: 710 kg\/m3.<\/p>\n<p>*\u00d6z k\u0131sm\u0131 kremden a\u00e7\u0131k kahve tonuna do\u011fru renktedir, genelde sap k\u0131sm\u0131 \u00f6z k\u0131sm\u0131ndan ay\u0131rt edilemez. D\u00fcz hareler ve zaman zaman da\u011f\u0131nk ve dalgal\u0131 desende olabilir. Sertli\u011fi daha \u00e7ok dayan\u0131kl\u0131l\u0131k aranan alanlarda kullan\u0131lmas\u0131n\u0131 sa\u011flar.<\/p>\n<p>* Mobilya ve genel dekorasyon i\u015flerinde, spor ekipmanlar\u0131, el aletleri sap k\u0131smnda,\u00a0 torna ve bir\u00e7ok el i\u015flerinde kullan\u0131l\u0131r. Avrupa\u2019da sandalye iskeletinde en \u00e7ok tercih edilen a\u011fa\u00e7lardan biridir. Is\u0131l i\u015flem sonras\u0131 d\u0131\u015f mekanda kullan\u0131ma uygun hale getirilebilir.<\/p>\n<p>Kullan\u0131m Alan\u0131 : \u0130\u00e7mekan, K\u0131smi D\u0131\u015fmekan<\/p>\n<p><strong>KERESTE \u00d6ZELL\u0130KLER\u0130:<\/strong><\/p>\n<p>Kenarl\u0131 (Sulamal\u0131) ve Kenars\u0131z, Bull Kesim Masal\u0131k<\/p>\n<p>S\u0131n\u0131f: 1-2sn, 3sn<\/p>\n<p>Kal\u0131nl\u0131k: 60-100mm<\/p>\n<p>Nem: Hava kurusu veya 8-12% F\u0131r\u0131n Kurusu<\/p>\n<p>Geni\u015flik: 15cm ve \u00fczeri (20% 10-15cm aras\u0131)<\/p>\n<p>Boy: 200cm ve \u00fczeri (100-180cm k\u0131sa boylarda olabiliyor)<\/p>\n<p>Stok: G\u00fcncel stok bilgisi i\u00e7in bizi aray\u0131n<\/p>","protected":false},"featured_media":11865,"comment_status":"closed","ping_status":"closed","template":"","meta":[],"product_brand":[],"product_cat":[87],"product_tag":[343,351,358,347,357,356,341,301,353,333,354,335,345,342,360,359,355,323,325],"class_list":{"0":"post-11864","1":"product","2":"type-product","3":"status-publish","4":"has-post-thumbnail","6":"product_cat-avrupa-yerli-kereste","7":"product_tag-ahsap-dograma","8":"product_tag-ankara-cami","9":"product_tag-ash","10":"product_tag-dekorasyon","11":"product_tag-disbudak","12":"product_tag-imalat","13":"product_tag-kapi","14":"product_tag-kereste","15":"product_tag-kestane","16":"product_tag-limba","17":"product_tag-masa","18":"product_tag-mese","19":"product_tag-mobilya","20":"product_tag-pencere","21":"product_tag-sandalye","22":"product_tag-sawn-timber","23":"product_tag-sehpa","24":"product_tag-siteler","25":"product_tag-turkiye","27":"first","28":"instock","29":"taxable","30":"shipping-taxable","31":"product-type-simple"},"_links":{"self":[{"href":"https:\/\/armaganas.com\/en\/wp-json\/wp\/v2\/product\/11864","targetHints":{"allow":["GET"]}}],"collection":[{"href":"https:\/\/armaganas.com\/en\/wp-json\/wp\/v2\/product"}],"about":[{"href":"https:\/\/armaganas.com\/en\/wp-json\/wp\/v2\/types\/product"}],"replies":[{"embeddable":true,"href":"https:\/\/armaganas.com\/en\/wp-json\/wp\/v2\/comments?post=11864"}],"wp:featuredmedia":[{"embeddable":true,"href":"https:\/\/armaganas.com\/en\/wp-json\/wp\/v2\/media\/11865"}],"wp:attachment":[{"href":"https:\/\/armaganas.com\/en\/wp-json\/wp\/v2\/media?parent=11864"}],"wp:term":[{"taxonomy":"product_brand","embeddable":true,"href":"https:\/\/armaganas.com\/en\/wp-json\/wp\/v2\/product_brand?post=11864"},{"taxonomy":"product_cat","embeddable":true,"href":"https:\/\/armaganas.com\/en\/wp-json\/wp\/v2\/product_cat?post=11864"},{"taxonomy":"product_tag","embeddable":true,"href":"https:\/\/armaganas.com\/en\/wp-json\/wp\/v2\/product_tag?post=11864"}],"curies":[{"name":"wp","href":"https:\/\/api.w.org\/{rel}","templated":true}]}}