{"id":11863,"date":"2023-07-16T13:59:47","date_gmt":"2023-07-16T10:59:47","guid":{"rendered":"https:\/\/armaganas.com\/?post_type=product&#038;p=11863"},"modified":"2023-09-20T16:54:35","modified_gmt":"2023-09-20T13:54:35","slug":"cinar-kereste","status":"publish","type":"product","link":"https:\/\/armaganas.com\/en\/product\/cinar-kereste\/","title":{"rendered":"Sycamore Sawn Timber"},"content":{"rendered":"","protected":false},"excerpt":{"rendered":"<p>Familya: Avrupa Sert A\u011fa\u00e7<br \/>\nBotanik ismi: Platanus x acerifolia<br \/>\nTicari isimleri: B\u00f6lgeye g\u00f6re de\u011fi\u015fmekte<br \/>\nYeti\u015fti\u011fi b\u00f6lgeler: T\u00fcrkiye ve Avrupa<br \/>\nOrtalama yo\u011funluk: 560 kg\/m3.<\/p>\n<p>*\u00d6z odunu sar\u0131ms\u0131 k\u0131z\u0131l tonlar\u0131ndad\u0131r. Sertlik olarak kay\u0131n ve \u0131hlamur aras\u0131ndad\u0131r, tam kuruma ger\u00e7ekle\u015ftikten sonra stabilitesi y\u00fcksek bir a\u011fa\u00e7t\u0131r.<\/p>\n<p>Kullan\u0131m Yerleri : Masa ayaklar\u0131, torna, mobilya ve dekorasyon i\u015flerinde,yer d\u00f6\u015femesi olarak, m\u00fczik aletleri ve \u00f6zel el i\u015fleri yap\u0131m\u0131nda kullan\u0131l\u0131r.<\/p>\n<p>*Kullan\u0131m Alan\u0131 : \u0130\u00e7mekan<\/p>\n<p><strong>KERESTE \u00d6ZELL\u0130KLER\u0130:<\/strong><\/p>\n<p>Kenarl\u0131 (Sulamal\u0131) ve Kenars\u0131z, Bull Kesim Masal\u0131k<\/p>\n<p>S\u0131n\u0131f: 1-2sn, 3sn<\/p>\n<p>Kal\u0131nl\u0131k: 60-80-100mm<\/p>\n<p>Nem: Hava kurusu<\/p>\n<p>Geni\u015flik: 15cm ve \u00fczeri (20% 10-15cm aras\u0131)<\/p>\n<p>Boy: 200cm ve \u00fczeri (100-180cm k\u0131sa boylarda olabiliyor)<\/p>\n<p>Stok: G\u00fcncel stok bilgisi i\u00e7in bizi aray\u0131n<\/p>","protected":false},"featured_media":11861,"comment_status":"closed","ping_status":"closed","template":"","meta":[],"product_brand":[],"product_cat":[87],"product_tag":[],"class_list":{"0":"post-11863","1":"product","2":"type-product","3":"status-publish","4":"has-post-thumbnail","6":"product_cat-avrupa-yerli-kereste","8":"first","9":"instock","10":"taxable","11":"shipping-taxable","12":"product-type-simple"},"_links":{"self":[{"href":"https:\/\/armaganas.com\/en\/wp-json\/wp\/v2\/product\/11863","targetHints":{"allow":["GET"]}}],"collection":[{"href":"https:\/\/armaganas.com\/en\/wp-json\/wp\/v2\/product"}],"about":[{"href":"https:\/\/armaganas.com\/en\/wp-json\/wp\/v2\/types\/product"}],"replies":[{"embeddable":true,"href":"https:\/\/armaganas.com\/en\/wp-json\/wp\/v2\/comments?post=11863"}],"wp:featuredmedia":[{"embeddable":true,"href":"https:\/\/armaganas.com\/en\/wp-json\/wp\/v2\/media\/11861"}],"wp:attachment":[{"href":"https:\/\/armaganas.com\/en\/wp-json\/wp\/v2\/media?parent=11863"}],"wp:term":[{"taxonomy":"product_brand","embeddable":true,"href":"https:\/\/armaganas.com\/en\/wp-json\/wp\/v2\/product_brand?post=11863"},{"taxonomy":"product_cat","embeddable":true,"href":"https:\/\/armaganas.com\/en\/wp-json\/wp\/v2\/product_cat?post=11863"},{"taxonomy":"product_tag","embeddable":true,"href":"https:\/\/armaganas.com\/en\/wp-json\/wp\/v2\/product_tag?post=11863"}],"curies":[{"name":"wp","href":"https:\/\/api.w.org\/{rel}","templated":true}]}}