{"id":11862,"date":"2023-07-16T13:59:07","date_gmt":"2023-07-16T10:59:07","guid":{"rendered":"https:\/\/armaganas.com\/?post_type=product&#038;p=11862"},"modified":"2023-10-10T14:23:32","modified_gmt":"2023-10-10T11:23:32","slug":"ceviz-kereste","status":"publish","type":"product","link":"https:\/\/armaganas.com\/en\/product\/ceviz-kereste\/","title":{"rendered":"Walnut Sawn Timber"},"content":{"rendered":"","protected":false},"excerpt":{"rendered":"<p><strong>GENEL \u00d6ZELL\u0130KLERi:<\/strong><\/p>\n<p>Familya: Avrupa Sert A\u011fa\u00e7<br \/>\nBotanik ismi: Juglans Regia<br \/>\nTicari isimleri: Men\u015feine g\u00f6re de\u011fi\u015fmekte<br \/>\nYeti\u015fti\u011fi b\u00f6lgeler: Avrupa, T\u00fcrkiye<br \/>\nOrtalama yo\u011funluk: 640 kg\/m3.<\/p>\n<p>*Gri-kahve tonlar\u0131nda a\u00e7\u0131k b\u00f6l\u00fcm\u00fc ve \u00f6z k\u0131sm\u0131 da\u011f\u0131n\u0131k ve kar\u0131\u015f\u0131k \u015fekilde koyu kahveden siyaha do\u011fru de\u011fi\u015fmektedir, sap k\u0131sm\u0131 sar\u0131 renktedir. Genelde da\u011f\u0131n\u0131k desenlidir. K\u00f6ke yak\u0131n k\u0131s\u0131mlar\u0131 daha fazla hareketli ve koyu renklerdedir.<\/p>\n<p>*Kullan\u0131m Yerleri: torna, mobilya ve dekorasyon i\u015flerinde,yer d\u00f6\u015femesi olarak, m\u00fczik aletleri ve \u00f6zel el i\u015fleri yap\u0131m\u0131nda kullan\u0131l\u0131r. Do\u011fal kenarl\u0131 masa, sehpa ve mobilya imalat\u0131nda, k\u0131vr\u0131mlar\u0131, rengi ve desen yap\u0131s\u0131ndan dolay\u0131 son zamanlarda reva\u015fta olan epoksi masa i\u00e7in kullan\u0131lmas\u0131 en ideal a\u011fa\u00e7t\u0131r.<\/p>\n<p>*Kullan\u0131m Alan\u0131: \u0130\u00e7mekan<\/p>\n<p><strong>KERESTE \u00d6ZELL\u0130KLER\u0130:<\/strong><\/p>\n<p>Kenarl\u0131 (Sulamal\u0131) ve Kenars\u0131z, Bull Kesim Masal\u0131k<\/p>\n<p>S\u0131n\u0131f: 1-2sn<\/p>\n<p>Kal\u0131nl\u0131k: 60-80mm<\/p>\n<p>Nem: 8-12% F\u0131r\u0131n Kurusu veya Hava kurusu<\/p>\n<p>Geni\u015flik: 15cm ve \u00fczeri (20% 10-15cm aras\u0131)<\/p>\n<p>Boy: 200cm ve \u00fczeri (100-180cm k\u0131sa boylarda olabiliyor)<\/p>\n<p>Stok: G\u00fcncel stok bilgisi i\u00e7in bizi aray\u0131n<\/p>","protected":false},"featured_media":11860,"comment_status":"closed","ping_status":"closed","template":"","meta":[],"product_brand":[],"product_cat":[87],"product_tag":[343,351,352,347,356,341,301,353,333,354,335,345,342,355,323,325],"class_list":{"0":"post-11862","1":"product","2":"type-product","3":"status-publish","4":"has-post-thumbnail","6":"product_cat-avrupa-yerli-kereste","7":"product_tag-ahsap-dograma","8":"product_tag-ankara-cami","9":"product_tag-ceviz","10":"product_tag-dekorasyon","11":"product_tag-imalat","12":"product_tag-kapi","13":"product_tag-kereste","14":"product_tag-kestane","15":"product_tag-limba","16":"product_tag-masa","17":"product_tag-mese","18":"product_tag-mobilya","19":"product_tag-pencere","20":"product_tag-sehpa","21":"product_tag-siteler","22":"product_tag-turkiye","24":"first","25":"instock","26":"taxable","27":"shipping-taxable","28":"product-type-simple"},"_links":{"self":[{"href":"https:\/\/armaganas.com\/en\/wp-json\/wp\/v2\/product\/11862","targetHints":{"allow":["GET"]}}],"collection":[{"href":"https:\/\/armaganas.com\/en\/wp-json\/wp\/v2\/product"}],"about":[{"href":"https:\/\/armaganas.com\/en\/wp-json\/wp\/v2\/types\/product"}],"replies":[{"embeddable":true,"href":"https:\/\/armaganas.com\/en\/wp-json\/wp\/v2\/comments?post=11862"}],"wp:featuredmedia":[{"embeddable":true,"href":"https:\/\/armaganas.com\/en\/wp-json\/wp\/v2\/media\/11860"}],"wp:attachment":[{"href":"https:\/\/armaganas.com\/en\/wp-json\/wp\/v2\/media?parent=11862"}],"wp:term":[{"taxonomy":"product_brand","embeddable":true,"href":"https:\/\/armaganas.com\/en\/wp-json\/wp\/v2\/product_brand?post=11862"},{"taxonomy":"product_cat","embeddable":true,"href":"https:\/\/armaganas.com\/en\/wp-json\/wp\/v2\/product_cat?post=11862"},{"taxonomy":"product_tag","embeddable":true,"href":"https:\/\/armaganas.com\/en\/wp-json\/wp\/v2\/product_tag?post=11862"}],"curies":[{"name":"wp","href":"https:\/\/api.w.org\/{rel}","templated":true}]}}