{"id":11858,"date":"2023-07-16T13:57:45","date_gmt":"2023-07-16T10:57:45","guid":{"rendered":"https:\/\/armaganas.com\/?post_type=product&#038;p=11858"},"modified":"2023-10-10T14:22:41","modified_gmt":"2023-10-10T11:22:41","slug":"cam-kereste","status":"publish","type":"product","link":"https:\/\/armaganas.com\/en\/product\/cam-kereste\/","title":{"rendered":"Pine Sawn Timber"},"content":{"rendered":"","protected":false},"excerpt":{"rendered":"<p><strong>GENEL \u00d6ZELL\u0130KLER\u0130:<\/strong><\/p>\n<p>Familya: Avrupa Yumu\u015fak A\u011fa\u00e7<br \/>\nBotanik ismi: Pinus Sylvestris<br \/>\nTicari isimleri: Men\u015feine g\u00f6re de\u011fi\u015fmekte<br \/>\nYeti\u015fti\u011fi b\u00f6lgeler: T\u00fcrkiye, Rusya, \u0130skandinavya<br \/>\nOrtalama yo\u011funluk: 510 Kg\/m3.<\/p>\n<p>*K\u0131z\u0131l veya kahvemsi pembe \u00f6z odun, sar\u0131ms\u0131 veya pembemsi beyaz sap odunu. Desenleri genelde d\u00fcz ve dik \u015fekildedir.<\/p>\n<p>*Kullan\u0131m Yerleri: mobilya ve dekorasyon i\u015flerinde, in\u015faat str\u00fckt\u00fcrlerde ve kal\u0131p malzemesi olarak, pencere ve kap\u0131 imalatlar\u0131nda, d\u0131\u015f cephe yer ve cephe kaplamas\u0131 olarak kullan\u0131l\u0131r.<\/p>\n<p>Kullan\u0131m Alan\u0131: \u0130\u00e7mekan ve K\u0131smi D\u0131\u015fmekan<\/p>\n<p><strong>KERESTE \u00d6ZELL\u0130KLER\u0130:<\/strong><\/p>\n<p>Sar\u0131\u00e7am, Kara\u00e7am, K\u0131z\u0131l\u00e7am<\/p>\n<p>Kenars\u0131z<\/p>\n<p>S\u0131n\u0131f: 1-2sn, 3sn<\/p>\n<p>Kal\u0131nl\u0131k: 25-100mm<\/p>\n<p>Nem: 8-12% F\u0131r\u0131n Kurusu<\/p>\n<p>Geni\u015flik: 15cm ve \u00fczeri (20% 10-15cm aras\u0131) muhtelif enlerde veya fiks enlerde<\/p>\n<p>Boy: 200cm ve \u00fczeri<\/p>\n<p>Stok: G\u00fcncel stok bilgisi i\u00e7in bizi aray\u0131n<\/p>","protected":false},"featured_media":11859,"comment_status":"closed","ping_status":"closed","template":"","meta":[],"product_brand":[],"product_cat":[87],"product_tag":[343,351,296,347,341,350,301,349,333,335,345,342,348,323,325],"class_list":{"0":"post-11858","1":"product","2":"type-product","3":"status-publish","4":"has-post-thumbnail","6":"product_cat-avrupa-yerli-kereste","7":"product_tag-ahsap-dograma","8":"product_tag-ankara-cami","9":"product_tag-cam","10":"product_tag-dekorasyon","11":"product_tag-kapi","12":"product_tag-karacam","13":"product_tag-kereste","14":"product_tag-kizilcam","15":"product_tag-limba","16":"product_tag-mese","17":"product_tag-mobilya","18":"product_tag-pencere","19":"product_tag-saricam","20":"product_tag-siteler","21":"product_tag-turkiye","23":"first","24":"instock","25":"taxable","26":"shipping-taxable","27":"product-type-simple"},"_links":{"self":[{"href":"https:\/\/armaganas.com\/en\/wp-json\/wp\/v2\/product\/11858","targetHints":{"allow":["GET"]}}],"collection":[{"href":"https:\/\/armaganas.com\/en\/wp-json\/wp\/v2\/product"}],"about":[{"href":"https:\/\/armaganas.com\/en\/wp-json\/wp\/v2\/types\/product"}],"replies":[{"embeddable":true,"href":"https:\/\/armaganas.com\/en\/wp-json\/wp\/v2\/comments?post=11858"}],"wp:featuredmedia":[{"embeddable":true,"href":"https:\/\/armaganas.com\/en\/wp-json\/wp\/v2\/media\/11859"}],"wp:attachment":[{"href":"https:\/\/armaganas.com\/en\/wp-json\/wp\/v2\/media?parent=11858"}],"wp:term":[{"taxonomy":"product_brand","embeddable":true,"href":"https:\/\/armaganas.com\/en\/wp-json\/wp\/v2\/product_brand?post=11858"},{"taxonomy":"product_cat","embeddable":true,"href":"https:\/\/armaganas.com\/en\/wp-json\/wp\/v2\/product_cat?post=11858"},{"taxonomy":"product_tag","embeddable":true,"href":"https:\/\/armaganas.com\/en\/wp-json\/wp\/v2\/product_tag?post=11858"}],"curies":[{"name":"wp","href":"https:\/\/api.w.org\/{rel}","templated":true}]}}