{"id":11706,"date":"2023-07-12T11:55:55","date_gmt":"2023-07-12T08:55:55","guid":{"rendered":"https:\/\/armaganas.com\/?post_type=product&#038;p=11706"},"modified":"2023-09-20T16:56:36","modified_gmt":"2023-09-20T13:56:36","slug":"dibetu-afrika-cevizi-kereste","status":"publish","type":"product","link":"https:\/\/armaganas.com\/en\/product\/dibetu-afrika-cevizi-kereste\/","title":{"rendered":"Dibetou Sawn Timber"},"content":{"rendered":"","protected":false},"excerpt":{"rendered":"<p>GENEL \u00d6ZELL\u0130KLER\u0130:<\/p>\n<p>Familya: Afrika Sert A\u011fa\u00e7<br \/>\nBotanik ismi: Lovoa Trichiloides.<br \/>\nTicari isimleri: Dibetou, Bibolo, Afrika Cevizi<br \/>\nYeti\u015fti\u011fi b\u00f6lgeler: Bat\u0131 Afrika<br \/>\nOrtalama yo\u011funluk: 550 kg\/m3.<\/p>\n<p>*A\u00e7\u0131k ceviz tonlar\u0131ndad\u0131r. Desen yap\u0131s\u0131 daha \u00e7ok maunu and\u0131r\u0131r. Kurudu\u011funda \u00e7ok stabil bir a\u011fa\u00e7t\u0131r.<\/p>\n<p>*Kullan\u0131m Yerleri : Mobilya ve genel dekor i\u015flerinde, tabut yap\u0131m\u0131nda, bilardo masas\u0131 ve mark\u00fcteri yap\u0131m\u0131nda kullan\u0131l\u0131r.<\/p>\n<p>*Kullan\u0131m Alan\u0131 : \u0130\u00e7mekan<\/p>\n<p><strong>KERESTE \u00d6ZELL\u0130KLER\u0130:<\/strong><\/p>\n<p>Kenars\u0131z<\/p>\n<p>S\u0131n\u0131f: 1sn<\/p>\n<p>Kal\u0131nl\u0131k: 50-100cm<\/p>\n<p>Nem: 8-12% F\u0131r\u0131n Kurusu<\/p>\n<p>Geni\u015flik: 15cm ve \u00fczeri (20% 10-15cm aras\u0131)<\/p>\n<p>Boy: 200cm ve \u00fczeri<\/p>\n<p>Stok: G\u00fcncel stok bilgisi i\u00e7in bizi aray\u0131n<\/p>","protected":false},"featured_media":11707,"comment_status":"closed","ping_status":"closed","template":"","meta":[],"product_brand":[],"product_cat":[85],"product_tag":[],"class_list":{"0":"post-11706","1":"product","2":"type-product","3":"status-publish","4":"has-post-thumbnail","6":"product_cat-egzotik-kereste","8":"first","9":"instock","10":"taxable","11":"shipping-taxable","12":"product-type-simple"},"_links":{"self":[{"href":"https:\/\/armaganas.com\/en\/wp-json\/wp\/v2\/product\/11706","targetHints":{"allow":["GET"]}}],"collection":[{"href":"https:\/\/armaganas.com\/en\/wp-json\/wp\/v2\/product"}],"about":[{"href":"https:\/\/armaganas.com\/en\/wp-json\/wp\/v2\/types\/product"}],"replies":[{"embeddable":true,"href":"https:\/\/armaganas.com\/en\/wp-json\/wp\/v2\/comments?post=11706"}],"wp:featuredmedia":[{"embeddable":true,"href":"https:\/\/armaganas.com\/en\/wp-json\/wp\/v2\/media\/11707"}],"wp:attachment":[{"href":"https:\/\/armaganas.com\/en\/wp-json\/wp\/v2\/media?parent=11706"}],"wp:term":[{"taxonomy":"product_brand","embeddable":true,"href":"https:\/\/armaganas.com\/en\/wp-json\/wp\/v2\/product_brand?post=11706"},{"taxonomy":"product_cat","embeddable":true,"href":"https:\/\/armaganas.com\/en\/wp-json\/wp\/v2\/product_cat?post=11706"},{"taxonomy":"product_tag","embeddable":true,"href":"https:\/\/armaganas.com\/en\/wp-json\/wp\/v2\/product_tag?post=11706"}],"curies":[{"name":"wp","href":"https:\/\/api.w.org\/{rel}","templated":true}]}}