{"id":11704,"date":"2023-07-12T11:53:33","date_gmt":"2023-07-12T08:53:33","guid":{"rendered":"https:\/\/armaganas.com\/?post_type=product&#038;p=11704"},"modified":"2023-11-23T14:37:49","modified_gmt":"2023-11-23T11:37:49","slug":"gul-bubinga-kereste","status":"publish","type":"product","link":"https:\/\/armaganas.com\/en\/product\/gul-bubinga-kereste\/","title":{"rendered":"Bubinga Rosewood Sawn Timber"},"content":{"rendered":"","protected":false},"excerpt":{"rendered":"<p><strong>GENEL \u00d6ZELL\u0130KLER\u0130:<\/strong><\/p>\n<p>Familya: Afrika Sert A\u011fa\u00e7<br \/>\nBotanik ismi: Guibourtia spp.<br \/>\nTicari isimleri: Bubinga, Kevazingo, G\u00fcl<br \/>\nYeti\u015fti\u011fi b\u00f6lgeler: Ekvatoral Afrika<br \/>\nOrtalama yo\u011funluk: 890 kg\/m3<\/p>\n<p>* \u00d6z odun pembe k\u0131z\u0131ldan, koyu k\u0131z\u0131l kahveye do\u011fru de\u011fi\u015fir. Aralarda koyu mor ve siyaha yak\u0131n k\u0131z\u0131l desenler ge\u00e7mektedir. \u00c7ok sert ve dekoratif bir a\u011fa\u00e7t\u0131r. Son zamanlarda bulunmas\u0131 zorla\u015fan a\u011fa\u00e7lar aras\u0131ndad\u0131r. Genelde kar\u0131\u015f\u0131k ve dalgal\u0131 desenlidir.<\/p>\n<p>Kullan\u0131m Yerleri : \u00d6zel mobilya ve dekor i\u015flerinde kullan\u0131l\u0131r. Enstr\u00fcman \u00a0(gitar, elektro gitar, keman, saz vb.) ve \u00f6zel el i\u015fleri (b\u0131\u00e7ak kabze, bilardo sopas\u0131 vb.) yap\u0131m\u0131nda kullan\u0131l\u0131r.<\/p>\n<p>Kullan\u0131m Alan\u0131 : \u0130\u00e7mekan ve D\u0131\u015fmekan<\/p>\n<p><strong>KERESTE \u00d6ZELL\u0130KLER\u0130:<\/strong><\/p>\n<p>Kenars\u0131z<\/p>\n<p>S\u0131n\u0131f: 1sn<\/p>\n<p>Kal\u0131nl\u0131k: 5-10cm<\/p>\n<p>Nem: 8-12% F\u0131r\u0131n Kurusu veya Hava kurusu<\/p>\n<p>Geni\u015flik: 15cm ve \u00fczeri (20% 10-15cm aras\u0131)<\/p>\n<p>Boy: 200cm ve \u00fczeri<\/p>\n<p>Stok: G\u00fcncel stok bilgisi i\u00e7in bizi aray\u0131n<\/p>","protected":false},"featured_media":13637,"comment_status":"closed","ping_status":"closed","template":"","meta":[],"product_brand":[],"product_cat":[85],"product_tag":[],"class_list":{"0":"post-11704","1":"product","2":"type-product","3":"status-publish","4":"has-post-thumbnail","6":"product_cat-egzotik-kereste","8":"first","9":"instock","10":"taxable","11":"shipping-taxable","12":"product-type-simple"},"_links":{"self":[{"href":"https:\/\/armaganas.com\/en\/wp-json\/wp\/v2\/product\/11704","targetHints":{"allow":["GET"]}}],"collection":[{"href":"https:\/\/armaganas.com\/en\/wp-json\/wp\/v2\/product"}],"about":[{"href":"https:\/\/armaganas.com\/en\/wp-json\/wp\/v2\/types\/product"}],"replies":[{"embeddable":true,"href":"https:\/\/armaganas.com\/en\/wp-json\/wp\/v2\/comments?post=11704"}],"wp:featuredmedia":[{"embeddable":true,"href":"https:\/\/armaganas.com\/en\/wp-json\/wp\/v2\/media\/13637"}],"wp:attachment":[{"href":"https:\/\/armaganas.com\/en\/wp-json\/wp\/v2\/media?parent=11704"}],"wp:term":[{"taxonomy":"product_brand","embeddable":true,"href":"https:\/\/armaganas.com\/en\/wp-json\/wp\/v2\/product_brand?post=11704"},{"taxonomy":"product_cat","embeddable":true,"href":"https:\/\/armaganas.com\/en\/wp-json\/wp\/v2\/product_cat?post=11704"},{"taxonomy":"product_tag","embeddable":true,"href":"https:\/\/armaganas.com\/en\/wp-json\/wp\/v2\/product_tag?post=11704"}],"curies":[{"name":"wp","href":"https:\/\/api.w.org\/{rel}","templated":true}]}}