{"id":11690,"date":"2023-07-12T11:30:54","date_gmt":"2023-07-12T08:30:54","guid":{"rendered":"https:\/\/armaganas.com\/?post_type=product&#038;p=11690"},"modified":"2023-09-20T16:57:44","modified_gmt":"2023-09-20T13:57:44","slug":"akcaagac-kereste","status":"publish","type":"product","link":"https:\/\/armaganas.com\/en\/product\/akcaagac-kereste\/","title":{"rendered":"Maple Sawn Timber"},"content":{"rendered":"","protected":false},"excerpt":{"rendered":"<p><strong>GENEL \u00d6ZELL\u0130KLER:<\/strong><\/p>\n<p>Familya: Avrupa Sert A\u011fa\u00e7<br \/>\nBotanik ismi: Acer Campestre<br \/>\nTicari isimleri: Maple, Avrupa ak\u00e7aa\u011fac\u0131<br \/>\nYeti\u015fti\u011fi b\u00f6lgeler: Avrupa, Rusya, T\u00fcrkiye<br \/>\nOrtalama yo\u011funluk: 670 kg\/m3.<\/p>\n<p>*Sert a\u011fa\u00e7lar\u0131n en a\u00e7\u0131k renklilerinden biridir. Kurutulduktan sonra rengi krem beyazdan a\u00e7\u0131k kahve gibidir; d\u00fcz desenli bazen dalgal\u0131 ve kar\u0131\u015f\u0131k desenli olabilir, g\u00fczel harelidir.<\/p>\n<p>*Kullan\u0131m Yerleri: torna, mobilya ve dekorasyon i\u015flerinde,yer d\u00f6\u015femesi olarak, m\u00fczik aletleri (gitar, elektro gitar, keman, saz vb.) ve \u00f6zel el i\u015fleri (b\u0131\u00e7ak kabze, bilardo sopas\u0131 vb.) yap\u0131m\u0131nda kullan\u0131l\u0131r. Janjanl\u0131, ku\u015fg\u00f6z\u00fc ve farkl\u0131 desen yap\u0131s\u0131nda bulunabilmektedir<\/p>\n<p>*Kullan\u0131m Alan\u0131: \u0130\u00e7mekan<\/p>\n<p><strong>KERESTE \u00d6ZELL\u0130KLER\u0130:<\/strong><\/p>\n<p>Kenarlar\u0131 sulamal\u0131 \/ Kenars\u0131z<\/p>\n<p>S\u0131n\u0131f: 1-2sn. (Beyaz renkli 80%), 3sn.<\/p>\n<p>Kal\u0131nl\u0131k: 5-10cm<\/p>\n<p>Geni\u015flik: 15cm ve \u00fczeri<\/p>\n<p>Boy: 200cm ve \u00fczeri<\/p>\n<p>Stok: G\u00fcncel stok bilgisi i\u00e7in bizi aray\u0131n<\/p>","protected":false},"featured_media":11691,"comment_status":"closed","ping_status":"closed","template":"","meta":[],"product_brand":[],"product_cat":[87],"product_tag":[],"class_list":{"0":"post-11690","1":"product","2":"type-product","3":"status-publish","4":"has-post-thumbnail","6":"product_cat-avrupa-yerli-kereste","8":"first","9":"instock","10":"taxable","11":"shipping-taxable","12":"product-type-simple"},"_links":{"self":[{"href":"https:\/\/armaganas.com\/en\/wp-json\/wp\/v2\/product\/11690","targetHints":{"allow":["GET"]}}],"collection":[{"href":"https:\/\/armaganas.com\/en\/wp-json\/wp\/v2\/product"}],"about":[{"href":"https:\/\/armaganas.com\/en\/wp-json\/wp\/v2\/types\/product"}],"replies":[{"embeddable":true,"href":"https:\/\/armaganas.com\/en\/wp-json\/wp\/v2\/comments?post=11690"}],"wp:featuredmedia":[{"embeddable":true,"href":"https:\/\/armaganas.com\/en\/wp-json\/wp\/v2\/media\/11691"}],"wp:attachment":[{"href":"https:\/\/armaganas.com\/en\/wp-json\/wp\/v2\/media?parent=11690"}],"wp:term":[{"taxonomy":"product_brand","embeddable":true,"href":"https:\/\/armaganas.com\/en\/wp-json\/wp\/v2\/product_brand?post=11690"},{"taxonomy":"product_cat","embeddable":true,"href":"https:\/\/armaganas.com\/en\/wp-json\/wp\/v2\/product_cat?post=11690"},{"taxonomy":"product_tag","embeddable":true,"href":"https:\/\/armaganas.com\/en\/wp-json\/wp\/v2\/product_tag?post=11690"}],"curies":[{"name":"wp","href":"https:\/\/api.w.org\/{rel}","templated":true}]}}