{"id":11683,"date":"2023-07-12T11:16:55","date_gmt":"2023-07-12T08:16:55","guid":{"rendered":"https:\/\/armaganas.com\/?post_type=product&#038;p=11683"},"modified":"2023-11-23T14:38:39","modified_gmt":"2023-11-23T11:38:39","slug":"sapelli-maun-kereste","status":"publish","type":"product","link":"https:\/\/armaganas.com\/en\/product\/sapelli-maun-kereste\/","title":{"rendered":"Sapelle Sawn Timber"},"content":{"rendered":"","protected":false},"excerpt":{"rendered":"<p>Familya: Afrika Sert A\u011fa\u00e7<br \/>\nBotanik ismi: Entandrophragma Cylindricum<br \/>\nTicari isimleri: Sapelle, Maun<br \/>\nYeti\u015fti\u011fi b\u00f6lgeler: Bat\u0131 Afrika<br \/>\nOrtalama yo\u011funluk: 620 kg\/m3<\/p>\n<p>Detaylar:<br \/>\nGenel \u00d6zellikleri : Maun cinsidir, a\u00e7\u0131k pembeden koyu k\u0131z\u0131la do\u011fru de\u011fi\u015fen \u00f6z odunu ve beyaz\u0131ms\u0131 sap k\u0131sm\u0131 vard\u0131r. Orta y\u00fcksek yo\u011funlukta bir a\u011fa\u00e7t\u0131r.<br \/>\nKullan\u0131m Alanlar\u0131 : Genel mobilya ve dekorasyon i\u015flerinde, cami dekorasyonunda \u00e7ok tercih edilir, pencere ve kap\u0131 do\u011frama i\u015flerinde de kullan\u0131l\u0131r<br \/>\nKullan\u0131m Yeri : \u0130\u00e7mekan ve D\u0131\u015fmekan<\/p>","protected":false},"featured_media":13638,"comment_status":"closed","ping_status":"closed","template":"","meta":[],"product_brand":[],"product_cat":[85],"product_tag":[343,344,341,301,340,339,338,345,342,337,336],"class_list":{"0":"post-11683","1":"product","2":"type-product","3":"status-publish","4":"has-post-thumbnail","6":"product_cat-egzotik-kereste","7":"product_tag-ahsap-dograma","8":"product_tag-cami-dekorasyon","9":"product_tag-kapi","10":"product_tag-kereste","11":"product_tag-kirmizi-agac","12":"product_tag-mahogany","13":"product_tag-maun","14":"product_tag-mobilya","15":"product_tag-pencere","16":"product_tag-sapeli","17":"product_tag-sapelli","19":"first","20":"instock","21":"taxable","22":"shipping-taxable","23":"product-type-simple"},"_links":{"self":[{"href":"https:\/\/armaganas.com\/en\/wp-json\/wp\/v2\/product\/11683","targetHints":{"allow":["GET"]}}],"collection":[{"href":"https:\/\/armaganas.com\/en\/wp-json\/wp\/v2\/product"}],"about":[{"href":"https:\/\/armaganas.com\/en\/wp-json\/wp\/v2\/types\/product"}],"replies":[{"embeddable":true,"href":"https:\/\/armaganas.com\/en\/wp-json\/wp\/v2\/comments?post=11683"}],"wp:featuredmedia":[{"embeddable":true,"href":"https:\/\/armaganas.com\/en\/wp-json\/wp\/v2\/media\/13638"}],"wp:attachment":[{"href":"https:\/\/armaganas.com\/en\/wp-json\/wp\/v2\/media?parent=11683"}],"wp:term":[{"taxonomy":"product_brand","embeddable":true,"href":"https:\/\/armaganas.com\/en\/wp-json\/wp\/v2\/product_brand?post=11683"},{"taxonomy":"product_cat","embeddable":true,"href":"https:\/\/armaganas.com\/en\/wp-json\/wp\/v2\/product_cat?post=11683"},{"taxonomy":"product_tag","embeddable":true,"href":"https:\/\/armaganas.com\/en\/wp-json\/wp\/v2\/product_tag?post=11683"}],"curies":[{"name":"wp","href":"https:\/\/api.w.org\/{rel}","templated":true}]}}