{"id":11678,"date":"2023-07-12T11:08:04","date_gmt":"2023-07-12T08:08:04","guid":{"rendered":"https:\/\/armaganas.com\/?post_type=product&#038;p=11678"},"modified":"2023-10-10T13:41:03","modified_gmt":"2023-10-10T10:41:03","slug":"limba-frake-kereste","status":"publish","type":"product","link":"https:\/\/armaganas.com\/en\/product\/limba-frake-kereste\/","title":{"rendered":"Frake Sawn Timber"},"content":{"rendered":"","protected":false},"excerpt":{"rendered":"<p><strong>GENEL \u00d6ZELL\u0130KLER\u0130:<\/strong><\/p>\n<p>Familya: Afrika Sert A\u011fa\u00e7<br \/>\nBotanik ismi: Terminalia Superba<br \/>\nTicari isimleri: Limba, Frake<br \/>\nYeti\u015fti\u011fi b\u00f6lgeler: Bat\u0131 Afrika<br \/>\nOrtalama yo\u011funluk: 550 kg\/m3<\/p>\n<p>*Sar\u0131ms\u0131 beyaz ve sar\u0131 tonlar\u0131ndad\u0131r. G\u00f6bek k\u0131sm\u0131nda siyah \u00e7izgiler ge\u00e7ebilir. Kurudu\u011fu zaman stabilitesi y\u00fcksek olan a\u011fa\u00e7lardand\u0131r.<\/p>\n<p>*Kullan\u0131m Yerleri : Genel mobilya ve dekorasyon i\u015flerinde, cami dekorasyonunda \u00e7ok tercih edilir, pencere ve kap\u0131 do\u011frama i\u015flerinde de kullan\u0131l\u0131r.<\/p>\n<p>*Kullan\u0131m Alan\u0131 : \u0130\u00e7mekan ve D\u0131\u015fmekan<\/p>\n<p><strong>KERESTE \u00d6ZELL\u0130KLER\u0130:<\/strong><\/p>\n<p>Kenars\u0131z<\/p>\n<p>S\u0131n\u0131f: 1-2sn.<\/p>\n<p>Kal\u0131nl\u0131k: 25-50-63-75-100mm<\/p>\n<p>Geni\u015flik: 15cm ve \u00fczeri (20% 10-15cm aras\u0131)<\/p>\n<p>Boy: 200cm ve \u00fczeri<\/p>\n<p>Nem: 8-12% F\u0131r\u0131n Kurusu<\/p>\n<p>Stok: G\u00fcncel stok bilgisi i\u00e7in bizi aray\u0131n<\/p>","protected":false},"featured_media":11679,"comment_status":"closed","ping_status":"closed","template":"","meta":[],"product_brand":[],"product_cat":[85],"product_tag":[331,343,324,334,346,347,341,301,333,335,345,342,323,325],"class_list":{"0":"post-11678","1":"product","2":"type-product","3":"status-publish","4":"has-post-thumbnail","6":"product_cat-egzotik-kereste","7":"product_tag-afrika","8":"product_tag-ahsap-dograma","9":"product_tag-ankara","10":"product_tag-beyaz-frake","11":"product_tag-cami","12":"product_tag-dekorasyon","13":"product_tag-kapi","14":"product_tag-kereste","15":"product_tag-limba","16":"product_tag-mese","17":"product_tag-mobilya","18":"product_tag-pencere","19":"product_tag-siteler","20":"product_tag-turkiye","22":"first","23":"instock","24":"taxable","25":"shipping-taxable","26":"product-type-simple"},"_links":{"self":[{"href":"https:\/\/armaganas.com\/en\/wp-json\/wp\/v2\/product\/11678","targetHints":{"allow":["GET"]}}],"collection":[{"href":"https:\/\/armaganas.com\/en\/wp-json\/wp\/v2\/product"}],"about":[{"href":"https:\/\/armaganas.com\/en\/wp-json\/wp\/v2\/types\/product"}],"replies":[{"embeddable":true,"href":"https:\/\/armaganas.com\/en\/wp-json\/wp\/v2\/comments?post=11678"}],"wp:featuredmedia":[{"embeddable":true,"href":"https:\/\/armaganas.com\/en\/wp-json\/wp\/v2\/media\/11679"}],"wp:attachment":[{"href":"https:\/\/armaganas.com\/en\/wp-json\/wp\/v2\/media?parent=11678"}],"wp:term":[{"taxonomy":"product_brand","embeddable":true,"href":"https:\/\/armaganas.com\/en\/wp-json\/wp\/v2\/product_brand?post=11678"},{"taxonomy":"product_cat","embeddable":true,"href":"https:\/\/armaganas.com\/en\/wp-json\/wp\/v2\/product_cat?post=11678"},{"taxonomy":"product_tag","embeddable":true,"href":"https:\/\/armaganas.com\/en\/wp-json\/wp\/v2\/product_tag?post=11678"}],"curies":[{"name":"wp","href":"https:\/\/api.w.org\/{rel}","templated":true}]}}