{"id":633,"date":"2020-10-13T09:00:26","date_gmt":"2020-10-13T06:00:26","guid":{"rendered":"http:\/\/localhost\/razzi\/?page_id=633"},"modified":"2025-02-01T22:34:57","modified_gmt":"2025-02-01T19:34:57","slug":"hakkimizda","status":"publish","type":"page","link":"https:\/\/armaganas.com\/en\/hakkimizda\/","title":{"rendered":"About Us"},"content":{"rendered":"<div data-elementor-type=\"wp-page\" data-elementor-id=\"633\" class=\"elementor elementor-633\">\n\t\t\t\t<div class=\"elementor-element elementor-element-bd8e899 e-flex e-con-boxed e-con e-parent\" data-id=\"bd8e899\" data-element_type=\"container\">\n\t\t\t\t\t<div class=\"e-con-inner\">\n\t\t<div class=\"elementor-element elementor-element-54c5fbb e-con-full e-flex e-con e-child\" data-id=\"54c5fbb\" data-element_type=\"container\">\n\t\t\t\t<div class=\"elementor-element elementor-element-51d0837 elementor-widget elementor-widget-image\" data-id=\"51d0837\" data-element_type=\"widget\" data-widget_type=\"image.default\">\n\t\t\t\t<div class=\"elementor-widget-container\">\n\t\t\t\t\t\t\t\t\t\t\t\t\t\t\t<img fetchpriority=\"high\" decoding=\"async\" width=\"616\" height=\"462\" src=\"https:\/\/armaganas.com\/wp-content\/uploads\/2023\/07\/armagan-banner1.jpg\" class=\"attachment-full size-full wp-image-11394\" alt=\"\" \/>\t\t\t\t\t\t\t\t\t\t\t\t\t\t\t<\/div>\n\t\t\t\t<\/div>\n\t\t\t\t<\/div>\n\t\t<div class=\"elementor-element elementor-element-27df9e4 e-con-full e-flex e-con e-child\" data-id=\"27df9e4\" data-element_type=\"container\">\n\t\t\t\t<div class=\"elementor-element elementor-element-2dc0fab elementor-widget elementor-widget-heading\" data-id=\"2dc0fab\" data-element_type=\"widget\" data-widget_type=\"heading.default\">\n\t\t\t\t<div class=\"elementor-widget-container\">\n\t\t\t\t\t<h6 class=\"elementor-heading-title elementor-size-default\">since 1946\n<\/h6>\t\t\t\t<\/div>\n\t\t\t\t<\/div>\n\t\t\t\t<div class=\"elementor-element elementor-element-cf99fb8 elementor-widget elementor-widget-heading\" data-id=\"cf99fb8\" data-element_type=\"widget\" data-widget_type=\"heading.default\">\n\t\t\t\t<div class=\"elementor-widget-container\">\n\t\t\t\t\t<h3 class=\"elementor-heading-title elementor-size-default\">ARMA\u011eAN ORMAN \u00dcR\u00dcNLER\u0130 A.\u015e.<\/h3>\t\t\t\t<\/div>\n\t\t\t\t<\/div>\n\t\t\t\t<div class=\"elementor-element elementor-element-4adc815 elementor-widget elementor-widget-text-editor\" data-id=\"4adc815\" data-element_type=\"widget\" data-widget_type=\"text-editor.default\">\n\t\t\t\t<div class=\"elementor-widget-container\">\n\t\t\t\t\t\t\t\t\t<p><em>\u00a0Our timber trading life, which started in 1946 as the Arma\u011fan family, has now reached the 4th generation, and it develops itself day by day without compromising its commercial understanding and principles.<\/em><\/p><p><em>\u00a0Our trade, which started with a single type of timber in its establishment, is currently continuing with approximately 22 different types of wood and different processed wood products.<\/em><\/p>\t\t\t\t\t\t\t\t<\/div>\n\t\t\t\t<\/div>\n\t\t\t\t<\/div>\n\t\t\t\t\t<\/div>\n\t\t\t\t<\/div>\n\t\t<div class=\"elementor-element elementor-element-6d2fd54 e-con-full elementor-hidden-desktop elementor-hidden-tablet elementor-hidden-mobile e-flex e-con e-parent\" data-id=\"6d2fd54\" data-element_type=\"container\" data-settings=\"{&quot;background_background&quot;:&quot;classic&quot;}\">\n\t\t\t\t<div class=\"elementor-element elementor-element-2c48400 elementor-widget elementor-widget-text-editor\" data-id=\"2c48400\" data-element_type=\"widget\" data-widget_type=\"text-editor.default\">\n\t\t\t\t<div class=\"elementor-widget-container\">\n\t\t\t\t\t\t\t\t\t<p>IT IS MORE IMPORTANT FOR US TO DO THE WORK THAT WE DO WITH QUALITY THAN DOING MORE WORK..<\/p><p><strong>Armagan Forest Products Co.<\/strong><\/p>\t\t\t\t\t\t\t\t<\/div>\n\t\t\t\t<\/div>\n\t\t\t\t<\/div>\n\t\t<div class=\"elementor-element elementor-element-9a89039 e-flex e-con-boxed e-con e-parent\" data-id=\"9a89039\" data-element_type=\"container\" id=\"hakicons\">\n\t\t\t\t\t<div class=\"e-con-inner\">\n\t\t<div class=\"elementor-element elementor-element-7ddff5b e-con-full e-flex e-con e-child\" data-id=\"7ddff5b\" data-element_type=\"container\" id=\"iconkolon\">\n\t\t\t\t<div class=\"elementor-element elementor-element-44f0dd4 elementor-position-left elementor-vertical-align-middle elementor-view-default elementor-widget elementor-widget-razzi-icon-box\" data-id=\"44f0dd4\" data-element_type=\"widget\" data-widget_type=\"razzi-icon-box.default\">\n\t\t\t\t<div class=\"elementor-widget-container\">\n\t\t\t\t\t\t\t<div class=\"razzi-icon-box\">\r\n\t\t\t\t\t\t<div class=\"razzi-icon-box__icon\">\r\n\t\t\t\t<span class=\"razzi-img-icon elementor-animation-\" >\r\n\t\t\t\t<img decoding=\"async\" src=\"https:\/\/demo4.drfuri.com\/media\/razzi\/truck3.svg\" alt=\"\u00dccretsiz Kargo\" \/>\t\t\t\t<\/span>\r\n\t\t\t<\/div>\r\n\t\t\t\t\t\t<div class=\"razzi-icon-box__content\">\r\n\t\t\t\t<div class=\"razzi-icon-box__item\">\r\n\t\t\t\t\t<h3 class=\"razzi-icon-box__title\">\r\n\t\t\t\t\t\t<span  >\r\n\t\t\t\t\t\t\tFree Shipping\t\t\t\t\t\t<\/span>\r\n\t\t\t\t\t<\/h3>\r\n\t\t\t\t\t\t\t\t\t\t\t<p class=\"razzi-icon-box__description\">\r\n\t\t\t\t\t\t\tFree shipping over 1500\u20ba\t\t\t\t\t\t<\/p>\r\n\t\t\t\t\t\t\t\t\t<\/div>\r\n\t\t\t\t\t\t\t<\/div>\r\n\t\t<\/div>\r\n\t\t\t\t\t\t<\/div>\n\t\t\t\t<\/div>\n\t\t\t\t<\/div>\n\t\t<div class=\"elementor-element elementor-element-ce30efe e-con-full e-flex e-con e-child\" data-id=\"ce30efe\" data-element_type=\"container\" id=\"iconkolon\">\n\t\t\t\t<div class=\"elementor-element elementor-element-730297f elementor-position-left elementor-vertical-align-middle elementor-view-default elementor-widget elementor-widget-razzi-icon-box\" data-id=\"730297f\" data-element_type=\"widget\" data-widget_type=\"razzi-icon-box.default\">\n\t\t\t\t<div class=\"elementor-widget-container\">\n\t\t\t\t\t\t\t<div class=\"razzi-icon-box\">\r\n\t\t\t\t\t\t<div class=\"razzi-icon-box__icon\">\r\n\t\t\t\t<a class=\"razzi-img-icon elementor-animation-\" href=\"#\">\r\n\t\t\t\t<img decoding=\"async\" src=\"https:\/\/demo4.drfuri.com\/media\/razzi\/money.svg\" alt=\"\u0130ade ve De\u011fi\u015fim\" \/>\t\t\t\t<\/a>\r\n\t\t\t<\/div>\r\n\t\t\t\t\t\t<div class=\"razzi-icon-box__content\">\r\n\t\t\t\t<div class=\"razzi-icon-box__item\">\r\n\t\t\t\t\t<h3 class=\"razzi-icon-box__title\">\r\n\t\t\t\t\t\t<a href=\"#\" >\r\n\t\t\t\t\t\t\tReturns and Exchanges\t\t\t\t\t\t<\/a>\r\n\t\t\t\t\t<\/h3>\r\n\t\t\t\t\t\t\t\t\t\t\t<p class=\"razzi-icon-box__description\">\r\n\t\t\t\t\t\t\tread our return conditions\t\t\t\t\t\t<\/p>\r\n\t\t\t\t\t\t\t\t\t<\/div>\r\n\t\t\t\t\t\t\t<\/div>\r\n\t\t<\/div>\r\n\t\t\t\t\t\t<\/div>\n\t\t\t\t<\/div>\n\t\t\t\t<\/div>\n\t\t<div class=\"elementor-element elementor-element-4f5c69e e-con-full e-flex e-con e-child\" data-id=\"4f5c69e\" data-element_type=\"container\" id=\"iconkolon\">\n\t\t\t\t<div class=\"elementor-element elementor-element-72dc089 elementor-position-left elementor-vertical-align-middle elementor-view-default elementor-widget elementor-widget-razzi-icon-box\" data-id=\"72dc089\" data-element_type=\"widget\" data-widget_type=\"razzi-icon-box.default\">\n\t\t\t\t<div class=\"elementor-widget-container\">\n\t\t\t\t\t\t\t<div class=\"razzi-icon-box\">\r\n\t\t\t\t\t\t<div class=\"razzi-icon-box__icon\">\r\n\t\t\t\t<span class=\"razzi-img-icon elementor-animation-\" >\r\n\t\t\t\t<img decoding=\"async\" src=\"https:\/\/demo4.drfuri.com\/media\/razzi\/box.svg\" alt=\"G\u00fcvenli Al\u0131\u015fveri\u015f\" \/>\t\t\t\t<\/span>\r\n\t\t\t<\/div>\r\n\t\t\t\t\t\t<div class=\"razzi-icon-box__content\">\r\n\t\t\t\t<div class=\"razzi-icon-box__item\">\r\n\t\t\t\t\t<h3 class=\"razzi-icon-box__title\">\r\n\t\t\t\t\t\t<span  >\r\n\t\t\t\t\t\t\tSecure Shopping\t\t\t\t\t\t<\/span>\r\n\t\t\t\t\t<\/h3>\r\n\t\t\t\t\t\t\t\t\t\t\t<p class=\"razzi-icon-box__description\">\r\n\t\t\t\t\t\t\tSecure shopping with SSL infrastructure\t\t\t\t\t\t<\/p>\r\n\t\t\t\t\t\t\t\t\t<\/div>\r\n\t\t\t\t\t\t\t<\/div>\r\n\t\t<\/div>\r\n\t\t\t\t\t\t<\/div>\n\t\t\t\t<\/div>\n\t\t\t\t<\/div>\n\t\t<div class=\"elementor-element elementor-element-29ec702 e-con-full e-flex e-con e-child\" data-id=\"29ec702\" data-element_type=\"container\" id=\"iconkolon\">\n\t\t\t\t<div class=\"elementor-element elementor-element-a64af5f elementor-position-left elementor-vertical-align-middle elementor-view-default elementor-widget elementor-widget-razzi-icon-box\" data-id=\"a64af5f\" data-element_type=\"widget\" data-widget_type=\"razzi-icon-box.default\">\n\t\t\t\t<div class=\"elementor-widget-container\">\n\t\t\t\t\t\t\t<div class=\"razzi-icon-box\">\r\n\t\t\t\t\t\t<div class=\"razzi-icon-box__icon\">\r\n\t\t\t\t<span class=\"razzi-img-icon elementor-animation-\" >\r\n\t\t\t\t<img decoding=\"async\" src=\"https:\/\/demo4.drfuri.com\/media\/razzi\/like.svg\" alt=\"Orijinal \u00dcr\u00fcn\" \/>\t\t\t\t<\/span>\r\n\t\t\t<\/div>\r\n\t\t\t\t\t\t<div class=\"razzi-icon-box__content\">\r\n\t\t\t\t<div class=\"razzi-icon-box__item\">\r\n\t\t\t\t\t<h3 class=\"razzi-icon-box__title\">\r\n\t\t\t\t\t\t<span  >\r\n\t\t\t\t\t\t\tOriginal Product\t\t\t\t\t\t<\/span>\r\n\t\t\t\t\t<\/h3>\r\n\t\t\t\t\t\t\t\t\t\t\t<p class=\"razzi-icon-box__description\">\r\n\t\t\t\t\t\t\tAll our products are original\t\t\t\t\t\t<\/p>\r\n\t\t\t\t\t\t\t\t\t<\/div>\r\n\t\t\t\t\t\t\t<\/div>\r\n\t\t<\/div>\r\n\t\t\t\t\t\t<\/div>\n\t\t\t\t<\/div>\n\t\t\t\t<\/div>\n\t\t\t\t\t<\/div>\n\t\t\t\t<\/div>\n\t\t<div class=\"elementor-element elementor-element-6ac6e4b e-flex e-con-boxed e-con e-parent\" data-id=\"6ac6e4b\" data-element_type=\"container\">\n\t\t\t\t\t<div class=\"e-con-inner\">\n\t\t<div class=\"elementor-element elementor-element-6e498d5 e-con-full e-flex e-con e-child\" data-id=\"6e498d5\" data-element_type=\"container\">\n\t\t\t\t<\/div>\n\t\t\t\t\t<\/div>\n\t\t\t\t<\/div>\n\t\t\t\t<\/div>","protected":false},"excerpt":{"rendered":"<p>1946\u2019dan beri ARMA\u011eAN ORMAN \u00dcR\u00dcNLER\u0130 A.\u015e. \u00a0Arma\u011fan ailesi olarak 1946 y\u0131l\u0131nda ba\u015flayan kereste\u00a0 ticaret hayat\u0131m\u0131z \u015fu an 4.ku\u015fa\u011fa kadar ula\u015fm\u0131\u015f olup ticaret anlay\u0131\u015f\u0131 ve prensiplerinden \u00f6d\u00fcn vermeden kendini her ge\u00e7en g\u00fcn geli\u015ftirmektedir. \u00a0Kurulu\u015funda tek \u00e7e\u015fit kereste ile ba\u015flayan ticaretimiz, \u015fu anda yakla\u015f\u0131k 22 farkl\u0131 cins a\u011fa\u00e7 ve farkl\u0131 i\u015flenmi\u015f a\u011fa\u00e7 \u00fcr\u00fcnlerle devam etmektedir.. B\u0130Z\u0130M \u0130\u00c7\u0130N [&hellip;]<\/p>","protected":false},"author":1,"featured_media":0,"parent":0,"menu_order":0,"comment_status":"closed","ping_status":"closed","template":"","meta":{"footnotes":""},"class_list":["post-633","page","type-page","status-publish","hentry"],"_links":{"self":[{"href":"https:\/\/armaganas.com\/en\/wp-json\/wp\/v2\/pages\/633","targetHints":{"allow":["GET"]}}],"collection":[{"href":"https:\/\/armaganas.com\/en\/wp-json\/wp\/v2\/pages"}],"about":[{"href":"https:\/\/armaganas.com\/en\/wp-json\/wp\/v2\/types\/page"}],"author":[{"embeddable":true,"href":"https:\/\/armaganas.com\/en\/wp-json\/wp\/v2\/users\/1"}],"replies":[{"embeddable":true,"href":"https:\/\/armaganas.com\/en\/wp-json\/wp\/v2\/comments?post=633"}],"version-history":[{"count":0,"href":"https:\/\/armaganas.com\/en\/wp-json\/wp\/v2\/pages\/633\/revisions"}],"wp:attachment":[{"href":"https:\/\/armaganas.com\/en\/wp-json\/wp\/v2\/media?parent=633"}],"curies":[{"name":"wp","href":"https:\/\/api.w.org\/{rel}","templated":true}]}}