{"id":12215,"date":"2023-07-25T15:05:29","date_gmt":"2023-07-25T12:05:29","guid":{"rendered":"https:\/\/armaganas.com\/deck-cesitleri-copy\/"},"modified":"2025-02-01T22:35:21","modified_gmt":"2025-02-01T19:35:21","slug":"masif-panel","status":"publish","type":"page","link":"https:\/\/armaganas.com\/en\/masif-panel\/","title":{"rendered":"Solid Panel"},"content":{"rendered":"<div data-elementor-type=\"wp-page\" data-elementor-id=\"12215\" class=\"elementor elementor-12215\">\n\t\t\t\t<div class=\"elementor-element elementor-element-24a9385 e-con-full e-flex e-con e-parent\" data-id=\"24a9385\" data-element_type=\"container\" data-settings=\"{&quot;background_background&quot;:&quot;classic&quot;,&quot;animation&quot;:&quot;none&quot;}\">\n\t\t\t\t<div class=\"elementor-element elementor-element-158d2d6 elementor-widget elementor-widget-heading\" data-id=\"158d2d6\" data-element_type=\"widget\" data-widget_type=\"heading.default\">\n\t\t\t\t<div class=\"elementor-widget-container\">\n\t\t\t\t\t<h2 class=\"elementor-heading-title elementor-size-default\">Solid Panel<\/h2>\t\t\t\t<\/div>\n\t\t\t\t<\/div>\n\t\t\t\t<div class=\"elementor-element elementor-element-2e99d83 elementor-widget elementor-widget-text-editor\" data-id=\"2e99d83\" data-element_type=\"widget\" data-widget_type=\"text-editor.default\">\n\t\t\t\t<div class=\"elementor-widget-container\">\n\t\t\t\t\t\t\t\t\t<p>* Stair steps<br \/>*Mutfak tezgah\u0131 olarak\u0131<br \/>* In table tops and various furniture manufacturing (cabinet, tv unit, console)<br \/>* In the production of kitchen utensils (cutting board, steak board)<br \/>*It has become one of the materials sought for fast, practical and clean production in door cores and in many areas.<br \/>Contact us for production according to different types of wood, thickness and width according to your request!<\/p>\t\t\t\t\t\t\t\t<\/div>\n\t\t\t\t<\/div>\n\t\t\t\t<\/div>\n\t\t<div class=\"elementor-element elementor-element-bf19f26 e-flex e-con-boxed e-con e-parent\" data-id=\"bf19f26\" data-element_type=\"container\">\n\t\t\t\t\t<div class=\"e-con-inner\">\n\t\t\t\t<div class=\"elementor-element elementor-element-8924f37 elementor-widget elementor-widget-razzi-product-tab-grid\" data-id=\"8924f37\" data-element_type=\"widget\" data-widget_type=\"razzi-product-tab-grid.default\">\n\t\t\t\t<div class=\"elementor-widget-container\">\n\t\t\t\t\t\t\t<div class=\"razzi-products-tabs razzi-products-tabs-grid razzi-tabs woocommerce\">\r\n\t\t\t<ul class=\"tabs-header tabs-nav tabs\"> <li><a href=\"#\" data-href=\"masif-panel\" class=\"active\">Solid Panel<\/a><\/li> <\/ul><div class=\"tabs-content\"><div class=\"tabs-panel tabs-masif-panel tab-loaded active\" data-settings=\"{&quot;columns&quot;:4,&quot;products&quot;:&quot;recent&quot;,&quot;order&quot;:&quot;&quot;,&quot;orderby&quot;:&quot;&quot;,&quot;per_page&quot;:14,&quot;category&quot;:&quot;masif-panel&quot;,&quot;paginate&quot;:true}\"> <ul class=\"products columns-4\">\n<li class=\"product type-product post-12225 status-publish first instock product_cat-masif-panel has-post-thumbnail taxable shipping-taxable product-type-simple\">\n\t<a href=\"https:\/\/armaganas.com\/en\/product\/cam-boy-ekli-parke-desen-eksiz-solid-masif-panel\/\" class=\"woocommerce-LoopProduct-link woocommerce-loop-product__link\"><img fetchpriority=\"high\" decoding=\"async\" width=\"500\" height=\"500\" src=\"https:\/\/armaganas.com\/wp-content\/uploads\/2023\/07\/cam-panel-ekli-solid-500x500.jpg\" class=\"attachment-woocommerce_thumbnail size-woocommerce_thumbnail\" alt=\"\u00c7am Boy Ekli (Parke Desen) \/ Eksiz (Solid) Masif Panel\" srcset=\"https:\/\/armaganas.com\/wp-content\/uploads\/2023\/07\/cam-panel-ekli-solid-500x500.jpg 500w, https:\/\/armaganas.com\/wp-content\/uploads\/2023\/07\/cam-panel-ekli-solid-130x130.jpg 130w\" sizes=\"(max-width: 500px) 100vw, 500px\" \/><h2 class=\"woocommerce-loop-product__title\">Pine Length Attached (Parquet Pattern) \/ Seamless (Solid) Solid Panel<\/h2>\n<\/a><a href=\"https:\/\/armaganas.com\/en\/product\/cam-boy-ekli-parke-desen-eksiz-solid-masif-panel\/\" aria-describedby=\"woocommerce_loop_add_to_cart_link_describedby_12225\" data-quantity=\"1\" class=\"button product_type_simple\" data-product_id=\"12225\" data-product_sku=\"Cam-Boy-Ekli\" aria-label=\"Read more about \u201c\u00c7am Boy Ekli (Parke Desen) \/ Eksiz (Solid) Masif Panel\u201d\" rel=\"nofollow\" data-success_message=\"\" data-no-translation=\"\" data-trp-gettext=\"\" data-no-translation-aria-label=\"\">Read more<\/a>\t<span id=\"woocommerce_loop_add_to_cart_link_describedby_12225\" class=\"screen-reader-text\">\n\t\t\t<\/span>\n<span class=\"gtmkit_product_data\" style=\"display:none;visibility:hidden\" data-gtmkit_product_id=\"12225\" data-gtmkit_product_data=\"{&quot;id&quot;:&quot;12225&quot;,&quot;item_id&quot;:&quot;12225&quot;,&quot;item_name&quot;:&quot;\\u00c7am Boy Ekli (Parke Desen) \\\/ Eksiz (Solid) Masif Panel&quot;,&quot;currency&quot;:&quot;TRY&quot;,&quot;price&quot;:0,&quot;google_business_vertical&quot;:&quot;retail&quot;,&quot;item_category&quot;:&quot;Masif Panel&quot;,&quot;item_list_name&quot;:&quot;General Product List&quot;,&quot;index&quot;:1}\"><\/span><\/li>\n<li class=\"product type-product post-12235 status-publish instock product_cat-masif-panel has-post-thumbnail taxable shipping-taxable product-type-simple\">\n\t<a href=\"https:\/\/armaganas.com\/en\/product\/ceviz-boy-ekli-parke-desen-masif-panel\/\" class=\"woocommerce-LoopProduct-link woocommerce-loop-product__link\"><img decoding=\"async\" width=\"500\" height=\"500\" src=\"https:\/\/armaganas.com\/wp-content\/uploads\/2023\/07\/ceviz-panel-500x500.jpg\" class=\"attachment-woocommerce_thumbnail size-woocommerce_thumbnail\" alt=\"Ceviz Boy Ekli (Parke Desen) Masif Panel\" srcset=\"https:\/\/armaganas.com\/wp-content\/uploads\/2023\/07\/ceviz-panel-500x500.jpg 500w, https:\/\/armaganas.com\/wp-content\/uploads\/2023\/07\/ceviz-panel-130x130.jpg 130w\" sizes=\"(max-width: 500px) 100vw, 500px\" \/><h2 class=\"woocommerce-loop-product__title\">Walnut Finger-Joint Solid Glue Edged Panel<\/h2>\n<\/a><a href=\"https:\/\/armaganas.com\/en\/product\/ceviz-boy-ekli-parke-desen-masif-panel\/\" aria-describedby=\"woocommerce_loop_add_to_cart_link_describedby_12235\" data-quantity=\"1\" class=\"button product_type_simple\" data-product_id=\"12235\" data-product_sku=\"Ceviz-Boy-Ekli\" aria-label=\"Read more about \u201cCeviz Boy Ekli (Parke Desen) Masif Panel\u201d\" rel=\"nofollow\" data-success_message=\"\" data-no-translation=\"\" data-trp-gettext=\"\" data-no-translation-aria-label=\"\">Read more<\/a>\t<span id=\"woocommerce_loop_add_to_cart_link_describedby_12235\" class=\"screen-reader-text\">\n\t\t\t<\/span>\n<span class=\"gtmkit_product_data\" style=\"display:none;visibility:hidden\" data-gtmkit_product_id=\"12235\" data-gtmkit_product_data=\"{&quot;id&quot;:&quot;12235&quot;,&quot;item_id&quot;:&quot;12235&quot;,&quot;item_name&quot;:&quot;Ceviz Boy Ekli (Parke Desen) Masif Panel&quot;,&quot;currency&quot;:&quot;TRY&quot;,&quot;price&quot;:0,&quot;google_business_vertical&quot;:&quot;retail&quot;,&quot;item_category&quot;:&quot;Masif Panel&quot;,&quot;item_list_name&quot;:&quot;General Product List&quot;,&quot;index&quot;:2}\"><\/span><\/li>\n<li class=\"product type-product post-12236 status-publish instock product_cat-masif-panel has-post-thumbnail taxable shipping-taxable product-type-simple\">\n\t<a href=\"https:\/\/armaganas.com\/en\/product\/iroko-boy-ekli-parke-desen-eksiz-solid-masif-panel\/\" class=\"woocommerce-LoopProduct-link woocommerce-loop-product__link\"><img decoding=\"async\" width=\"500\" height=\"500\" src=\"https:\/\/armaganas.com\/wp-content\/uploads\/2023\/07\/iroko-panel-500x500.jpg\" class=\"attachment-woocommerce_thumbnail size-woocommerce_thumbnail\" alt=\"Iroko Boy Ekli (Parke Desen) \/ Eksiz (Solid) Masif Panel\" srcset=\"https:\/\/armaganas.com\/wp-content\/uploads\/2023\/07\/iroko-panel-500x500.jpg 500w, https:\/\/armaganas.com\/wp-content\/uploads\/2023\/07\/iroko-panel-130x130.jpg 130w\" sizes=\"(max-width: 500px) 100vw, 500px\" \/><h2 class=\"woocommerce-loop-product__title\">Iroko Finger-Joint Solid Glue Edged Panel<\/h2>\n<\/a><a href=\"https:\/\/armaganas.com\/en\/product\/iroko-boy-ekli-parke-desen-eksiz-solid-masif-panel\/\" aria-describedby=\"woocommerce_loop_add_to_cart_link_describedby_12236\" data-quantity=\"1\" class=\"button product_type_simple\" data-product_id=\"12236\" data-product_sku=\"Iroko-Boy-Ekli\" aria-label=\"Read more about \u201cIroko Boy Ekli (Parke Desen) \/ Eksiz (Solid) Masif Panel\u201d\" rel=\"nofollow\" data-success_message=\"\" data-no-translation=\"\" data-trp-gettext=\"\" data-no-translation-aria-label=\"\">Read more<\/a>\t<span id=\"woocommerce_loop_add_to_cart_link_describedby_12236\" class=\"screen-reader-text\">\n\t\t\t<\/span>\n<span class=\"gtmkit_product_data\" style=\"display:none;visibility:hidden\" data-gtmkit_product_id=\"12236\" data-gtmkit_product_data=\"{&quot;id&quot;:&quot;12236&quot;,&quot;item_id&quot;:&quot;12236&quot;,&quot;item_name&quot;:&quot;Iroko Boy Ekli (Parke Desen) \\\/ Eksiz (Solid) Masif Panel&quot;,&quot;currency&quot;:&quot;TRY&quot;,&quot;price&quot;:0,&quot;google_business_vertical&quot;:&quot;retail&quot;,&quot;item_category&quot;:&quot;Masif Panel&quot;,&quot;item_list_name&quot;:&quot;General Product List&quot;,&quot;index&quot;:3}\"><\/span><\/li>\n<li class=\"product type-product post-13418 status-publish last instock product_cat-masif-panel product_tag-gurgen product_tag-kayin product_tag-masif-panel product_tag-parke-desenli has-post-thumbnail taxable shipping-taxable product-type-simple\">\n\t<a href=\"https:\/\/armaganas.com\/en\/product\/beyaz-gurgen-masif-panel\/\" class=\"woocommerce-LoopProduct-link woocommerce-loop-product__link\"><img loading=\"lazy\" decoding=\"async\" width=\"500\" height=\"500\" src=\"https:\/\/armaganas.com\/wp-content\/uploads\/2023\/09\/Hus-masif-panel-500x500.webp\" class=\"attachment-woocommerce_thumbnail size-woocommerce_thumbnail\" alt=\"Beyaz G\u00fcrgen Boy Ekli (Parke Desen) Masif Panel\" srcset=\"https:\/\/armaganas.com\/wp-content\/uploads\/2023\/09\/Hus-masif-panel-500x500.webp 500w, https:\/\/armaganas.com\/wp-content\/uploads\/2023\/09\/Hus-masif-panel-768x768.webp 768w, https:\/\/armaganas.com\/wp-content\/uploads\/2023\/09\/Hus-masif-panel-12x12.webp 12w, https:\/\/armaganas.com\/wp-content\/uploads\/2023\/09\/Hus-masif-panel-600x600.webp 600w, https:\/\/armaganas.com\/wp-content\/uploads\/2023\/09\/Hus-masif-panel-130x130.webp 130w, https:\/\/armaganas.com\/wp-content\/uploads\/2023\/09\/Hus-masif-panel.webp 1000w\" sizes=\"(max-width: 500px) 100vw, 500px\" \/><h2 class=\"woocommerce-loop-product__title\">Birch Finger-Joint Solid Glue Edged Panel<\/h2>\n<\/a><a href=\"https:\/\/armaganas.com\/en\/product\/beyaz-gurgen-masif-panel\/\" aria-describedby=\"woocommerce_loop_add_to_cart_link_describedby_13418\" data-quantity=\"1\" class=\"button product_type_simple\" data-product_id=\"13418\" data-product_sku=\"Kayin-Boy-Ekli-1\" aria-label=\"Read more about \u201cBeyaz G\u00fcrgen Boy Ekli (Parke Desen) Masif Panel\u201d\" rel=\"nofollow\" data-success_message=\"\" data-no-translation=\"\" data-trp-gettext=\"\" data-no-translation-aria-label=\"\">Read more<\/a>\t<span id=\"woocommerce_loop_add_to_cart_link_describedby_13418\" class=\"screen-reader-text\">\n\t\t\t<\/span>\n<span class=\"gtmkit_product_data\" style=\"display:none;visibility:hidden\" data-gtmkit_product_id=\"13418\" data-gtmkit_product_data=\"{&quot;id&quot;:&quot;13418&quot;,&quot;item_id&quot;:&quot;13418&quot;,&quot;item_name&quot;:&quot;Beyaz G\\u00fcrgen Boy Ekli (Parke Desen) Masif Panel&quot;,&quot;currency&quot;:&quot;TRY&quot;,&quot;price&quot;:0,&quot;google_business_vertical&quot;:&quot;retail&quot;,&quot;item_category&quot;:&quot;Masif Panel&quot;,&quot;item_list_name&quot;:&quot;General Product List&quot;,&quot;index&quot;:4}\"><\/span><\/li>\n<li class=\"product type-product post-12232 status-publish first instock product_cat-masif-panel has-post-thumbnail taxable shipping-taxable product-type-simple\">\n\t<a href=\"https:\/\/armaganas.com\/en\/product\/kayin-boy-ekli-parke-desen-masif-panel\/\" class=\"woocommerce-LoopProduct-link woocommerce-loop-product__link\"><img loading=\"lazy\" decoding=\"async\" width=\"500\" height=\"500\" src=\"https:\/\/armaganas.com\/wp-content\/uploads\/2023\/07\/kayin-panel-ekli-500x500.jpg\" class=\"attachment-woocommerce_thumbnail size-woocommerce_thumbnail\" alt=\"Kay\u0131n Boy Ekli (Parke Desen) Masif Panel\" srcset=\"https:\/\/armaganas.com\/wp-content\/uploads\/2023\/07\/kayin-panel-ekli-500x500.jpg 500w, https:\/\/armaganas.com\/wp-content\/uploads\/2023\/07\/kayin-panel-ekli-130x130.jpg 130w\" sizes=\"(max-width: 500px) 100vw, 500px\" \/><h2 class=\"woocommerce-loop-product__title\">Beech Height Attached (Parquet Pattern) Solid Panel<\/h2>\n<\/a><a href=\"https:\/\/armaganas.com\/en\/product\/kayin-boy-ekli-parke-desen-masif-panel\/\" aria-describedby=\"woocommerce_loop_add_to_cart_link_describedby_12232\" data-quantity=\"1\" class=\"button product_type_simple\" data-product_id=\"12232\" data-product_sku=\"Kayin-Boy-Ekli\" aria-label=\"Read more about \u201cKay\u0131n Boy Ekli (Parke Desen) Masif Panel\u201d\" rel=\"nofollow\" data-success_message=\"\" data-no-translation=\"\" data-trp-gettext=\"\" data-no-translation-aria-label=\"\">Read more<\/a>\t<span id=\"woocommerce_loop_add_to_cart_link_describedby_12232\" class=\"screen-reader-text\">\n\t\t\t<\/span>\n<span class=\"gtmkit_product_data\" style=\"display:none;visibility:hidden\" data-gtmkit_product_id=\"12232\" data-gtmkit_product_data=\"{&quot;id&quot;:&quot;12232&quot;,&quot;item_id&quot;:&quot;12232&quot;,&quot;item_name&quot;:&quot;Kay\\u0131n Boy Ekli (Parke Desen) Masif Panel&quot;,&quot;currency&quot;:&quot;TRY&quot;,&quot;price&quot;:0,&quot;google_business_vertical&quot;:&quot;retail&quot;,&quot;item_category&quot;:&quot;Masif Panel&quot;,&quot;item_list_name&quot;:&quot;General Product List&quot;,&quot;index&quot;:5}\"><\/span><\/li>\n<li class=\"product type-product post-12233 status-publish instock product_cat-masif-panel has-post-thumbnail taxable shipping-taxable product-type-simple\">\n\t<a href=\"https:\/\/armaganas.com\/en\/product\/limba-boy-eksiz-solid-masif-panel\/\" class=\"woocommerce-LoopProduct-link woocommerce-loop-product__link\"><img loading=\"lazy\" decoding=\"async\" width=\"500\" height=\"500\" src=\"https:\/\/armaganas.com\/wp-content\/uploads\/2023\/07\/limba-panel-500x500.jpg\" class=\"attachment-woocommerce_thumbnail size-woocommerce_thumbnail\" alt=\"Limba Boy Eksiz (Solid) Masif Panel\" srcset=\"https:\/\/armaganas.com\/wp-content\/uploads\/2023\/07\/limba-panel-500x500.jpg 500w, https:\/\/armaganas.com\/wp-content\/uploads\/2023\/07\/limba-panel-130x130.jpg 130w\" sizes=\"(max-width: 500px) 100vw, 500px\" \/><h2 class=\"woocommerce-loop-product__title\">Limba Full Stave Solid Glue Edged Panel<\/h2>\n<\/a><a href=\"https:\/\/armaganas.com\/en\/product\/limba-boy-eksiz-solid-masif-panel\/\" aria-describedby=\"woocommerce_loop_add_to_cart_link_describedby_12233\" data-quantity=\"1\" class=\"button product_type_simple\" data-product_id=\"12233\" data-product_sku=\"Limba-Boy-Eksiz\" aria-label=\"Read more about \u201cLimba Boy Eksiz (Solid) Masif Panel\u201d\" rel=\"nofollow\" data-success_message=\"\" data-no-translation=\"\" data-trp-gettext=\"\" data-no-translation-aria-label=\"\">Read more<\/a>\t<span id=\"woocommerce_loop_add_to_cart_link_describedby_12233\" class=\"screen-reader-text\">\n\t\t\t<\/span>\n<span class=\"gtmkit_product_data\" style=\"display:none;visibility:hidden\" data-gtmkit_product_id=\"12233\" data-gtmkit_product_data=\"{&quot;id&quot;:&quot;12233&quot;,&quot;item_id&quot;:&quot;12233&quot;,&quot;item_name&quot;:&quot;Limba Boy Eksiz (Solid) Masif Panel&quot;,&quot;currency&quot;:&quot;TRY&quot;,&quot;price&quot;:0,&quot;google_business_vertical&quot;:&quot;retail&quot;,&quot;item_category&quot;:&quot;Masif Panel&quot;,&quot;item_list_name&quot;:&quot;General Product List&quot;,&quot;index&quot;:6}\"><\/span><\/li>\n<li class=\"product type-product post-12234 status-publish instock product_cat-masif-panel has-post-thumbnail taxable shipping-taxable product-type-simple\">\n\t<a href=\"https:\/\/armaganas.com\/en\/product\/mese-boy-ekli-masif-panel\/\" class=\"woocommerce-LoopProduct-link woocommerce-loop-product__link\"><img loading=\"lazy\" decoding=\"async\" width=\"500\" height=\"500\" src=\"https:\/\/armaganas.com\/wp-content\/uploads\/2023\/07\/mese-panel-500x500.jpg\" class=\"attachment-woocommerce_thumbnail size-woocommerce_thumbnail\" alt=\"Me\u015fe Boy Ekli Masif Panel\" srcset=\"https:\/\/armaganas.com\/wp-content\/uploads\/2023\/07\/mese-panel-500x500.jpg 500w, https:\/\/armaganas.com\/wp-content\/uploads\/2023\/07\/mese-panel-130x130.jpg 130w\" sizes=\"(max-width: 500px) 100vw, 500px\" \/><h2 class=\"woocommerce-loop-product__title\">Oak Finger-Joint Solid Glue Edged Panel<\/h2>\n<\/a><a href=\"https:\/\/armaganas.com\/en\/product\/mese-boy-ekli-masif-panel\/\" aria-describedby=\"woocommerce_loop_add_to_cart_link_describedby_12234\" data-quantity=\"1\" class=\"button product_type_simple\" data-product_id=\"12234\" data-product_sku=\"Mese-Boy-Ekli\" aria-label=\"Read more about \u201cMe\u015fe Boy Ekli Masif Panel\u201d\" rel=\"nofollow\" data-success_message=\"\" data-no-translation=\"\" data-trp-gettext=\"\" data-no-translation-aria-label=\"\">Read more<\/a>\t<span id=\"woocommerce_loop_add_to_cart_link_describedby_12234\" class=\"screen-reader-text\">\n\t\t\t<\/span>\n<span class=\"gtmkit_product_data\" style=\"display:none;visibility:hidden\" data-gtmkit_product_id=\"12234\" data-gtmkit_product_data=\"{&quot;id&quot;:&quot;12234&quot;,&quot;item_id&quot;:&quot;12234&quot;,&quot;item_name&quot;:&quot;Me\\u015fe Boy Ekli Masif Panel&quot;,&quot;currency&quot;:&quot;TRY&quot;,&quot;price&quot;:0,&quot;google_business_vertical&quot;:&quot;retail&quot;,&quot;item_category&quot;:&quot;Masif Panel&quot;,&quot;item_list_name&quot;:&quot;General Product List&quot;,&quot;index&quot;:7}\"><\/span><\/li>\n<li class=\"product type-product post-12237 status-publish last instock product_cat-masif-panel has-post-thumbnail taxable shipping-taxable product-type-simple\">\n\t<a href=\"https:\/\/armaganas.com\/en\/product\/thermowood-disbudak-boy-ekli-parke-desenli-masif-panel\/\" class=\"woocommerce-LoopProduct-link woocommerce-loop-product__link\"><img loading=\"lazy\" decoding=\"async\" width=\"500\" height=\"500\" src=\"https:\/\/armaganas.com\/wp-content\/uploads\/2023\/07\/ceviz-panel-500x500.jpg\" class=\"attachment-woocommerce_thumbnail size-woocommerce_thumbnail\" alt=\"Thermowood D\u0131\u015fbudak Boy Ekli (Parke Desenli) Masif Panel\" srcset=\"https:\/\/armaganas.com\/wp-content\/uploads\/2023\/07\/ceviz-panel-500x500.jpg 500w, https:\/\/armaganas.com\/wp-content\/uploads\/2023\/07\/ceviz-panel-130x130.jpg 130w\" sizes=\"(max-width: 500px) 100vw, 500px\" \/><h2 class=\"woocommerce-loop-product__title\">Thermowood Ash Wood Jointed (Parquet Pattern) Solid Panel<\/h2>\n<\/a><a href=\"https:\/\/armaganas.com\/en\/product\/thermowood-disbudak-boy-ekli-parke-desenli-masif-panel\/\" aria-describedby=\"woocommerce_loop_add_to_cart_link_describedby_12237\" data-quantity=\"1\" class=\"button product_type_simple\" data-product_id=\"12237\" data-product_sku=\"Thermowood-Boy-Ekli\" aria-label=\"Read more about \u201cThermowood D\u0131\u015fbudak Boy Ekli (Parke Desenli) Masif Panel\u201d\" rel=\"nofollow\" data-success_message=\"\" data-no-translation=\"\" data-trp-gettext=\"\" data-no-translation-aria-label=\"\">Read more<\/a>\t<span id=\"woocommerce_loop_add_to_cart_link_describedby_12237\" class=\"screen-reader-text\">\n\t\t\t<\/span>\n<span class=\"gtmkit_product_data\" style=\"display:none;visibility:hidden\" data-gtmkit_product_id=\"12237\" data-gtmkit_product_data=\"{&quot;id&quot;:&quot;12237&quot;,&quot;item_id&quot;:&quot;12237&quot;,&quot;item_name&quot;:&quot;Thermowood D\\u0131\\u015fbudak Boy Ekli (Parke Desenli) Masif Panel&quot;,&quot;currency&quot;:&quot;TRY&quot;,&quot;price&quot;:0,&quot;google_business_vertical&quot;:&quot;retail&quot;,&quot;item_category&quot;:&quot;Masif Panel&quot;,&quot;item_list_name&quot;:&quot;General Product List&quot;,&quot;index&quot;:8}\"><\/span><\/li>\n<\/ul>\n   <\/div><\/div>\t\t<\/div>\r\n\t\t\t\t\t\t<\/div>\n\t\t\t\t<\/div>\n\t\t\t\t\t<\/div>\n\t\t\t\t<\/div>\n\t\t\t\t<\/div>","protected":false},"excerpt":{"rendered":"<p>Masif Panel *Merdiven basamaklar\u0131*Mutfak tezgah\u0131 olarak\u0131*Masa tablalar\u0131nda ve \u00e7e\u015fitli mobilya imalatlar\u0131nda (dolap,tv \u00fcnitesi,konsol)\u0131*Mutfak gere\u00e7leri yap\u0131m\u0131nda (kesme tahtas\u0131, steak tahtas\u0131)\u0131*Kap\u0131 g\u00f6beklerinde ve bir\u00e7ok alanda h\u0131zl\u0131,pratik ve temiz \u00fcretim i\u00e7in aranan malzemeler aras\u0131na girmi\u015ftir.Talebinize g\u00f6re farkl\u0131 cins ah\u015fap, kal\u0131nl\u0131k ve en-boya g\u00f6re \u00fcretim i\u00e7in bizimle ileti\u015fime ge\u00e7in! Masif Panel Devam\u0131n\u0131 oku Quick View \u00c7am Boy Ekli (Parke [&hellip;]<\/p>","protected":false},"author":1,"featured_media":0,"parent":0,"menu_order":0,"comment_status":"closed","ping_status":"closed","template":"","meta":{"footnotes":""},"class_list":["post-12215","page","type-page","status-publish","hentry"],"_links":{"self":[{"href":"https:\/\/armaganas.com\/en\/wp-json\/wp\/v2\/pages\/12215","targetHints":{"allow":["GET"]}}],"collection":[{"href":"https:\/\/armaganas.com\/en\/wp-json\/wp\/v2\/pages"}],"about":[{"href":"https:\/\/armaganas.com\/en\/wp-json\/wp\/v2\/types\/page"}],"author":[{"embeddable":true,"href":"https:\/\/armaganas.com\/en\/wp-json\/wp\/v2\/users\/1"}],"replies":[{"embeddable":true,"href":"https:\/\/armaganas.com\/en\/wp-json\/wp\/v2\/comments?post=12215"}],"version-history":[{"count":0,"href":"https:\/\/armaganas.com\/en\/wp-json\/wp\/v2\/pages\/12215\/revisions"}],"wp:attachment":[{"href":"https:\/\/armaganas.com\/en\/wp-json\/wp\/v2\/media?parent=12215"}],"curies":[{"name":"wp","href":"https:\/\/api.w.org\/{rel}","templated":true}]}}