{"id":12168,"date":"2023-07-25T13:37:01","date_gmt":"2023-07-25T10:37:01","guid":{"rendered":"https:\/\/armaganas.com\/kereste-copy\/"},"modified":"2025-02-01T22:35:03","modified_gmt":"2025-02-01T19:35:03","slug":"deck-cesitleri","status":"publish","type":"page","link":"https:\/\/armaganas.com\/en\/deck-cesitleri\/","title":{"rendered":"Decking  Facade  Cladding"},"content":{"rendered":"<div data-elementor-type=\"wp-page\" data-elementor-id=\"12168\" class=\"elementor elementor-12168\">\n\t\t\t\t<div class=\"elementor-element elementor-element-1264b22 e-con-full e-flex e-con e-parent\" data-id=\"1264b22\" data-element_type=\"container\" data-settings=\"{&quot;background_background&quot;:&quot;classic&quot;}\">\n\t\t\t\t<div class=\"elementor-element elementor-element-f9ad209 elementor-widget elementor-widget-heading\" data-id=\"f9ad209\" data-element_type=\"widget\" data-widget_type=\"heading.default\">\n\t\t\t\t<div class=\"elementor-widget-container\">\n\t\t\t\t\t<h2 class=\"elementor-heading-title elementor-size-default\">Decking \/ Facade \/ Cladding<\/h2>\t\t\t\t<\/div>\n\t\t\t\t<\/div>\n\t\t\t\t<div class=\"elementor-element elementor-element-0938e2d elementor-widget elementor-widget-text-editor\" data-id=\"0938e2d\" data-element_type=\"widget\" data-widget_type=\"text-editor.default\">\n\t\t\t\t<div class=\"elementor-widget-container\">\n\t\t\t\t\t\t\t\t\t<p>It can be produced in different sizes and profiles according to demand.<br \/>It can be produced in different types of wood, dimensions and profiles according to the order.<\/p>\t\t\t\t\t\t\t\t<\/div>\n\t\t\t\t<\/div>\n\t\t\t\t<\/div>\n\t\t<div class=\"elementor-element elementor-element-bf19f26 e-flex e-con-boxed e-con e-parent\" data-id=\"bf19f26\" data-element_type=\"container\">\n\t\t\t\t\t<div class=\"e-con-inner\">\n\t\t\t\t<div class=\"elementor-element elementor-element-8924f37 elementor-widget elementor-widget-razzi-product-tab-grid\" data-id=\"8924f37\" data-element_type=\"widget\" data-widget_type=\"razzi-product-tab-grid.default\">\n\t\t\t\t<div class=\"elementor-widget-container\">\n\t\t\t\t\t\t\t<div class=\"razzi-products-tabs razzi-products-tabs-grid razzi-tabs woocommerce\">\r\n\t\t\t<ul class=\"tabs-header tabs-nav tabs\"> <li><a href=\"#\" data-href=\"deck-cephe-lambri\" class=\"active\">Decking  Facade  Cladding<\/a><\/li> <\/ul><div class=\"tabs-content\"><div class=\"tabs-panel tabs-deck-cephe-lambri tab-loaded active\" data-settings=\"{&quot;columns&quot;:4,&quot;products&quot;:&quot;recent&quot;,&quot;order&quot;:&quot;&quot;,&quot;orderby&quot;:&quot;menu_order&quot;,&quot;per_page&quot;:14,&quot;category&quot;:&quot;deck-cephe-lambri&quot;,&quot;paginate&quot;:true}\"> <ul class=\"products columns-4\">\n<li class=\"product type-product post-13352 status-publish first instock product_cat-deck-cephe-lambri product_cat-thermowood product_tag-cam product_tag-deck product_tag-decking product_tag-pine product_tag-thermowood has-post-thumbnail taxable shipping-taxable product-type-simple\">\n\t<a href=\"https:\/\/armaganas.com\/en\/product\/thermowood-cam-cephe-lambri\/\" class=\"woocommerce-LoopProduct-link woocommerce-loop-product__link\"><img fetchpriority=\"high\" decoding=\"async\" width=\"500\" height=\"500\" src=\"https:\/\/armaganas.com\/wp-content\/uploads\/2023\/08\/Thermowood-Pine-Cephe-Lambri-1-500x500.webp\" class=\"attachment-woocommerce_thumbnail size-woocommerce_thumbnail\" alt=\"Thermowood \u00c7am Cephe Lambri\" srcset=\"https:\/\/armaganas.com\/wp-content\/uploads\/2023\/08\/Thermowood-Pine-Cephe-Lambri-1-500x500.webp 500w, https:\/\/armaganas.com\/wp-content\/uploads\/2023\/08\/Thermowood-Pine-Cephe-Lambri-1-130x130.webp 130w\" sizes=\"(max-width: 500px) 100vw, 500px\" \/><h2 class=\"woocommerce-loop-product__title\">Thermowood Pine Cladding Panelling<\/h2>\n<\/a><a href=\"https:\/\/armaganas.com\/en\/product\/thermowood-cam-cephe-lambri\/\" aria-describedby=\"woocommerce_loop_add_to_cart_link_describedby_13352\" data-quantity=\"1\" class=\"button product_type_simple\" data-product_id=\"13352\" data-product_sku=\"thermowood-cam-deck-1\" aria-label=\"Read more about \u201cThermowood \u00c7am Cephe Lambri\u201d\" rel=\"nofollow\" data-success_message=\"\" data-no-translation=\"\" data-trp-gettext=\"\" data-no-translation-aria-label=\"\">Read more<\/a>\t<span id=\"woocommerce_loop_add_to_cart_link_describedby_13352\" class=\"screen-reader-text\">\n\t\t\t<\/span>\n<span class=\"gtmkit_product_data\" style=\"display:none;visibility:hidden\" data-gtmkit_product_id=\"13352\" data-gtmkit_product_data=\"{&quot;id&quot;:&quot;13352&quot;,&quot;item_id&quot;:&quot;13352&quot;,&quot;item_name&quot;:&quot;Thermowood \\u00c7am Cephe Lambri&quot;,&quot;currency&quot;:&quot;TRY&quot;,&quot;price&quot;:0,&quot;google_business_vertical&quot;:&quot;retail&quot;,&quot;item_category&quot;:&quot;Thermowood&quot;,&quot;item_list_name&quot;:&quot;General Product List&quot;,&quot;index&quot;:1}\"><\/span><\/li>\n<li class=\"product type-product post-12818 status-publish instock product_cat-deck-cephe-lambri product_cat-thermowood product_tag-cam product_tag-deck product_tag-decking product_tag-dis-mekan-ahsap-zemin product_tag-kereste product_tag-pine product_tag-termo product_tag-thermowood has-post-thumbnail taxable shipping-taxable product-type-simple\">\n\t<a href=\"https:\/\/armaganas.com\/en\/product\/thermowood-cam-deck\/\" class=\"woocommerce-LoopProduct-link woocommerce-loop-product__link\"><img decoding=\"async\" width=\"500\" height=\"500\" src=\"https:\/\/armaganas.com\/wp-content\/uploads\/2023\/07\/thermowood-abd-cam-1-500x500.jpg\" class=\"attachment-woocommerce_thumbnail size-woocommerce_thumbnail\" alt=\"Thermowood \u00c7am Deck\" srcset=\"https:\/\/armaganas.com\/wp-content\/uploads\/2023\/07\/thermowood-abd-cam-1-500x500.jpg 500w, https:\/\/armaganas.com\/wp-content\/uploads\/2023\/07\/thermowood-abd-cam-1-12x12.jpg 12w, https:\/\/armaganas.com\/wp-content\/uploads\/2023\/07\/thermowood-abd-cam-1-600x600.jpg 600w, https:\/\/armaganas.com\/wp-content\/uploads\/2023\/07\/thermowood-abd-cam-1-130x130.jpg 130w, https:\/\/armaganas.com\/wp-content\/uploads\/2023\/07\/thermowood-abd-cam-1.jpg 768w\" sizes=\"(max-width: 500px) 100vw, 500px\" \/><h2 class=\"woocommerce-loop-product__title\">Thermowood Pine Decking<\/h2>\n<\/a><a href=\"https:\/\/armaganas.com\/en\/product\/thermowood-cam-deck\/\" aria-describedby=\"woocommerce_loop_add_to_cart_link_describedby_12818\" data-quantity=\"1\" class=\"button product_type_simple\" data-product_id=\"12818\" data-product_sku=\"thermowood-cam-deck\" aria-label=\"Read more about \u201cThermowood \u00c7am Deck\u201d\" rel=\"nofollow\" data-success_message=\"\" data-no-translation=\"\" data-trp-gettext=\"\" data-no-translation-aria-label=\"\">Read more<\/a>\t<span id=\"woocommerce_loop_add_to_cart_link_describedby_12818\" class=\"screen-reader-text\">\n\t\t\t<\/span>\n<span class=\"gtmkit_product_data\" style=\"display:none;visibility:hidden\" data-gtmkit_product_id=\"12818\" data-gtmkit_product_data=\"{&quot;id&quot;:&quot;12818&quot;,&quot;item_id&quot;:&quot;12818&quot;,&quot;item_name&quot;:&quot;Thermowood \\u00c7am Deck&quot;,&quot;currency&quot;:&quot;TRY&quot;,&quot;price&quot;:0,&quot;google_business_vertical&quot;:&quot;retail&quot;,&quot;item_category&quot;:&quot;Thermowood&quot;,&quot;item_list_name&quot;:&quot;General Product List&quot;,&quot;index&quot;:2}\"><\/span><\/li>\n<li class=\"product type-product post-12188 status-publish instock product_cat-deck-cephe-lambri product_cat-thermowood has-post-thumbnail taxable shipping-taxable product-type-simple\">\n\t<a href=\"https:\/\/armaganas.com\/en\/product\/disbudak-thermo-deck\/\" class=\"woocommerce-LoopProduct-link woocommerce-loop-product__link\"><img decoding=\"async\" width=\"500\" height=\"500\" src=\"https:\/\/armaganas.com\/wp-content\/uploads\/2023\/07\/thermowood-disbudak-deck1-500x500.jpg\" class=\"attachment-woocommerce_thumbnail size-woocommerce_thumbnail\" alt=\"Thermowood D\u0131\u015fbudak Deck\" srcset=\"https:\/\/armaganas.com\/wp-content\/uploads\/2023\/07\/thermowood-disbudak-deck1-500x500.jpg 500w, https:\/\/armaganas.com\/wp-content\/uploads\/2023\/07\/thermowood-disbudak-deck1-130x130.jpg 130w\" sizes=\"(max-width: 500px) 100vw, 500px\" \/><h2 class=\"woocommerce-loop-product__title\">Thermowood Ash Decking<\/h2>\n<\/a><a href=\"https:\/\/armaganas.com\/en\/product\/disbudak-thermo-deck\/\" aria-describedby=\"woocommerce_loop_add_to_cart_link_describedby_12188\" data-quantity=\"1\" class=\"button product_type_simple\" data-product_id=\"12188\" data-product_sku=\"Disbudak-Deck\" aria-label=\"Read more about \u201cThermowood D\u0131\u015fbudak Deck\u201d\" rel=\"nofollow\" data-success_message=\"\" data-no-translation=\"\" data-trp-gettext=\"\" data-no-translation-aria-label=\"\">Read more<\/a>\t<span id=\"woocommerce_loop_add_to_cart_link_describedby_12188\" class=\"screen-reader-text\">\n\t\t\t<\/span>\n<span class=\"gtmkit_product_data\" style=\"display:none;visibility:hidden\" data-gtmkit_product_id=\"12188\" data-gtmkit_product_data=\"{&quot;id&quot;:&quot;12188&quot;,&quot;item_id&quot;:&quot;12188&quot;,&quot;item_name&quot;:&quot;Thermowood D\\u0131\\u015fbudak Deck&quot;,&quot;currency&quot;:&quot;TRY&quot;,&quot;price&quot;:0,&quot;google_business_vertical&quot;:&quot;retail&quot;,&quot;item_category&quot;:&quot;Thermowood&quot;,&quot;item_list_name&quot;:&quot;General Product List&quot;,&quot;index&quot;:3}\"><\/span><\/li>\n<li class=\"product type-product post-12200 status-publish last instock product_cat-deck-cephe-lambri has-post-thumbnail taxable shipping-taxable product-type-simple\">\n\t<a href=\"https:\/\/armaganas.com\/en\/product\/bambu-dasso-deck-ctech-tik-rengi\/\" class=\"woocommerce-LoopProduct-link woocommerce-loop-product__link\"><img loading=\"lazy\" decoding=\"async\" width=\"500\" height=\"500\" src=\"https:\/\/armaganas.com\/wp-content\/uploads\/2023\/07\/bambu-Ctech-deck-500x500.jpg\" class=\"attachment-woocommerce_thumbnail size-woocommerce_thumbnail\" alt=\"Bambu Dasso Deck Ctech (Tik Rengi)\" srcset=\"https:\/\/armaganas.com\/wp-content\/uploads\/2023\/07\/bambu-Ctech-deck-500x500.jpg 500w, https:\/\/armaganas.com\/wp-content\/uploads\/2023\/07\/bambu-Ctech-deck-130x130.jpg 130w\" sizes=\"(max-width: 500px) 100vw, 500px\" \/><h2 class=\"woocommerce-loop-product__title\">Bamboo Dasso Deck Ctech (Teak Color)<\/h2>\n<\/a><a href=\"https:\/\/armaganas.com\/en\/product\/bambu-dasso-deck-ctech-tik-rengi\/\" aria-describedby=\"woocommerce_loop_add_to_cart_link_describedby_12200\" data-quantity=\"1\" class=\"button product_type_simple\" data-product_id=\"12200\" data-product_sku=\"Bambu-Dasso-Deck-Ctech\" aria-label=\"Read more about \u201cBambu Dasso Deck Ctech (Tik Rengi)\u201d\" rel=\"nofollow\" data-success_message=\"\" data-no-translation=\"\" data-trp-gettext=\"\" data-no-translation-aria-label=\"\">Read more<\/a>\t<span id=\"woocommerce_loop_add_to_cart_link_describedby_12200\" class=\"screen-reader-text\">\n\t\t\t<\/span>\n<span class=\"gtmkit_product_data\" style=\"display:none;visibility:hidden\" data-gtmkit_product_id=\"12200\" data-gtmkit_product_data=\"{&quot;id&quot;:&quot;12200&quot;,&quot;item_id&quot;:&quot;12200&quot;,&quot;item_name&quot;:&quot;Bambu Dasso Deck Ctech (Tik Rengi)&quot;,&quot;currency&quot;:&quot;TRY&quot;,&quot;price&quot;:0,&quot;google_business_vertical&quot;:&quot;retail&quot;,&quot;item_category&quot;:&quot;Deck Cephe Lambri&quot;,&quot;item_list_name&quot;:&quot;General Product List&quot;,&quot;index&quot;:4}\"><\/span><\/li>\n<li class=\"product type-product post-12202 status-publish first instock product_cat-deck-cephe-lambri has-post-thumbnail taxable shipping-taxable product-type-simple\">\n\t<a href=\"https:\/\/armaganas.com\/en\/product\/bambu-dasso-deck-xtr-koyu-kahve\/\" class=\"woocommerce-LoopProduct-link woocommerce-loop-product__link\"><img loading=\"lazy\" decoding=\"async\" width=\"500\" height=\"500\" src=\"https:\/\/armaganas.com\/wp-content\/uploads\/2023\/07\/bambu-xtr-deck-1.jpg\" class=\"attachment-woocommerce_thumbnail size-woocommerce_thumbnail\" alt=\"Bambu Dasso Deck XTR (Koyu Kahve)\" srcset=\"https:\/\/armaganas.com\/wp-content\/uploads\/2023\/07\/bambu-xtr-deck-1.jpg 500w, https:\/\/armaganas.com\/wp-content\/uploads\/2023\/07\/bambu-xtr-deck-1-12x12.jpg 12w, https:\/\/armaganas.com\/wp-content\/uploads\/2023\/07\/bambu-xtr-deck-1-130x130.jpg 130w\" sizes=\"(max-width: 500px) 100vw, 500px\" \/><h2 class=\"woocommerce-loop-product__title\">Bamboo Dasso Deck XTR (Dark Brown)<\/h2>\n<\/a><a href=\"https:\/\/armaganas.com\/en\/product\/bambu-dasso-deck-xtr-koyu-kahve\/\" aria-describedby=\"woocommerce_loop_add_to_cart_link_describedby_12202\" data-quantity=\"1\" class=\"button product_type_simple\" data-product_id=\"12202\" data-product_sku=\"Bambu-Dasso-Deck-XTR\" aria-label=\"Read more about \u201cBambu Dasso Deck XTR (Koyu Kahve)\u201d\" rel=\"nofollow\" data-success_message=\"\" data-no-translation=\"\" data-trp-gettext=\"\" data-no-translation-aria-label=\"\">Read more<\/a>\t<span id=\"woocommerce_loop_add_to_cart_link_describedby_12202\" class=\"screen-reader-text\">\n\t\t\t<\/span>\n<span class=\"gtmkit_product_data\" style=\"display:none;visibility:hidden\" data-gtmkit_product_id=\"12202\" data-gtmkit_product_data=\"{&quot;id&quot;:&quot;12202&quot;,&quot;item_id&quot;:&quot;12202&quot;,&quot;item_name&quot;:&quot;Bambu Dasso Deck XTR (Koyu Kahve)&quot;,&quot;currency&quot;:&quot;TRY&quot;,&quot;price&quot;:0,&quot;google_business_vertical&quot;:&quot;retail&quot;,&quot;item_category&quot;:&quot;Deck Cephe Lambri&quot;,&quot;item_list_name&quot;:&quot;General Product List&quot;,&quot;index&quot;:5}\"><\/span><\/li>\n<li class=\"product type-product post-13525 status-publish instock product_cat-deck-cephe-lambri has-post-thumbnail taxable shipping-taxable product-type-simple\">\n\t<a href=\"https:\/\/armaganas.com\/en\/product\/cam-lambri\/\" class=\"woocommerce-LoopProduct-link woocommerce-loop-product__link\"><img loading=\"lazy\" decoding=\"async\" width=\"500\" height=\"500\" src=\"https:\/\/armaganas.com\/wp-content\/uploads\/2023\/10\/DSCF9327-Kopya-500x500.jpg\" class=\"attachment-woocommerce_thumbnail size-woocommerce_thumbnail\" alt=\"\u00c7am Lambri\" srcset=\"https:\/\/armaganas.com\/wp-content\/uploads\/2023\/10\/DSCF9327-Kopya-500x500.jpg 500w, https:\/\/armaganas.com\/wp-content\/uploads\/2023\/10\/DSCF9327-Kopya-768x768.jpg 768w, https:\/\/armaganas.com\/wp-content\/uploads\/2023\/10\/DSCF9327-Kopya-1536x1536.jpg 1536w, https:\/\/armaganas.com\/wp-content\/uploads\/2023\/10\/DSCF9327-Kopya-2048x2048.jpg 2048w, https:\/\/armaganas.com\/wp-content\/uploads\/2023\/10\/DSCF9327-Kopya-12x12.jpg 12w, https:\/\/armaganas.com\/wp-content\/uploads\/2023\/10\/DSCF9327-Kopya-600x600.jpg 600w, https:\/\/armaganas.com\/wp-content\/uploads\/2023\/10\/DSCF9327-Kopya-130x130.jpg 130w\" sizes=\"(max-width: 500px) 100vw, 500px\" \/><h2 class=\"woocommerce-loop-product__title\">Pine Cladding<\/h2>\n<\/a><a href=\"https:\/\/armaganas.com\/en\/product\/cam-lambri\/\" aria-describedby=\"woocommerce_loop_add_to_cart_link_describedby_13525\" data-quantity=\"1\" class=\"button product_type_simple\" data-product_id=\"13525\" data-product_sku=\"Ahsap-Cam-Deck-1\" aria-label=\"Read more about \u201c\u00c7am Lambri\u201d\" rel=\"nofollow\" data-success_message=\"\" data-no-translation=\"\" data-trp-gettext=\"\" data-no-translation-aria-label=\"\">Read more<\/a>\t<span id=\"woocommerce_loop_add_to_cart_link_describedby_13525\" class=\"screen-reader-text\">\n\t\t\t<\/span>\n<span class=\"gtmkit_product_data\" style=\"display:none;visibility:hidden\" data-gtmkit_product_id=\"13525\" data-gtmkit_product_data=\"{&quot;id&quot;:&quot;13525&quot;,&quot;item_id&quot;:&quot;13525&quot;,&quot;item_name&quot;:&quot;\\u00c7am Lambri&quot;,&quot;currency&quot;:&quot;TRY&quot;,&quot;price&quot;:0,&quot;google_business_vertical&quot;:&quot;retail&quot;,&quot;item_category&quot;:&quot;Deck Cephe Lambri&quot;,&quot;item_list_name&quot;:&quot;General Product List&quot;,&quot;index&quot;:6}\"><\/span><\/li>\n<li class=\"product type-product post-12199 status-publish instock product_cat-deck-cephe-lambri has-post-thumbnail taxable shipping-taxable product-type-simple\">\n\t<a href=\"https:\/\/armaganas.com\/en\/product\/cam-deck\/\" class=\"woocommerce-LoopProduct-link woocommerce-loop-product__link\"><img loading=\"lazy\" decoding=\"async\" width=\"500\" height=\"500\" src=\"https:\/\/armaganas.com\/wp-content\/uploads\/2023\/07\/ahsap-cam-deck-1.jpg\" class=\"attachment-woocommerce_thumbnail size-woocommerce_thumbnail\" alt=\"\u00c7am Deck\" srcset=\"https:\/\/armaganas.com\/wp-content\/uploads\/2023\/07\/ahsap-cam-deck-1.jpg 500w, https:\/\/armaganas.com\/wp-content\/uploads\/2023\/07\/ahsap-cam-deck-1-12x12.jpg 12w, https:\/\/armaganas.com\/wp-content\/uploads\/2023\/07\/ahsap-cam-deck-1-130x130.jpg 130w\" sizes=\"(max-width: 500px) 100vw, 500px\" \/><h2 class=\"woocommerce-loop-product__title\">Pine Decking<\/h2>\n<\/a><a href=\"https:\/\/armaganas.com\/en\/product\/cam-deck\/\" aria-describedby=\"woocommerce_loop_add_to_cart_link_describedby_12199\" data-quantity=\"1\" class=\"button product_type_simple\" data-product_id=\"12199\" data-product_sku=\"Ahsap-Cam-Deck\" aria-label=\"Read more about \u201c\u00c7am Deck\u201d\" rel=\"nofollow\" data-success_message=\"\" data-no-translation=\"\" data-trp-gettext=\"\" data-no-translation-aria-label=\"\">Read more<\/a>\t<span id=\"woocommerce_loop_add_to_cart_link_describedby_12199\" class=\"screen-reader-text\">\n\t\t\t<\/span>\n<span class=\"gtmkit_product_data\" style=\"display:none;visibility:hidden\" data-gtmkit_product_id=\"12199\" data-gtmkit_product_data=\"{&quot;id&quot;:&quot;12199&quot;,&quot;item_id&quot;:&quot;12199&quot;,&quot;item_name&quot;:&quot;\\u00c7am Deck&quot;,&quot;currency&quot;:&quot;TRY&quot;,&quot;price&quot;:0,&quot;google_business_vertical&quot;:&quot;retail&quot;,&quot;item_category&quot;:&quot;Deck Cephe Lambri&quot;,&quot;item_list_name&quot;:&quot;General Product List&quot;,&quot;index&quot;:7}\"><\/span><\/li>\n<li class=\"product type-product post-12167 status-publish last instock product_cat-deck-cephe-lambri has-post-thumbnail taxable shipping-taxable product-type-simple\">\n\t<a href=\"https:\/\/armaganas.com\/en\/product\/iroko-deck\/\" class=\"woocommerce-LoopProduct-link woocommerce-loop-product__link\"><img loading=\"lazy\" decoding=\"async\" width=\"500\" height=\"500\" src=\"https:\/\/armaganas.com\/wp-content\/uploads\/2023\/07\/iroko-deck-500x500.jpg\" class=\"attachment-woocommerce_thumbnail size-woocommerce_thumbnail\" alt=\"Iroko Deck\" srcset=\"https:\/\/armaganas.com\/wp-content\/uploads\/2023\/07\/iroko-deck-500x500.jpg 500w, https:\/\/armaganas.com\/wp-content\/uploads\/2023\/07\/iroko-deck-100x100.jpg 100w\" sizes=\"(max-width: 500px) 100vw, 500px\" \/><h2 class=\"woocommerce-loop-product__title\">Iroko Decking<\/h2>\n<\/a><a href=\"https:\/\/armaganas.com\/en\/product\/iroko-deck\/\" aria-describedby=\"woocommerce_loop_add_to_cart_link_describedby_12167\" data-quantity=\"1\" class=\"button product_type_simple\" data-product_id=\"12167\" data-product_sku=\"Iroko-Deck\" aria-label=\"Read more about \u201cIroko Deck\u201d\" rel=\"nofollow\" data-success_message=\"\" data-no-translation=\"\" data-trp-gettext=\"\" data-no-translation-aria-label=\"\">Read more<\/a>\t<span id=\"woocommerce_loop_add_to_cart_link_describedby_12167\" class=\"screen-reader-text\">\n\t\t\t<\/span>\n<span class=\"gtmkit_product_data\" style=\"display:none;visibility:hidden\" data-gtmkit_product_id=\"12167\" data-gtmkit_product_data=\"{&quot;id&quot;:&quot;12167&quot;,&quot;item_id&quot;:&quot;12167&quot;,&quot;item_name&quot;:&quot;Iroko Deck&quot;,&quot;currency&quot;:&quot;TRY&quot;,&quot;price&quot;:0,&quot;google_business_vertical&quot;:&quot;retail&quot;,&quot;item_category&quot;:&quot;Deck Cephe Lambri&quot;,&quot;item_list_name&quot;:&quot;General Product List&quot;,&quot;index&quot;:8}\"><\/span><\/li>\n<\/ul>\n   <\/div><\/div>\t\t<\/div>\r\n\t\t\t\t\t\t<\/div>\n\t\t\t\t<\/div>\n\t\t\t\t\t<\/div>\n\t\t\t\t<\/div>\n\t\t\t\t<\/div>","protected":false},"excerpt":{"rendered":"<p>Deck \/ Cephe \/ Lambri Talebe g\u00f6re farkl\u0131 ebat ve profillerde \u00fcretilebilir.Sipari\u015fe g\u00f6re farkl\u0131 cins ah\u015fap, ebat ve profillerde \u00fcretilebilir. Deck Cephe Lambri Devam\u0131n\u0131 oku Quick View Thermowood \u00c7am Cephe Lambri Devam\u0131n\u0131 oku Quick View Thermowood \u00c7am Deck Devam\u0131n\u0131 oku Quick View Thermowood D\u0131\u015fbudak Deck Devam\u0131n\u0131 oku Quick View Bambu Dasso Deck Ctech (Tik Rengi) [&hellip;]<\/p>","protected":false},"author":1,"featured_media":0,"parent":0,"menu_order":0,"comment_status":"closed","ping_status":"closed","template":"","meta":{"footnotes":""},"class_list":["post-12168","page","type-page","status-publish","hentry"],"_links":{"self":[{"href":"https:\/\/armaganas.com\/en\/wp-json\/wp\/v2\/pages\/12168","targetHints":{"allow":["GET"]}}],"collection":[{"href":"https:\/\/armaganas.com\/en\/wp-json\/wp\/v2\/pages"}],"about":[{"href":"https:\/\/armaganas.com\/en\/wp-json\/wp\/v2\/types\/page"}],"author":[{"embeddable":true,"href":"https:\/\/armaganas.com\/en\/wp-json\/wp\/v2\/users\/1"}],"replies":[{"embeddable":true,"href":"https:\/\/armaganas.com\/en\/wp-json\/wp\/v2\/comments?post=12168"}],"version-history":[{"count":0,"href":"https:\/\/armaganas.com\/en\/wp-json\/wp\/v2\/pages\/12168\/revisions"}],"wp:attachment":[{"href":"https:\/\/armaganas.com\/en\/wp-json\/wp\/v2\/media?parent=12168"}],"curies":[{"name":"wp","href":"https:\/\/api.w.org\/{rel}","templated":true}]}}