{"id":11769,"date":"2023-07-14T19:36:44","date_gmt":"2023-07-14T16:36:44","guid":{"rendered":"https:\/\/armaganas.com\/?page_id=11769"},"modified":"2025-02-01T22:20:46","modified_gmt":"2025-02-01T19:20:46","slug":"urunlerimiz","status":"publish","type":"page","link":"https:\/\/armaganas.com\/en\/urunlerimiz\/","title":{"rendered":"Products"},"content":{"rendered":"<div data-elementor-type=\"wp-page\" data-elementor-id=\"11769\" class=\"elementor elementor-11769\">\n\t\t\t\t<div class=\"elementor-element elementor-element-fc28180 e-con-full e-flex e-con e-parent\" data-id=\"fc28180\" data-element_type=\"container\">\n\t\t<div class=\"elementor-element elementor-element-5a335eb e-con-full e-flex e-con e-child\" data-id=\"5a335eb\" data-element_type=\"container\">\n\t\t\t\t<div class=\"elementor-element elementor-element-39cd78a razzi--h-position-left razzi--v-position-middle elementor-widget elementor-widget-razzi-banner\" data-id=\"39cd78a\" data-element_type=\"widget\" data-widget_type=\"razzi-banner.default\">\n\t\t\t\t<div class=\"elementor-widget-container\">\n\t\t\t\t\t<div class=\"razzi-banner\"> <div class=\"razzi-banner__featured-image zoom\"><\/div><div class=\"razzi-banner-content\"><div class=\"razzi-banner-content-inner\"><h4 class=\"razzi-banner-content__title\">Sawn Timber Species<\/h4><div class=\"razzi-banner-button-group\"><a href=\"\/en\/kereste\/\" class=\"razzi-banner-content__button razzi-button button-normal\">Show Products<span class=\"razzi-svg-icon razzi-icon\"><svg aria-hidden=\"true\" role=\"img\" focusable=\"false\" xmlns=\"http:\/\/www.w3.org\/2000\/svg\" width=\"24\" height=\"24\" viewbox=\"0 0 24 24\" fill=\"none\" stroke=\"currentColor\" stroke-width=\"2\" stroke-linecap=\"round\" stroke-linejoin=\"round\"><line x1=\"0\" y1=\"12\" x2=\"19\" y2=\"12\"><\/line><polyline points=\"12 5 19 12 12 19\"><\/polyline><\/svg><\/span><\/a><\/div><\/div><\/div><a href=\"\/en\/kereste\/\" class=\"razzi-banner-content__button-link\"><\/a><\/div>\t\t\t\t<\/div>\n\t\t\t\t<\/div>\n\t\t\t\t<\/div>\n\t\t<div class=\"elementor-element elementor-element-ea430fb e-con-full e-flex e-con e-child\" data-id=\"ea430fb\" data-element_type=\"container\">\n\t\t\t\t<div class=\"elementor-element elementor-element-fef1947 razzi--h-position-left razzi--v-position-middle elementor-widget elementor-widget-razzi-banner\" data-id=\"fef1947\" data-element_type=\"widget\" data-widget_type=\"razzi-banner.default\">\n\t\t\t\t<div class=\"elementor-widget-container\">\n\t\t\t\t\t<div class=\"razzi-banner\"> <div class=\"razzi-banner__featured-image zoom\"><\/div><div class=\"razzi-banner-content\"><div class=\"razzi-banner-content-inner\"><h4 class=\"razzi-banner-content__title\">Decking \/ Facade \/ Cladding<\/h4><div class=\"razzi-banner-button-group\"><a href=\"\/en\/deck-cesitleri\/\" class=\"razzi-banner-content__button razzi-button button-normal\">Show Products<span class=\"razzi-svg-icon razzi-icon\"><svg aria-hidden=\"true\" role=\"img\" focusable=\"false\" xmlns=\"http:\/\/www.w3.org\/2000\/svg\" width=\"24\" height=\"24\" viewbox=\"0 0 24 24\" fill=\"none\" stroke=\"currentColor\" stroke-width=\"2\" stroke-linecap=\"round\" stroke-linejoin=\"round\"><line x1=\"0\" y1=\"12\" x2=\"19\" y2=\"12\"><\/line><polyline points=\"12 5 19 12 12 19\"><\/polyline><\/svg><\/span><\/a><\/div><\/div><\/div><a href=\"\/en\/deck-cesitleri\/\" class=\"razzi-banner-content__button-link\"><\/a><\/div>\t\t\t\t<\/div>\n\t\t\t\t<\/div>\n\t\t\t\t<\/div>\n\t\t<div class=\"elementor-element elementor-element-a9aab1d e-con-full e-flex e-con e-child\" data-id=\"a9aab1d\" data-element_type=\"container\">\n\t\t\t\t<div class=\"elementor-element elementor-element-c3cff1f razzi--h-position-left razzi--v-position-middle elementor-widget elementor-widget-razzi-banner\" data-id=\"c3cff1f\" data-element_type=\"widget\" data-widget_type=\"razzi-banner.default\">\n\t\t\t\t<div class=\"elementor-widget-container\">\n\t\t\t\t\t<div class=\"razzi-banner\"> <div class=\"razzi-banner__featured-image zoom\"><\/div><div class=\"razzi-banner-content\"><div class=\"razzi-banner-content-inner\"><h4 class=\"razzi-banner-content__title\">Solid Panel<\/h4><div class=\"razzi-banner-button-group\"><a href=\"\/en\/masif-panel\/\" class=\"razzi-banner-content__button razzi-button button-normal\">Show Products<span class=\"razzi-svg-icon razzi-icon\"><svg aria-hidden=\"true\" role=\"img\" focusable=\"false\" xmlns=\"http:\/\/www.w3.org\/2000\/svg\" width=\"24\" height=\"24\" viewbox=\"0 0 24 24\" fill=\"none\" stroke=\"currentColor\" stroke-width=\"2\" stroke-linecap=\"round\" stroke-linejoin=\"round\"><line x1=\"0\" y1=\"12\" x2=\"19\" y2=\"12\"><\/line><polyline points=\"12 5 19 12 12 19\"><\/polyline><\/svg><\/span><\/a><\/div><\/div><\/div><a href=\"\/en\/masif-panel\/\" class=\"razzi-banner-content__button-link\"><\/a><\/div>\t\t\t\t<\/div>\n\t\t\t\t<\/div>\n\t\t\t\t<\/div>\n\t\t\t\t<\/div>\n\t\t<div class=\"elementor-element elementor-element-4d2d3b4 e-con-full e-flex e-con e-parent\" data-id=\"4d2d3b4\" data-element_type=\"container\">\n\t\t<div class=\"elementor-element elementor-element-d3041ca e-con-full e-flex e-con e-child\" data-id=\"d3041ca\" data-element_type=\"container\">\n\t\t\t\t<div class=\"elementor-element elementor-element-4a46f37 razzi--h-position-left razzi--v-position-middle elementor-widget elementor-widget-razzi-banner\" data-id=\"4a46f37\" data-element_type=\"widget\" data-widget_type=\"razzi-banner.default\">\n\t\t\t\t<div class=\"elementor-widget-container\">\n\t\t\t\t\t<div class=\"razzi-banner\"> <div class=\"razzi-banner__featured-image zoom\"><\/div><div class=\"razzi-banner-content\"><div class=\"razzi-banner-content-inner\"><h4 class=\"razzi-banner-content__title\">Wood Oils<\/h4><div class=\"razzi-banner-button-group\"><a href=\"\/en\/c\/ic-mekan-yag\/\" class=\"razzi-banner-content__button razzi-button button-normal\">Show Products<span class=\"razzi-svg-icon razzi-icon\"><svg aria-hidden=\"true\" role=\"img\" focusable=\"false\" xmlns=\"http:\/\/www.w3.org\/2000\/svg\" width=\"24\" height=\"24\" viewbox=\"0 0 24 24\" fill=\"none\" stroke=\"currentColor\" stroke-width=\"2\" stroke-linecap=\"round\" stroke-linejoin=\"round\"><line x1=\"0\" y1=\"12\" x2=\"19\" y2=\"12\"><\/line><polyline points=\"12 5 19 12 12 19\"><\/polyline><\/svg><\/span><\/a><\/div><\/div><\/div><a href=\"\/en\/c\/ic-mekan-yag\/\" class=\"razzi-banner-content__button-link\"><\/a><\/div>\t\t\t\t<\/div>\n\t\t\t\t<\/div>\n\t\t\t\t<\/div>\n\t\t<div class=\"elementor-element elementor-element-c019fc4 e-con-full e-flex e-con e-child\" data-id=\"c019fc4\" data-element_type=\"container\">\n\t\t\t\t<div class=\"elementor-element elementor-element-369f54f razzi--v-position-middle elementor-widget elementor-widget-razzi-banner\" data-id=\"369f54f\" data-element_type=\"widget\" data-widget_type=\"razzi-banner.default\">\n\t\t\t\t<div class=\"elementor-widget-container\">\n\t\t\t\t\t<div class=\"razzi-banner\"> <div class=\"razzi-banner__featured-image zoom\"><\/div><div class=\"razzi-banner-content\"><div class=\"razzi-banner-content-inner\"><h4 class=\"razzi-banner-content__title\">Thermowood<\/h4><div class=\"razzi-banner-button-group\"><a href=\"\/en\/thermowood\/\" class=\"razzi-banner-content__button razzi-button button-normal\">Show Products<span class=\"razzi-svg-icon razzi-icon\"><svg aria-hidden=\"true\" role=\"img\" focusable=\"false\" xmlns=\"http:\/\/www.w3.org\/2000\/svg\" width=\"24\" height=\"24\" viewbox=\"0 0 24 24\" fill=\"none\" stroke=\"currentColor\" stroke-width=\"2\" stroke-linecap=\"round\" stroke-linejoin=\"round\"><line x1=\"0\" y1=\"12\" x2=\"19\" y2=\"12\"><\/line><polyline points=\"12 5 19 12 12 19\"><\/polyline><\/svg><\/span><\/a><\/div><\/div><\/div><a href=\"\/en\/thermowood\/\" class=\"razzi-banner-content__button-link\"><\/a><\/div>\t\t\t\t<\/div>\n\t\t\t\t<\/div>\n\t\t\t\t<\/div>\n\t\t<div class=\"elementor-element elementor-element-fff4769 e-con-full e-flex e-con e-child\" data-id=\"fff4769\" data-element_type=\"container\">\n\t\t\t\t<div class=\"elementor-element elementor-element-4965407 razzi--h-position-left razzi--v-position-middle elementor-widget elementor-widget-razzi-banner\" data-id=\"4965407\" data-element_type=\"widget\" data-widget_type=\"razzi-banner.default\">\n\t\t\t\t<div class=\"elementor-widget-container\">\n\t\t\t\t\t<div class=\"razzi-banner\"> <div class=\"razzi-banner__featured-image zoom\"><\/div><div class=\"razzi-banner-content\"><div class=\"razzi-banner-content-inner\"><h4 class=\"razzi-banner-content__title\">Dasso Bamboo<\/h4><div class=\"razzi-banner-button-group\"><a href=\"http:\/\/www.dassoturkiye.com\/\" target=\"_blank\" rel=\"nofollow\" class=\"razzi-banner-content__button razzi-button button-normal\">Show Products<span class=\"razzi-svg-icon razzi-icon\"><svg aria-hidden=\"true\" role=\"img\" focusable=\"false\" xmlns=\"http:\/\/www.w3.org\/2000\/svg\" width=\"24\" height=\"24\" viewbox=\"0 0 24 24\" fill=\"none\" stroke=\"currentColor\" stroke-width=\"2\" stroke-linecap=\"round\" stroke-linejoin=\"round\"><line x1=\"0\" y1=\"12\" x2=\"19\" y2=\"12\"><\/line><polyline points=\"12 5 19 12 12 19\"><\/polyline><\/svg><\/span><\/a><\/div><\/div><\/div><a href=\"http:\/\/www.dassoturkiye.com\/\" target=\"_blank\" rel=\"nofollow\" class=\"razzi-banner-content__button-link\"><\/a><\/div>\t\t\t\t<\/div>\n\t\t\t\t<\/div>\n\t\t\t\t<\/div>\n\t\t\t\t<\/div>\n\t\t\t\t<\/div>","protected":false},"excerpt":{"rendered":"<p>Kereste \u00c7e\u015fitleri \u00dcr\u00fcnleri \u0130ncele Deck \/ Cephe \/ Lambri \u00dcr\u00fcnleri \u0130ncele Masif Panel \u00dcr\u00fcnleri \u0130ncele Ah\u015fap Ya\u011flar\u0131 \u00dcr\u00fcnleri \u0130ncele Thermowood \u00dcr\u00fcnleri \u0130ncele Dasso Bambu \u00dcr\u00fcnleri \u0130ncele<\/p>","protected":false},"author":2,"featured_media":0,"parent":0,"menu_order":0,"comment_status":"closed","ping_status":"closed","template":"","meta":{"footnotes":""},"class_list":["post-11769","page","type-page","status-publish","hentry"],"_links":{"self":[{"href":"https:\/\/armaganas.com\/en\/wp-json\/wp\/v2\/pages\/11769","targetHints":{"allow":["GET"]}}],"collection":[{"href":"https:\/\/armaganas.com\/en\/wp-json\/wp\/v2\/pages"}],"about":[{"href":"https:\/\/armaganas.com\/en\/wp-json\/wp\/v2\/types\/page"}],"author":[{"embeddable":true,"href":"https:\/\/armaganas.com\/en\/wp-json\/wp\/v2\/users\/2"}],"replies":[{"embeddable":true,"href":"https:\/\/armaganas.com\/en\/wp-json\/wp\/v2\/comments?post=11769"}],"version-history":[{"count":0,"href":"https:\/\/armaganas.com\/en\/wp-json\/wp\/v2\/pages\/11769\/revisions"}],"wp:attachment":[{"href":"https:\/\/armaganas.com\/en\/wp-json\/wp\/v2\/media?parent=11769"}],"curies":[{"name":"wp","href":"https:\/\/api.w.org\/{rel}","templated":true}]}}